{"id":281486,"date":"2023-04-20T11:20:12","date_gmt":"2025-06-23T10:12:11","guid":{"rendered":"https:\/\/www.huntersfriend.eu\/product\/alps-outdoorz-upland-jagdweste\/"},"modified":"2025-06-23T12:12:11","modified_gmt":"2025-06-23T10:12:11","slug":"alps-outdoorz-upland-jagdweste","status":"publish","type":"product","link":"https:\/\/www.huntersfriend.eu\/de\/produkt\/alps-outdoorz-upland-jagdweste\/","title":{"rendered":"Alps outdoorz Upland-Jagdweste"},"content":{"rendered":"<p>Ob Sie Anfang September Hasen jagen oder Ende Januar Fasane verfolgen, die leichte, robuste und zuverl\u00e4ssige Upland-Jagdweste mit dem neuen verstellbaren Verschluss ist die erste Wahl f\u00fcr Flugwildj\u00e4ger und Kleinwildj\u00e4ger gleicherma\u00dfen. Die umlaufende Wildtasche fasst m\u00fchelos Ihr Limit, ist von vorne oder hinten zug\u00e4nglich und l\u00e4sst sich zur einfachen Reinigung nach Ihrer erfolgreichen Jagd aufzippen. Zwei Rei\u00dfverschlusstaschen auf der Brust sichern Ihre Wertsachen und bieten Platz f\u00fcr zus\u00e4tzliche Mahlzeiten f\u00fcr Sie und Ihre Hunde auf langen Wanderungen durch das Unterholz. Zwei \u00fcbergro\u00dfe Munitionstaschen an der Vorderseite der Weste verf\u00fcgen \u00fcber 14 individuelle Patronen- und Wechselchokeschlaufen. Beidseitige Wasserflaschentaschen erm\u00f6glichen eine ausreichende Fl\u00fcssigkeitsversorgung.    <\/p>\n<p>\u2022 Leichtes Polyestergewebe<\/p>\n<p>\u2022 Signalfarben-Applikationen<\/p>\n<p>\u2022 Von vorne zu beladende Wildtasche<\/p>\n<p>\u2022 \u00dcbergro\u00dfe Munitionstaschen mit internen Patronenschlaufen<\/p>\n<p>\u2022 Verstellbarer Schnallenverschluss<\/p>\n<p>\u2022 D-Ring f\u00fcr Senderleine und Befestigung zur Fixierung<\/p>\n<p>\u2022 Wasserflaschentaschen<\/p>\n<p>\u2022 D-Ringe f\u00fcr Zubeh\u00f6r<\/p>\n<table border=\"3\">\n<tbody>\n<tr>\n<th colspan=\"2\">S\/M<\/th>\n<\/tr>\n<tr align=\"CENTER\">\n<td><b>Brustumfang<\/b><\/td>\n<td>35 \u201e- 41\u201c<\/td>\n<\/tr>\n<tr align=\"CENTER\">\n<td><b>Gewicht<\/b><\/td>\n<td>510 Gramm <\/td>\n<\/tr>\n<tr>\n<th colspan=\"2\">L\/XL<\/th>\n<\/tr>\n<tr align=\"CENTER\">\n<td><b>Brustumfang<\/b><\/td>\n<td>42 \u201e- 48\u201c<\/td>\n<\/tr>\n<tr align=\"CENTER\">\n<td><b>Gewicht<\/b><\/td>\n<td>544 Gramm <\/td>\n<\/tr>\n<tr>\n<th colspan=\"2\">XXL\/XXXL<\/th>\n<\/tr>\n<tr align=\"CENTER\">\n<td><b>Brustumfang<\/b><\/td>\n<td>49 \u201e- 55\u201c<\/td>\n<\/tr>\n<tr align=\"CENTER\">\n<td><b>Gewicht<\/b><\/td>\n<td>0,6 kg <\/td>\n<\/tr>\n<\/tbody>\n<\/table>\n","protected":false},"excerpt":{"rendered":"<p>Ob Sie Anfang September Hasen jagen oder Ende Januar Fasane verfolgen, die leichte, robuste und zuverl\u00e4ssige Upland-Jagdweste mit dem neuen verstellbaren Verschluss ist die erste Wahl f\u00fcr Flugwildj\u00e4ger und Kleinwildj\u00e4ger gleicherma\u00dfen. Die umlaufende Wildtasche fasst m\u00fchelos Ihr Limit, ist von vorne oder hinten zug\u00e4nglich und l\u00e4sst sich zur einfachen Reinigung nach Ihrer erfolgreichen Jagd aufzippen. [&#8230;]\n","protected":false},"featured_media":246686,"comment_status":"open","ping_status":"closed","template":"","meta":[],"product_brand":[],"product_cat":[1386],"product_tag":[],"class_list":{"0":"post-281486","1":"product","2":"type-product","3":"status-publish","4":"has-post-thumbnail","6":"product_cat-westen","8":"first","9":"instock","10":"taxable","11":"shipping-taxable","12":"purchasable","13":"product-type-variable"},"composite_virtual":false,"composite_layout":"","composite_add_to_cart_form_location":"","composite_editable_in_cart":false,"composite_sold_individually_context":"","composite_shop_price_calc":"","composite_components":[],"composite_scenarios":[],"group_of_quantity":0,"min_quantity":0,"max_quantity":"","exclude_order_quantity_value_rules":"no","exclude_category_quantity_rules":"no","combine_variations":"no","exclude_global_add_ons":[],"addons":[],"_links":{"self":[{"href":"https:\/\/www.huntersfriend.eu\/de\/wp-json\/wp\/v2\/product\/281486","targetHints":{"allow":["GET"]}}],"collection":[{"href":"https:\/\/www.huntersfriend.eu\/de\/wp-json\/wp\/v2\/product"}],"about":[{"href":"https:\/\/www.huntersfriend.eu\/de\/wp-json\/wp\/v2\/types\/product"}],"replies":[{"embeddable":true,"href":"https:\/\/www.huntersfriend.eu\/de\/wp-json\/wp\/v2\/comments?post=281486"}],"wp:featuredmedia":[{"embeddable":true,"href":"https:\/\/www.huntersfriend.eu\/de\/wp-json\/wp\/v2\/media\/246686"}],"wp:attachment":[{"href":"https:\/\/www.huntersfriend.eu\/de\/wp-json\/wp\/v2\/media?parent=281486"}],"wp:term":[{"taxonomy":"product_brand","embeddable":true,"href":"https:\/\/www.huntersfriend.eu\/de\/wp-json\/wp\/v2\/product_brand?post=281486"},{"taxonomy":"product_cat","embeddable":true,"href":"https:\/\/www.huntersfriend.eu\/de\/wp-json\/wp\/v2\/product_cat?post=281486"},{"taxonomy":"product_tag","embeddable":true,"href":"https:\/\/www.huntersfriend.eu\/de\/wp-json\/wp\/v2\/product_tag?post=281486"}],"curies":[{"name":"wp","href":"https:\/\/api.w.org\/{rel}","templated":true}]}}