{"id":281484,"date":"2025-06-23T12:12:10","date_gmt":"2025-06-23T10:12:10","guid":{"rendered":"https:\/\/www.huntersfriend.eu\/product\/hha-tetra-ryz-2510-2-pin\/"},"modified":"2026-03-26T13:45:26","modified_gmt":"2026-03-26T11:45:26","slug":"hha-tetra-ryz-2510-2-pin","status":"publish","type":"product","link":"https:\/\/www.huntersfriend.eu\/de\/produkt\/hha-tetra-ryz-2510-2-pin\/","title":{"rendered":"HHA Tetra RYZ 2510 2-Pin"},"content":{"rendered":"<p>Nach gro\u00dfer Nachfrage vereinen sich zwei Jahrzehnte Einzelpin-Technologie, um das ultimative Visier sowohl f\u00fcr Bogenj\u00e4ger als auch f\u00fcr 3D-Sch\u00fctzen zu bieten. Das Tetra RYZ offeriert die Vorteile eines Mehrpin-Visiers auf HHAs legend\u00e4rer Einzelpin-Plattform. Mit einem geschmeidigen Verstellweg von 5,33 cm verf\u00fcgt das Tetra RYZ \u00fcber die l\u00e4ngsten Entfernungsskalen, die wir je angeboten haben, f\u00fcr eine un\u00fcbertroffene Zielgenauigkeit auf weite Distanzen. Der angemessene Pinabstand erm\u00f6glicht es den Sch\u00fctzen, schnell Anpassungen vorzunehmen, ohne den Bogen absetzen zu m\u00fcssen.   <\/p>\n<ul class=\"acf-repeater-list\">\n<li class=\"acf-repeater-list__item\">4,13 cm Pingeh\u00e4use<\/li>\n<li class=\"acf-repeater-list__item\">Gr\u00fcner Prim\u00e4rpin<\/li>\n<li class=\"acf-repeater-list__item\">Roter oder gelber Sekund\u00e4rpin<\/li>\n<li class=\"acf-repeater-list__item\">.010 oder .019 Pins<\/li>\n<li class=\"acf-repeater-list__item\">Duale Entfernungszeiger<\/li>\n<li class=\"acf-repeater-list__item\">Kompatibel mit blauer Burstbeleuchtung<\/li>\n<li class=\"acf-repeater-list__item\">Linsenkompatibel<\/li>\n<li class=\"acf-repeater-list__item\">Mechanischer Rheostat zur Kontrolle der Pinhelligkeit<\/li>\n<li class=\"acf-repeater-list__item\">Visierring mit integrierter Wasserwaage<\/li>\n<li class=\"acf-repeater-list__item\">Wasserfeste Langdistanz-Entfernungsskalen<\/li>\n<\/ul>\n","protected":false},"excerpt":{"rendered":"<p>2-Pin 4,13 cm Visier mit Rheostat, nur RH. 0,010 Pingr\u00f6\u00dfe <\/p>\n","protected":false},"featured_media":244927,"comment_status":"open","ping_status":"closed","template":"","meta":[],"product_brand":[],"product_cat":[1145],"product_tag":[],"class_list":{"0":"post-281484","1":"product","2":"type-product","3":"status-publish","4":"has-post-thumbnail","6":"product_cat-sonstiges","8":"first","9":"outofstock","10":"taxable","11":"shipping-taxable","12":"product-type-simple"},"composite_virtual":false,"composite_layout":"","composite_add_to_cart_form_location":"","composite_editable_in_cart":false,"composite_sold_individually_context":"","composite_shop_price_calc":"","composite_components":[],"composite_scenarios":[],"group_of_quantity":0,"min_quantity":0,"max_quantity":"","exclude_order_quantity_value_rules":"no","exclude_category_quantity_rules":"no","combine_variations":"no","exclude_global_add_ons":[],"addons":[],"_links":{"self":[{"href":"https:\/\/www.huntersfriend.eu\/de\/wp-json\/wp\/v2\/product\/281484","targetHints":{"allow":["GET"]}}],"collection":[{"href":"https:\/\/www.huntersfriend.eu\/de\/wp-json\/wp\/v2\/product"}],"about":[{"href":"https:\/\/www.huntersfriend.eu\/de\/wp-json\/wp\/v2\/types\/product"}],"replies":[{"embeddable":true,"href":"https:\/\/www.huntersfriend.eu\/de\/wp-json\/wp\/v2\/comments?post=281484"}],"wp:featuredmedia":[{"embeddable":true,"href":"https:\/\/www.huntersfriend.eu\/de\/wp-json\/wp\/v2\/media\/244927"}],"wp:attachment":[{"href":"https:\/\/www.huntersfriend.eu\/de\/wp-json\/wp\/v2\/media?parent=281484"}],"wp:term":[{"taxonomy":"product_brand","embeddable":true,"href":"https:\/\/www.huntersfriend.eu\/de\/wp-json\/wp\/v2\/product_brand?post=281484"},{"taxonomy":"product_cat","embeddable":true,"href":"https:\/\/www.huntersfriend.eu\/de\/wp-json\/wp\/v2\/product_cat?post=281484"},{"taxonomy":"product_tag","embeddable":true,"href":"https:\/\/www.huntersfriend.eu\/de\/wp-json\/wp\/v2\/product_tag?post=281484"}],"curies":[{"name":"wp","href":"https:\/\/api.w.org\/{rel}","templated":true}]}}