{"id":281482,"date":"2023-04-17T13:11:54","date_gmt":"2023-04-17T11:11:54","guid":{"rendered":"https:\/\/www.huntersfriend.eu\/product\/bogen-schlinge-satteltasche-fuer-fleischsucher\/"},"modified":"2026-03-26T13:45:14","modified_gmt":"2026-03-26T11:45:14","slug":"bogen-schlinge-satteltasche-fuer-fleischsucher","status":"publish","type":"product","link":"https:\/\/www.huntersfriend.eu\/de\/produkt\/bogen-schlinge-satteltasche-fuer-fleischsucher\/","title":{"rendered":"Bogen-Schlinge\/Satteltasche f\u00fcr Fleischsucher"},"content":{"rendered":"<p>Die neue Kombination aus Bogen-Schlinge und Satteltasche f\u00fcr Fleischsucher ist das perfekte Werkzeug f\u00fcr leichtes Reisen in Ihr Jagdgebiet. Die Bogen-Schlinge sch\u00fctzt alle wichtigen Teile Ihres kostspieligen Bogens vor \u00c4sten, Schmutz, Witterung und Ihnen selbst. Die vier Aufbewahrungstaschen erinnern an Satteltaschen eines Pferdes, und das System wird durch Schnurzugbindungen an den Bogenarmen befestigt, die den Bogen f\u00fcr lange Strecken sicher an Ort und Stelle halten.  <\/p>\n<p>Die Satteltasche wurde vom HFE-Personal im Feld getestet und hat sich als die beste M\u00f6glichkeit erwiesen, Ihren Bogen, Entfernungsmesser, Wasserflasche, Taschenlampe, Zugseil und zahlreiche andere wichtige Kleinausr\u00fcstungen ohne die Notwendigkeit eines separaten Rucksacks zu transportieren. F\u00fcr den Fall, dass Sie bereits ein Hochsitz- oder Baumsattelsystem auf dem R\u00fccken tragen, ist dies das perfekte Werkzeug, um zum Hochsitzbereich zu gelangen. Es erm\u00f6glicht Ihnen auch, alles in einem Zug in den Hochsitz zu heben. Anschlie\u00dfend dient es als flexible Aufbewahrungsm\u00f6glichkeit zum Aufh\u00e4ngen an beliebigen \u00c4sten oder Baumauslegern. Was k\u00f6nnte man sich mehr w\u00fcnschen?!    <\/p>\n<p>Diese multifunktionale Bogentasche wird Ihr Lieblingszubeh\u00f6r f\u00fcr die Jagd in der n\u00e4chsten Saison sein.<\/p>\n","protected":false},"excerpt":{"rendered":"<p>Die neue Kombination aus Bogen-Schlinge und Satteltasche f\u00fcr Fleischsucher ist das perfekte Werkzeug f\u00fcr leichtes Reisen in Ihr Jagdgebiet. Die Bogen-Schlinge sch\u00fctzt alle wichtigen Teile Ihres kostspieligen Bogens vor \u00c4sten, Schmutz, Witterung und Ihnen selbst. Die vier Aufbewahrungstaschen erinnern an Satteltaschen eines Pferdes, und das System wird durch Schnurzugbindungen an den Bogenarmen befestigt, die den [&#8230;]\n","protected":false},"featured_media":249993,"comment_status":"open","ping_status":"closed","template":"","meta":[],"product_brand":[],"product_cat":[2887,2765,2886],"product_tag":[],"class_list":{"0":"post-281482","1":"product","2":"type-product","3":"status-publish","4":"has-post-thumbnail","6":"product_cat-fodral-och-vaskor","7":"product_cat-fyndlada-slutrea","8":"product_cat-mjuka-fodral-compound","10":"first","11":"instock","12":"sale","13":"featured","14":"taxable","15":"shipping-taxable","16":"purchasable","17":"product-type-simple"},"composite_virtual":false,"composite_layout":"","composite_add_to_cart_form_location":"","composite_editable_in_cart":false,"composite_sold_individually_context":"","composite_shop_price_calc":"","composite_components":[],"composite_scenarios":[],"group_of_quantity":0,"min_quantity":0,"max_quantity":"","exclude_order_quantity_value_rules":"no","exclude_category_quantity_rules":"no","combine_variations":"no","exclude_global_add_ons":[],"addons":[],"_links":{"self":[{"href":"https:\/\/www.huntersfriend.eu\/de\/wp-json\/wp\/v2\/product\/281482","targetHints":{"allow":["GET"]}}],"collection":[{"href":"https:\/\/www.huntersfriend.eu\/de\/wp-json\/wp\/v2\/product"}],"about":[{"href":"https:\/\/www.huntersfriend.eu\/de\/wp-json\/wp\/v2\/types\/product"}],"replies":[{"embeddable":true,"href":"https:\/\/www.huntersfriend.eu\/de\/wp-json\/wp\/v2\/comments?post=281482"}],"wp:featuredmedia":[{"embeddable":true,"href":"https:\/\/www.huntersfriend.eu\/de\/wp-json\/wp\/v2\/media\/249993"}],"wp:attachment":[{"href":"https:\/\/www.huntersfriend.eu\/de\/wp-json\/wp\/v2\/media?parent=281482"}],"wp:term":[{"taxonomy":"product_brand","embeddable":true,"href":"https:\/\/www.huntersfriend.eu\/de\/wp-json\/wp\/v2\/product_brand?post=281482"},{"taxonomy":"product_cat","embeddable":true,"href":"https:\/\/www.huntersfriend.eu\/de\/wp-json\/wp\/v2\/product_cat?post=281482"},{"taxonomy":"product_tag","embeddable":true,"href":"https:\/\/www.huntersfriend.eu\/de\/wp-json\/wp\/v2\/product_tag?post=281482"}],"curies":[{"name":"wp","href":"https:\/\/api.w.org\/{rel}","templated":true}]}}