{"id":281478,"date":"2023-04-17T13:11:53","date_gmt":"2025-06-23T10:12:08","guid":{"rendered":"https:\/\/www.huntersfriend.eu\/product\/bogenschlinge-fuer-jaeger\/"},"modified":"2025-08-08T04:12:12","modified_gmt":"2025-08-08T02:12:12","slug":"bogenschlinge-fuer-jaeger","status":"publish","type":"product","link":"https:\/\/www.huntersfriend.eu\/de\/produkt\/bogenschlinge-fuer-jaeger\/","title":{"rendered":"Bogenschlinge f\u00fcr J\u00e4ger"},"content":{"rendered":"<p><span class=\"jCAhz ChMk0b\"><span class=\"ryNqvb\">Die Meat Seeker Bogenschlinge ist ein aus Neopren gefertigter Bogentr\u00e4ger.<\/span><\/span> <span class=\"jCAhz ChMk0b\"><span class=\"ryNqvb\">Mit dieser leichtgewichtigen und seilf\u00fchrenden Vorrichtung l\u00e4sst sich der Bogen \u00e4u\u00dferst bequem \u00fcber der Schulter transportieren, wobei die Sehne und die Exzenter w\u00e4hrend des Transports gesch\u00fctzt werden.<\/span><\/span><\/p>\n","protected":false},"excerpt":{"rendered":"<p>Die Meat Seeker Bogenschlinge ist ein aus Neopren gefertigter Bogentr\u00e4ger. Mit dieser leichtgewichtigen und seilf\u00fchrenden Vorrichtung l\u00e4sst sich der Bogen \u00e4u\u00dferst bequem \u00fcber der Schulter transportieren, wobei die Sehne und die Exzenter w\u00e4hrend des Transports gesch\u00fctzt werden.<\/p>\n","protected":false},"featured_media":249959,"comment_status":"open","ping_status":"closed","template":"","meta":[],"product_brand":[],"product_cat":[1083],"product_tag":[],"class_list":{"0":"post-281478","1":"product","2":"type-product","3":"status-publish","4":"has-post-thumbnail","6":"product_cat-bogen-taschen-compound","8":"first","9":"instock","10":"taxable","11":"shipping-taxable","12":"purchasable","13":"product-type-simple"},"composite_virtual":false,"composite_layout":"","composite_add_to_cart_form_location":"","composite_editable_in_cart":false,"composite_sold_individually_context":"","composite_shop_price_calc":"","composite_components":[],"composite_scenarios":[],"group_of_quantity":0,"min_quantity":0,"max_quantity":"","exclude_order_quantity_value_rules":"no","exclude_category_quantity_rules":"no","combine_variations":"no","exclude_global_add_ons":[],"addons":[],"_links":{"self":[{"href":"https:\/\/www.huntersfriend.eu\/de\/wp-json\/wp\/v2\/product\/281478","targetHints":{"allow":["GET"]}}],"collection":[{"href":"https:\/\/www.huntersfriend.eu\/de\/wp-json\/wp\/v2\/product"}],"about":[{"href":"https:\/\/www.huntersfriend.eu\/de\/wp-json\/wp\/v2\/types\/product"}],"replies":[{"embeddable":true,"href":"https:\/\/www.huntersfriend.eu\/de\/wp-json\/wp\/v2\/comments?post=281478"}],"wp:featuredmedia":[{"embeddable":true,"href":"https:\/\/www.huntersfriend.eu\/de\/wp-json\/wp\/v2\/media\/249959"}],"wp:attachment":[{"href":"https:\/\/www.huntersfriend.eu\/de\/wp-json\/wp\/v2\/media?parent=281478"}],"wp:term":[{"taxonomy":"product_brand","embeddable":true,"href":"https:\/\/www.huntersfriend.eu\/de\/wp-json\/wp\/v2\/product_brand?post=281478"},{"taxonomy":"product_cat","embeddable":true,"href":"https:\/\/www.huntersfriend.eu\/de\/wp-json\/wp\/v2\/product_cat?post=281478"},{"taxonomy":"product_tag","embeddable":true,"href":"https:\/\/www.huntersfriend.eu\/de\/wp-json\/wp\/v2\/product_tag?post=281478"}],"curies":[{"name":"wp","href":"https:\/\/api.w.org\/{rel}","templated":true}]}}