{"id":281476,"date":"2023-04-17T13:11:52","date_gmt":"2025-06-23T10:12:05","guid":{"rendered":"https:\/\/www.huntersfriend.eu\/product\/fleischsucher-softbogentasche\/"},"modified":"2025-10-29T12:36:10","modified_gmt":"2025-10-29T10:36:10","slug":"fleischsucher-softbogentasche","status":"publish","type":"product","link":"https:\/\/www.huntersfriend.eu\/de\/produkt\/fleischsucher-softbogentasche\/","title":{"rendered":"Fleischsucher-Softbogentasche"},"content":{"rendered":"<p>Die Fleischsucher-Softbogentasche ist eine ger\u00e4umige Softbogentasche f\u00fcr einen modernen Compoundbogen. An der Vorderseite der Bogentasche befindet sich eine lange Tasche f\u00fcr Pfeile und eine kleinere Tasche f\u00fcr Zubeh\u00f6r. Sie k\u00f6nnen die Bogentasche entweder mit einem traditionellen Schulterriemen tragen oder dank der unter der Klappe auf der R\u00fcckseite verborgenen Riemen einfach in ein Rucksackmodell umwandeln.  <\/p>\n<p>Zwei innere Riemen zur Sicherung des Bogens<\/p>\n<p>Interne Nockenschutzpolster<\/p>\n<p>Abmessungen: 103 cm x 42 cm x 12 cm<\/p>\n","protected":false},"excerpt":{"rendered":"<p>Die Fleischsucher-Softbogentasche ist eine ger\u00e4umige Softbogentasche f\u00fcr einen modernen Compoundbogen. An der Vorderseite der Bogentasche befindet sich eine lange Tasche f\u00fcr Pfeile und eine kleinere Tasche f\u00fcr Zubeh\u00f6r. Sie k\u00f6nnen die Bogentasche entweder mit einem traditionellen Schulterriemen tragen oder dank der unter der Klappe auf der R\u00fcckseite verborgenen Riemen einfach in ein Rucksackmodell umwandeln. Zwei [&#8230;]\n","protected":false},"featured_media":248794,"comment_status":"open","ping_status":"closed","template":"","meta":[],"product_brand":[],"product_cat":[1083],"product_tag":[],"class_list":{"0":"post-281476","1":"product","2":"type-product","3":"status-publish","4":"has-post-thumbnail","6":"product_cat-bogen-taschen-compound","7":"product_shipping_class-medium-de","9":"first","10":"instock","11":"featured","12":"taxable","13":"shipping-taxable","14":"purchasable","15":"product-type-simple"},"composite_virtual":false,"composite_layout":"","composite_add_to_cart_form_location":"","composite_editable_in_cart":false,"composite_sold_individually_context":"","composite_shop_price_calc":"","composite_components":[],"composite_scenarios":[],"group_of_quantity":0,"min_quantity":0,"max_quantity":"","exclude_order_quantity_value_rules":"no","exclude_category_quantity_rules":"no","combine_variations":"no","exclude_global_add_ons":[],"addons":[],"_links":{"self":[{"href":"https:\/\/www.huntersfriend.eu\/de\/wp-json\/wp\/v2\/product\/281476","targetHints":{"allow":["GET"]}}],"collection":[{"href":"https:\/\/www.huntersfriend.eu\/de\/wp-json\/wp\/v2\/product"}],"about":[{"href":"https:\/\/www.huntersfriend.eu\/de\/wp-json\/wp\/v2\/types\/product"}],"replies":[{"embeddable":true,"href":"https:\/\/www.huntersfriend.eu\/de\/wp-json\/wp\/v2\/comments?post=281476"}],"wp:featuredmedia":[{"embeddable":true,"href":"https:\/\/www.huntersfriend.eu\/de\/wp-json\/wp\/v2\/media\/248794"}],"wp:attachment":[{"href":"https:\/\/www.huntersfriend.eu\/de\/wp-json\/wp\/v2\/media?parent=281476"}],"wp:term":[{"taxonomy":"product_brand","embeddable":true,"href":"https:\/\/www.huntersfriend.eu\/de\/wp-json\/wp\/v2\/product_brand?post=281476"},{"taxonomy":"product_cat","embeddable":true,"href":"https:\/\/www.huntersfriend.eu\/de\/wp-json\/wp\/v2\/product_cat?post=281476"},{"taxonomy":"product_tag","embeddable":true,"href":"https:\/\/www.huntersfriend.eu\/de\/wp-json\/wp\/v2\/product_tag?post=281476"}],"curies":[{"name":"wp","href":"https:\/\/api.w.org\/{rel}","templated":true}]}}