{"id":281468,"date":"2023-03-16T13:38:20","date_gmt":"2025-06-23T10:12:00","guid":{"rendered":"https:\/\/www.huntersfriend.eu\/product\/hamskea-pfeilauflage-umruestungsset-hunter-rh\/"},"modified":"2025-08-27T06:21:27","modified_gmt":"2025-08-27T04:21:27","slug":"hamskea-pfeilauflage-umruestungsset-hunter-rh","status":"publish","type":"product","link":"https:\/\/www.huntersfriend.eu\/de\/produkt\/hamskea-pfeilauflage-umruestungsset-hunter-rh\/","title":{"rendered":"Hamskea Pfeilauflage-Umr\u00fcstungsset Hunter RH"},"content":{"rendered":"<p>Konvertieren Sie Ihre Trinity oder Hybrid Target Pro Pfeilauflage in eine Jagdpfeilauflage.<\/p>\n<p>Dieses Set beinhaltet:<\/p>\n<ol>\n<li>Die \u00fcberformte Containment-Halterung.<\/li>\n<li>Den \u00fcberformten Launcher.<\/li>\n<li>Gestanzten Filz f\u00fcr den \u00fcberformten Launcher.<\/li>\n<li>Montagematerial.<\/li>\n<li>Einstellschraube f\u00fcr die Launcher-Neigung.<\/li>\n<\/ol>\n","protected":false},"excerpt":{"rendered":"<p>Konvertieren Sie Ihre Trinity oder Hybrid Target Pro Pfeilauflage in eine Jagdpfeilauflage. Dieses Set beinhaltet: Die \u00fcberformte Containment-Halterung. Den \u00fcberformten Launcher. Gestanzten Filz f\u00fcr den \u00fcberformten Launcher. Montagematerial. Einstellschraube f\u00fcr die Launcher-Neigung.<\/p>\n","protected":false},"featured_media":245065,"comment_status":"open","ping_status":"closed","template":"","meta":[],"product_brand":[],"product_cat":[1228,1231],"product_tag":[],"class_list":{"0":"post-281468","1":"product","2":"type-product","3":"status-publish","4":"has-post-thumbnail","6":"product_cat-compound","7":"product_cat-teile-fuer-f","9":"first","10":"onbackorder","11":"taxable","12":"shipping-taxable","13":"purchasable","14":"product-type-simple"},"composite_virtual":false,"composite_layout":"","composite_add_to_cart_form_location":"","composite_editable_in_cart":false,"composite_sold_individually_context":"","composite_shop_price_calc":"","composite_components":[],"composite_scenarios":[],"group_of_quantity":0,"min_quantity":0,"max_quantity":"","exclude_order_quantity_value_rules":"no","exclude_category_quantity_rules":"no","combine_variations":"no","exclude_global_add_ons":[],"addons":[],"_links":{"self":[{"href":"https:\/\/www.huntersfriend.eu\/de\/wp-json\/wp\/v2\/product\/281468","targetHints":{"allow":["GET"]}}],"collection":[{"href":"https:\/\/www.huntersfriend.eu\/de\/wp-json\/wp\/v2\/product"}],"about":[{"href":"https:\/\/www.huntersfriend.eu\/de\/wp-json\/wp\/v2\/types\/product"}],"replies":[{"embeddable":true,"href":"https:\/\/www.huntersfriend.eu\/de\/wp-json\/wp\/v2\/comments?post=281468"}],"wp:featuredmedia":[{"embeddable":true,"href":"https:\/\/www.huntersfriend.eu\/de\/wp-json\/wp\/v2\/media\/245065"}],"wp:attachment":[{"href":"https:\/\/www.huntersfriend.eu\/de\/wp-json\/wp\/v2\/media?parent=281468"}],"wp:term":[{"taxonomy":"product_brand","embeddable":true,"href":"https:\/\/www.huntersfriend.eu\/de\/wp-json\/wp\/v2\/product_brand?post=281468"},{"taxonomy":"product_cat","embeddable":true,"href":"https:\/\/www.huntersfriend.eu\/de\/wp-json\/wp\/v2\/product_cat?post=281468"},{"taxonomy":"product_tag","embeddable":true,"href":"https:\/\/www.huntersfriend.eu\/de\/wp-json\/wp\/v2\/product_tag?post=281468"}],"curies":[{"name":"wp","href":"https:\/\/api.w.org\/{rel}","templated":true}]}}