{"id":281466,"date":"2023-04-13T17:04:38","date_gmt":"2025-06-23T10:11:58","guid":{"rendered":"https:\/\/www.huntersfriend.eu\/product\/g5-sportsman-schaerfgeraet\/"},"modified":"2025-06-23T12:11:58","modified_gmt":"2025-06-23T10:11:58","slug":"g5-sportsman-schaerfgeraet","status":"publish","type":"product","link":"https:\/\/www.huntersfriend.eu\/de\/produkt\/g5-sportsman-schaerfgeraet\/","title":{"rendered":"G5 Sportsman-Sch\u00e4rfger\u00e4t"},"content":{"rendered":"<p>Urspr\u00fcnglich als Werkzeug zum Sch\u00e4rfen von Jagdspitzen und Messern im Feld konzipiert, hat der Sportsman-Sch\u00e4rfer auch bei Hausfrauen und Handwerkern Anklang gefunden. Er ist einfach zu bedienen, und die Karbideins\u00e4tze lassen sich leicht justieren, um \u201eneue\u201c Sch\u00e4rfkanten bereitzustellen. <\/p>\n","protected":false},"excerpt":{"rendered":"<p>Urspr\u00fcnglich als Werkzeug zum Sch\u00e4rfen von Jagdspitzen und Messern im Feld konzipiert, hat der Sportsman-Sch\u00e4rfer auch bei Hausfrauen und Handwerkern Anklang gefunden. Er ist einfach zu bedienen, und die Karbideins\u00e4tze lassen sich leicht justieren, um \u201eneue\u201c Sch\u00e4rfkanten bereitzustellen.<\/p>\n","protected":false},"featured_media":246541,"comment_status":"open","ping_status":"closed","template":"","meta":[],"product_brand":[],"product_cat":[1256,1134],"product_tag":[],"class_list":{"0":"post-281466","1":"product","2":"type-product","3":"status-publish","4":"has-post-thumbnail","6":"product_cat-verschiedenes-bogenschiessen","7":"product_cat-messer-aexte-und-schaerfer","9":"first","10":"instock","11":"taxable","12":"shipping-taxable","13":"purchasable","14":"product-type-simple"},"composite_virtual":false,"composite_layout":"","composite_add_to_cart_form_location":"","composite_editable_in_cart":false,"composite_sold_individually_context":"","composite_shop_price_calc":"","composite_components":[],"composite_scenarios":[],"group_of_quantity":0,"min_quantity":0,"max_quantity":"","exclude_order_quantity_value_rules":"no","exclude_category_quantity_rules":"no","combine_variations":"no","exclude_global_add_ons":[],"addons":[],"_links":{"self":[{"href":"https:\/\/www.huntersfriend.eu\/de\/wp-json\/wp\/v2\/product\/281466","targetHints":{"allow":["GET"]}}],"collection":[{"href":"https:\/\/www.huntersfriend.eu\/de\/wp-json\/wp\/v2\/product"}],"about":[{"href":"https:\/\/www.huntersfriend.eu\/de\/wp-json\/wp\/v2\/types\/product"}],"replies":[{"embeddable":true,"href":"https:\/\/www.huntersfriend.eu\/de\/wp-json\/wp\/v2\/comments?post=281466"}],"wp:featuredmedia":[{"embeddable":true,"href":"https:\/\/www.huntersfriend.eu\/de\/wp-json\/wp\/v2\/media\/246541"}],"wp:attachment":[{"href":"https:\/\/www.huntersfriend.eu\/de\/wp-json\/wp\/v2\/media?parent=281466"}],"wp:term":[{"taxonomy":"product_brand","embeddable":true,"href":"https:\/\/www.huntersfriend.eu\/de\/wp-json\/wp\/v2\/product_brand?post=281466"},{"taxonomy":"product_cat","embeddable":true,"href":"https:\/\/www.huntersfriend.eu\/de\/wp-json\/wp\/v2\/product_cat?post=281466"},{"taxonomy":"product_tag","embeddable":true,"href":"https:\/\/www.huntersfriend.eu\/de\/wp-json\/wp\/v2\/product_tag?post=281466"}],"curies":[{"name":"wp","href":"https:\/\/api.w.org\/{rel}","templated":true}]}}