{"id":281460,"date":"2023-08-29T15:20:15","date_gmt":"2025-06-23T10:00:45","guid":{"rendered":"https:\/\/www.huntersfriend.eu\/product\/huntworth-fairbanks-parka\/"},"modified":"2025-11-28T12:25:02","modified_gmt":"2025-11-28T10:25:02","slug":"huntworth-fairbanks-parka","status":"publish","type":"product","link":"https:\/\/www.huntersfriend.eu\/de\/produkt\/huntworth-fairbanks-parka\/","title":{"rendered":"Huntworth Fairbanks Parka"},"content":{"rendered":"<p><strong>Die schwere, mit Sherpa-Futter versehene Fairbanks-Jacke im Tarnen-Muster<\/strong> h\u00e4lt Sie warm, wenn die Temperaturen sinken. Die Tarnen-Tarnmuster-Wasserdichtjacke ist mit einem hybriden Tarnmuster entworfen und besteht aus einem leisen, stark geb\u00fcrsteten Trikotstoff mit einer winddichten, atmungsaktiven Membran und vollst\u00e4ndig verklebten N\u00e4hten f\u00fcr vollst\u00e4ndige Wasserdichtigkeit. Der Microban\u00ae antimikrobielle Produktschutz auf dem Sherpa-Futter kontrolliert Ihren Geruch und erm\u00f6glicht es Ihnen, selbst bei Gegenwind verborgen zu bleiben.  <\/p>\n<p>Der K\u00f6rper und die Kapuze sind mit einem dicken, weichen Sherpa-Fleece f\u00fcr au\u00dfergew\u00f6hnliche W\u00e4rme gef\u00fcttert. Die \u00c4rmel haben eine Poly-Fill-Isolierung und sind mit weichem Trikot gef\u00fcttert, um das Hineinschl\u00fcpfen in die Jacke zu erleichtern. Die abnehmbare und verstellbare Kapuze mit Rei\u00dfverschluss bietet Flexibilit\u00e4t f\u00fcr zus\u00e4tzliche W\u00e4rme oder weniger Volumen.  <\/p>\n<p>Eine Rei\u00dfverschluss-Sturmklappe vorne mit Druckknopfverschl\u00fcssen h\u00e4lt die K\u00e4lte ab, und zwei mit Sherpa-Fleece gef\u00fctterte Brustw\u00e4rmetaschen sind der perfekte Ort, um Ihre H\u00e4nde warm zu halten. Vier ger\u00e4umige Taschen bieten Ihnen reichlich Stauraum: eine obere Brusttasche mit Rei\u00dfverschluss, eine innere Rei\u00dfverschlusstasche und zwei gro\u00dfe Seitentaschen. Zudem erm\u00f6glicht eine Gurt\u00f6ffnung das Tragen Ihres Baumstand-Gurtes unter unserer schweren Jagdjacke.  <\/p>\n<p>Vertrauen Sie auf unsere strapazierf\u00e4hige Jagdjacke im Tarnen-Muster, um Sie bei der Jagd so lange wie n\u00f6tig komfortabel zu halten.<\/p>\n<h3><b>Eigenschaften:<\/b><\/h3>\n<ul>\n<li><strong>Au\u00dfenmaterial: <\/strong>Schweres geb\u00fcrstetes Trikot mit einer winddichten\/atmungsaktiven Filmmembran. 100% Polyester <\/li>\n<li><strong>Wasserdicht: <\/strong>100% wasserdicht mit versiegelten N\u00e4hten<\/li>\n<li><strong>Futter: <\/strong>Pl\u00fcschiges Sherpa-Fleece im K\u00f6rperbereich und weiches Trikot in den \u00c4rmeln<\/li>\n<li><strong>Geruchskontrolle: <\/strong>Microban\u00ae antimikrobieller Produktschutz auf dem Sherpa-Fleece zur Geruchsreduzierung<\/li>\n<li><strong>Isolierung: <\/strong>Poly-Fill-Isolierung in der gesamten Jacke<\/li>\n<li><strong>Materialgewicht: <\/strong>Ungef\u00e4hr 520g im K\u00f6rperbereich und 485g in den \u00c4rmeln.<\/li>\n<li><strong>Taschen: <\/strong>Zwei Brustw\u00e4rmetaschen sind vollst\u00e4ndig mit Sherpa-Fleece gef\u00fcttert. Zwei gef\u00fctterte gro\u00dfe Seitentaschen mit Sturmklappe und Druckknopfverschluss, eine obere Brusttasche mit Rei\u00dfverschluss und eine innere Brusttasche mit Rei\u00dfverschluss <\/li>\n<li><strong>Kapuze: <\/strong>Abnehmbare, vollst\u00e4ndig gef\u00fctterte Kapuze mit verstellbaren Kordeln<\/li>\n<li><strong>Saum: <\/strong>Verstellbare Kordelz\u00fcge<\/li>\n<li><strong>Rei\u00dfverschluss: <\/strong>Zweiwege-Zugangsrei\u00dfverschluss mit innerer Sturmklappe und Druckknopfverschluss<\/li>\n<li><strong>Besonderes Merkmal: <\/strong>Zugangs\u00f6ffnung f\u00fcr Klettergurt<\/li>\n<li><strong>Gewicht des Kleidungsst\u00fccks: <\/strong>1,54 kg f\u00fcr Gr\u00f6\u00dfe XL.<\/li>\n<li><strong>Empfohlener Temperaturbereich: -18\u00b0C bis 0\u00b0C<\/strong> Grad mit Schichtung nach Bedarf<\/li>\n<\/ul>\n","protected":false},"excerpt":{"rendered":"<p>Die schwere, mit Sherpa-Futter versehene Fairbanks-Jacke im Tarnen-Muster h\u00e4lt Sie warm, wenn die Temperaturen sinken. Die Tarnen-Tarnmuster-Wasserdichtjacke ist mit einem hybriden Tarnmuster entworfen und besteht aus einem leisen, stark geb\u00fcrsteten Trikotstoff mit einer winddichten, atmungsaktiven Membran und vollst\u00e4ndig verklebten N\u00e4hten f\u00fcr vollst\u00e4ndige Wasserdichtigkeit. Der Microban\u00ae antimikrobielle Produktschutz auf dem Sherpa-Futter kontrolliert Ihren Geruch und erm\u00f6glicht [&#8230;]\n","protected":false},"featured_media":253396,"comment_status":"open","ping_status":"closed","template":"","meta":[],"product_brand":[],"product_cat":[1384],"product_tag":[],"class_list":{"0":"post-281460","1":"product","2":"type-product","3":"status-publish","4":"has-post-thumbnail","6":"product_cat-jacken","8":"first","9":"instock","10":"taxable","11":"shipping-taxable","12":"purchasable","13":"product-type-variable"},"composite_virtual":false,"composite_layout":"","composite_add_to_cart_form_location":"","composite_editable_in_cart":false,"composite_sold_individually_context":"","composite_shop_price_calc":"","composite_components":[],"composite_scenarios":[],"group_of_quantity":0,"min_quantity":0,"max_quantity":"","exclude_order_quantity_value_rules":"no","exclude_category_quantity_rules":"no","combine_variations":"no","exclude_global_add_ons":[],"addons":[],"_links":{"self":[{"href":"https:\/\/www.huntersfriend.eu\/de\/wp-json\/wp\/v2\/product\/281460","targetHints":{"allow":["GET"]}}],"collection":[{"href":"https:\/\/www.huntersfriend.eu\/de\/wp-json\/wp\/v2\/product"}],"about":[{"href":"https:\/\/www.huntersfriend.eu\/de\/wp-json\/wp\/v2\/types\/product"}],"replies":[{"embeddable":true,"href":"https:\/\/www.huntersfriend.eu\/de\/wp-json\/wp\/v2\/comments?post=281460"}],"wp:featuredmedia":[{"embeddable":true,"href":"https:\/\/www.huntersfriend.eu\/de\/wp-json\/wp\/v2\/media\/253396"}],"wp:attachment":[{"href":"https:\/\/www.huntersfriend.eu\/de\/wp-json\/wp\/v2\/media?parent=281460"}],"wp:term":[{"taxonomy":"product_brand","embeddable":true,"href":"https:\/\/www.huntersfriend.eu\/de\/wp-json\/wp\/v2\/product_brand?post=281460"},{"taxonomy":"product_cat","embeddable":true,"href":"https:\/\/www.huntersfriend.eu\/de\/wp-json\/wp\/v2\/product_cat?post=281460"},{"taxonomy":"product_tag","embeddable":true,"href":"https:\/\/www.huntersfriend.eu\/de\/wp-json\/wp\/v2\/product_tag?post=281460"}],"curies":[{"name":"wp","href":"https:\/\/api.w.org\/{rel}","templated":true}]}}