{"id":281454,"date":"2023-08-28T18:08:08","date_gmt":"2025-07-18T22:32:17","guid":{"rendered":"https:\/\/www.huntersfriend.eu\/?post_type=product&#038;p=281454"},"modified":"2025-08-12T05:22:18","modified_gmt":"2025-08-12T03:22:18","slug":"huntworth-ashland-langarm-t-shirt","status":"publish","type":"product","link":"https:\/\/www.huntersfriend.eu\/de\/produkt\/huntworth-ashland-langarm-t-shirt\/","title":{"rendered":"Huntworth Ashland Langarm-T-Shirt"},"content":{"rendered":"<p><strong>Das Ashland leichte Langarmhemd in Tarnen ist ein klassisches Jagdkleidungsst\u00fcck, das jeder ben\u00f6tigt.<\/strong> Gefertigt mit einem Hybrid-Tarnmuster ist das Tarnen Tarnmuster-Langarmhemd aus einem weichen 4,2 Unzen Baumwoll-Polyester-Gewebe konstruiert, das einiges aushalten kann.<\/p>\n<p>Das Hemd ist f\u00fcr eine bequeme Passform gro\u00dfz\u00fcgig geschnitten. Es l\u00e4sst sich m\u00fchelos tragen, sei es beim Auskundschaften oder bei der Pflege Ihrer Wild\u00e4cker. <\/p>\n<p>Als unverzichtbares Kleidungsst\u00fcck erweist sich das Hemd im Tarnen-Muster als wahres Arbeitstier.<\/p>\n<h3><b>Eigenschaften:<\/b><\/h3>\n<ul>\n<li><strong>Obermaterial:<\/strong> CVC-Baumwolle 4,2 Unzen Jersey (60% Baumwolle\/40% Polyester) <\/li>\n<li><strong>Passform: <\/strong>Entspannte Passform<\/li>\n<li><strong>Kragen und Manschette: <\/strong>Geripptes Jersey<\/li>\n<li><strong>Halsausschnitt: <\/strong>Etikettenfreier Kragen<\/li>\n<li><strong>Durchschnittliches Gewicht des Kleidungsst\u00fccks:<\/strong> 0,5 Pfund f\u00fcr Gr\u00f6\u00dfe XL.<\/li>\n<\/ul>\n","protected":false},"excerpt":{"rendered":"<p>Das Ashland leichte Langarmhemd in Tarnen ist ein klassisches Jagdkleidungsst\u00fcck, das jeder ben\u00f6tigt. Gefertigt mit einem Hybrid-Tarnmuster ist das Tarnen Tarnmuster-Langarmhemd aus einem weichen 4,2 Unzen Baumwoll-Polyester-Gewebe konstruiert, das einiges aushalten kann. Das Hemd ist f\u00fcr eine bequeme Passform gro\u00dfz\u00fcgig geschnitten. Es l\u00e4sst sich m\u00fchelos tragen, sei es beim Auskundschaften oder bei der Pflege Ihrer [&#8230;]\n","protected":false},"featured_media":253541,"comment_status":"open","ping_status":"closed","template":"","meta":[],"product_brand":[],"product_cat":[1145],"product_tag":[],"class_list":{"0":"post-281454","1":"product","2":"type-product","3":"status-publish","4":"has-post-thumbnail","6":"product_cat-sonstiges","8":"first","9":"instock","10":"taxable","11":"shipping-taxable","12":"purchasable","13":"product-type-variable"},"composite_virtual":false,"composite_layout":"","composite_add_to_cart_form_location":"","composite_editable_in_cart":false,"composite_sold_individually_context":"","composite_shop_price_calc":"","composite_components":[],"composite_scenarios":[],"group_of_quantity":0,"min_quantity":0,"max_quantity":"","exclude_order_quantity_value_rules":"no","exclude_category_quantity_rules":"no","combine_variations":"no","exclude_global_add_ons":[],"addons":[],"_links":{"self":[{"href":"https:\/\/www.huntersfriend.eu\/de\/wp-json\/wp\/v2\/product\/281454","targetHints":{"allow":["GET"]}}],"collection":[{"href":"https:\/\/www.huntersfriend.eu\/de\/wp-json\/wp\/v2\/product"}],"about":[{"href":"https:\/\/www.huntersfriend.eu\/de\/wp-json\/wp\/v2\/types\/product"}],"replies":[{"embeddable":true,"href":"https:\/\/www.huntersfriend.eu\/de\/wp-json\/wp\/v2\/comments?post=281454"}],"wp:featuredmedia":[{"embeddable":true,"href":"https:\/\/www.huntersfriend.eu\/de\/wp-json\/wp\/v2\/media\/253541"}],"wp:attachment":[{"href":"https:\/\/www.huntersfriend.eu\/de\/wp-json\/wp\/v2\/media?parent=281454"}],"wp:term":[{"taxonomy":"product_brand","embeddable":true,"href":"https:\/\/www.huntersfriend.eu\/de\/wp-json\/wp\/v2\/product_brand?post=281454"},{"taxonomy":"product_cat","embeddable":true,"href":"https:\/\/www.huntersfriend.eu\/de\/wp-json\/wp\/v2\/product_cat?post=281454"},{"taxonomy":"product_tag","embeddable":true,"href":"https:\/\/www.huntersfriend.eu\/de\/wp-json\/wp\/v2\/product_tag?post=281454"}],"curies":[{"name":"wp","href":"https:\/\/api.w.org\/{rel}","templated":true}]}}