{"id":281449,"date":"2023-08-21T10:45:03","date_gmt":"2025-06-23T10:00:43","guid":{"rendered":"https:\/\/www.huntersfriend.eu\/product\/huntworth-winsted-hose\/"},"modified":"2025-08-12T05:22:19","modified_gmt":"2025-08-12T03:22:19","slug":"huntworth-winsted-hose","status":"publish","type":"product","link":"https:\/\/www.huntersfriend.eu\/de\/produkt\/huntworth-winsted-hose\/","title":{"rendered":"Huntworth Winsted Hose"},"content":{"rendered":"<p>Die leichten, wasserdichten Herren-Regenhosen Winsted in Tarnen halten Sie bei allen nassen Wetterbedingungen trocken. Sie sind kompakt zusammenfaltbar und lassen sich m\u00fchelos mit Ihrer anderen Ausr\u00fcstung in Ihren Rucksack verstauen. <\/p>\n<p><strong>Die leichten, wasserdichten Winsted Trikot-Regenhosen in Tarnen<\/strong> wurden speziell entwickelt, um N\u00e4sse fernzuhalten und Trockenheit zu bewahren. Gefertigt mit einem hybriden Tarnmuster, sind die Tarnen-Tarnhosen mit einer winddichten\/atmungsaktiven Filmmembran versehen, die an die weiche Trikot-Au\u00dfenschicht gebunden ist. Sie verf\u00fcgen \u00fcber vollst\u00e4ndig verschwei\u00dfte N\u00e4hte, um jegliche Undichtigkeiten auszuschlie\u00dfen, sowie ein atmungsaktives Netzfutter. Mit diesen wasserdichten Jagdhosen sind Sie f\u00fcr alle Eventualit\u00e4ten ger\u00fcstet.   <\/p>\n<p>Eine Vielzahl von Taschen an der Vorder-, R\u00fcck- und Seitenpartie dieser Hosen bietet Ihnen reichlich Stauraum. Seitliche Rei\u00dfverschl\u00fcsse mit Sturmklappe gew\u00e4hrleisten ein zus\u00e4tzliches Ma\u00df an Wetterschutz und erleichtern das An- und Ausziehen \u00fcber Stiefel. Der Hosenbund ist mit 4 G\u00fcrtelschlaufen f\u00fcr eine optimale Passform ausgestattet.  <\/p>\n<p>Sie m\u00fcssen sich nie Sorgen um N\u00e4sse machen &#8211; die Jagdregenhosen im Tarnen-Muster erf\u00fcllen alle Anforderungen. Lassen Sie sich nicht unvorbereitet vom Regen \u00fcberraschen! <\/p>\n","protected":false},"excerpt":{"rendered":"<p>Die leichten, wasserdichten Herren-Regenhosen Winsted in Tarnen halten Sie bei allen nassen Wetterbedingungen trocken. Sie sind kompakt zusammenfaltbar und lassen sich m\u00fchelos mit Ihrer anderen Ausr\u00fcstung in Ihren Rucksack verstauen. Die leichten, wasserdichten Winsted Trikot-Regenhosen in Tarnen wurden speziell entwickelt, um N\u00e4sse fernzuhalten und Trockenheit zu bewahren. Gefertigt mit einem hybriden Tarnmuster, sind die Tarnen-Tarnhosen [&#8230;]\n","protected":false},"featured_media":252165,"comment_status":"open","ping_status":"closed","template":"","meta":[],"product_brand":[],"product_cat":[1128],"product_tag":[],"class_list":{"0":"post-281449","1":"product","2":"type-product","3":"status-publish","4":"has-post-thumbnail","6":"product_cat-hosen","8":"first","9":"instock","10":"taxable","11":"shipping-taxable","12":"purchasable","13":"product-type-variable"},"composite_virtual":false,"composite_layout":"","composite_add_to_cart_form_location":"","composite_editable_in_cart":false,"composite_sold_individually_context":"","composite_shop_price_calc":"","composite_components":[],"composite_scenarios":[],"group_of_quantity":0,"min_quantity":0,"max_quantity":"","exclude_order_quantity_value_rules":"no","exclude_category_quantity_rules":"no","combine_variations":"no","exclude_global_add_ons":[],"addons":[],"_links":{"self":[{"href":"https:\/\/www.huntersfriend.eu\/de\/wp-json\/wp\/v2\/product\/281449","targetHints":{"allow":["GET"]}}],"collection":[{"href":"https:\/\/www.huntersfriend.eu\/de\/wp-json\/wp\/v2\/product"}],"about":[{"href":"https:\/\/www.huntersfriend.eu\/de\/wp-json\/wp\/v2\/types\/product"}],"replies":[{"embeddable":true,"href":"https:\/\/www.huntersfriend.eu\/de\/wp-json\/wp\/v2\/comments?post=281449"}],"wp:featuredmedia":[{"embeddable":true,"href":"https:\/\/www.huntersfriend.eu\/de\/wp-json\/wp\/v2\/media\/252165"}],"wp:attachment":[{"href":"https:\/\/www.huntersfriend.eu\/de\/wp-json\/wp\/v2\/media?parent=281449"}],"wp:term":[{"taxonomy":"product_brand","embeddable":true,"href":"https:\/\/www.huntersfriend.eu\/de\/wp-json\/wp\/v2\/product_brand?post=281449"},{"taxonomy":"product_cat","embeddable":true,"href":"https:\/\/www.huntersfriend.eu\/de\/wp-json\/wp\/v2\/product_cat?post=281449"},{"taxonomy":"product_tag","embeddable":true,"href":"https:\/\/www.huntersfriend.eu\/de\/wp-json\/wp\/v2\/product_tag?post=281449"}],"curies":[{"name":"wp","href":"https:\/\/api.w.org\/{rel}","templated":true}]}}