{"id":281444,"date":"2023-08-21T10:45:01","date_gmt":"2025-06-23T10:00:42","guid":{"rendered":"https:\/\/www.huntersfriend.eu\/product\/huntworth-winsted-jacke\/"},"modified":"2025-08-12T05:22:19","modified_gmt":"2025-08-12T03:22:19","slug":"huntworth-winsted-jacke","status":"publish","type":"product","link":"https:\/\/www.huntersfriend.eu\/de\/produkt\/huntworth-winsted-jacke\/","title":{"rendered":"Huntworth Winsted Jacke"},"content":{"rendered":"<p>Die Herren Winsted leichte wasserdichte Regenjacke in Tarnen h\u00e4lt Sie bei allen nassen Wetterbedingungen trocken. Sie ist komprimierbar und l\u00e4sst sich leicht mit Ihrer anderen Ausr\u00fcstung in Ihren Rucksack packen. <\/p>\n<p><strong>Die Winsted leichte wasserdichte Trikot-Regenjacke in Tarnen<\/strong> wurde ausdr\u00fccklich entwickelt, um N\u00e4sse fernzuhalten und Trockenheit zu bewahren. Gefertigt mit einem hybriden Tarnmuster, ist die Tarnen Camouflage-Jacke mit einer winddichten\/atmungsaktiven Filmmembran ausgestattet, die an die weiche Trikot-Au\u00dfenschicht gebondet ist. Sie verf\u00fcgt \u00fcber 100% versiegelte N\u00e4hte, um alle m\u00f6glichen Undichtigkeiten auszuschlie\u00dfen, sowie ein atmungsaktives Netzfutter. Diese wasserdichte Jagdjacke ist konzipiert, um auch dem nassesten Wetter standzuhalten.   <\/p>\n<p><strong>Die Winsted leichte wasserdichte Trikot-Regenjacke in Tarnen<\/strong> wurde ausdr\u00fccklich entwickelt, um N\u00e4sse fernzuhalten und Trockenheit zu bewahren. Gefertigt mit einem hybriden Tarnmuster, ist die Tarnen Camouflage-Jacke mit einer winddichten\/atmungsaktiven Filmmembran ausgestattet, die an die weiche Trikot-Au\u00dfenschicht gebondet ist. Sie verf\u00fcgt \u00fcber 100% versiegelte N\u00e4hte, um alle m\u00f6glichen Undichtigkeiten auszuschlie\u00dfen, sowie ein atmungsaktives Netzfutter. Diese wasserdichte Jagdjacke ist konzipiert, um auch dem nassesten Wetter standzuhalten.   <\/p>\n","protected":false},"excerpt":{"rendered":"<p>Die Herren Winsted leichte wasserdichte Regenjacke in Tarnen h\u00e4lt Sie bei allen nassen Wetterbedingungen trocken. Sie ist komprimierbar und l\u00e4sst sich leicht mit Ihrer anderen Ausr\u00fcstung in Ihren Rucksack packen. Die Winsted leichte wasserdichte Trikot-Regenjacke in Tarnen wurde ausdr\u00fccklich entwickelt, um N\u00e4sse fernzuhalten und Trockenheit zu bewahren. Gefertigt mit einem hybriden Tarnmuster, ist die Tarnen [&#8230;]\n","protected":false},"featured_media":252179,"comment_status":"open","ping_status":"closed","template":"","meta":[],"product_brand":[],"product_cat":[1384],"product_tag":[],"class_list":{"0":"post-281444","1":"product","2":"type-product","3":"status-publish","4":"has-post-thumbnail","6":"product_cat-jacken","8":"first","9":"instock","10":"taxable","11":"shipping-taxable","12":"purchasable","13":"product-type-variable"},"composite_virtual":false,"composite_layout":"","composite_add_to_cart_form_location":"","composite_editable_in_cart":false,"composite_sold_individually_context":"","composite_shop_price_calc":"","composite_components":[],"composite_scenarios":[],"group_of_quantity":0,"min_quantity":0,"max_quantity":"","exclude_order_quantity_value_rules":"no","exclude_category_quantity_rules":"no","combine_variations":"no","exclude_global_add_ons":[],"addons":[],"_links":{"self":[{"href":"https:\/\/www.huntersfriend.eu\/de\/wp-json\/wp\/v2\/product\/281444","targetHints":{"allow":["GET"]}}],"collection":[{"href":"https:\/\/www.huntersfriend.eu\/de\/wp-json\/wp\/v2\/product"}],"about":[{"href":"https:\/\/www.huntersfriend.eu\/de\/wp-json\/wp\/v2\/types\/product"}],"replies":[{"embeddable":true,"href":"https:\/\/www.huntersfriend.eu\/de\/wp-json\/wp\/v2\/comments?post=281444"}],"wp:featuredmedia":[{"embeddable":true,"href":"https:\/\/www.huntersfriend.eu\/de\/wp-json\/wp\/v2\/media\/252179"}],"wp:attachment":[{"href":"https:\/\/www.huntersfriend.eu\/de\/wp-json\/wp\/v2\/media?parent=281444"}],"wp:term":[{"taxonomy":"product_brand","embeddable":true,"href":"https:\/\/www.huntersfriend.eu\/de\/wp-json\/wp\/v2\/product_brand?post=281444"},{"taxonomy":"product_cat","embeddable":true,"href":"https:\/\/www.huntersfriend.eu\/de\/wp-json\/wp\/v2\/product_cat?post=281444"},{"taxonomy":"product_tag","embeddable":true,"href":"https:\/\/www.huntersfriend.eu\/de\/wp-json\/wp\/v2\/product_tag?post=281444"}],"curies":[{"name":"wp","href":"https:\/\/api.w.org\/{rel}","templated":true}]}}