{"id":281443,"date":"2023-08-30T09:34:03","date_gmt":"2025-06-23T10:00:41","guid":{"rendered":"https:\/\/www.huntersfriend.eu\/product\/cbe-tactic-3-pin\/"},"modified":"2025-08-03T05:56:13","modified_gmt":"2025-08-03T03:56:13","slug":"cbe-tactic-3-pin","status":"publish","type":"product","link":"https:\/\/www.huntersfriend.eu\/de\/produkt\/cbe-tactic-3-pin\/","title":{"rendered":"CBE TACTIC 3 PIN"},"content":{"rendered":"<ul>\n<li>Intelligente Halterung mit Mehrfachpositionierung<\/li>\n<li>H\u00f6henverstellung &#8211; werkzeuglose H\u00f6henverstellung mit visuellen, lasergravierten Markierungen f\u00fcr pr\u00e4zise Einstellungen<\/li>\n<li>Seitenverstellung &#8211; werkzeuglose Seitenverstellung mit visuellen, lasergravierten Markierungen f\u00fcr pr\u00e4zise Einstellungen<\/li>\n<li>Verf\u00fcgbar mit einem 3-Pin-Geh\u00e4use, das f\u00fcr Einstellungen lasergraviert ist<\/li>\n<li>.019&#8243; Klingenstifte<\/li>\n<li>Fluoreszierender Peep-Ausrichtungsring<\/li>\n<li>Konzipiert f\u00fcr Linksh\u00e4nder durch Umklappen<\/li>\n<\/ul>\n<p><em><strong>Produktgewicht: 7,1 Unzen<\/strong><\/em><\/p>\n<table class=\"hunting-sights\">\n<thead>\n<tr>\n<th class=\"th-bold\">JAGDVISIERE VERGLEICHEN<\/th>\n<th class=\"th-bold\">TACTIC<\/th>\n<th class=\"th-bold\">TACTIC MICRO<\/th>\n<th class=\"th-bold\">ENGAGE HYBRID<\/th>\n<th class=\"th-bold\">ENGAGE MICRO<\/th>\n<\/tr>\n<\/thead>\n<tbody>\n<tr>\n<td class=\"\">Austauschbare, lasergravierte Aluminium-Entfernungsskalen<\/td>\n<td class=\"blank\">\u2715<\/td>\n<td class=\"blank\">\u2715<\/td>\n<td class=\"check\">\u2713<\/td>\n<td class=\"blank\">\u2715<\/td>\n<\/tr>\n<tr>\n<td class=\"\">Nach hinten gerichtetes Sichtband<\/td>\n<td class=\"blank\">\u2715<\/td>\n<td class=\"blank\">\u2715<\/td>\n<td class=\"check\">\u2713<\/td>\n<td class=\"blank\">\u2715<\/td>\n<\/tr>\n<tr>\n<td class=\"\">Gravierte H\u00f6henmarkierungen<\/td>\n<td class=\"check\">\u2713<\/td>\n<td class=\"check\">\u2713<\/td>\n<td class=\"blank\">\u2715<\/td>\n<td class=\"check\">\u2713<\/td>\n<\/tr>\n<tr>\n<td class=\"\">Schwalbenschwanz-Halterung<\/td>\n<td class=\"blank\">\u2715<\/td>\n<td class=\"blank\">\u2715<\/td>\n<td class=\"check\">\u2713<\/td>\n<td class=\"check\">\u2713<\/td>\n<\/tr>\n<tr>\n<td class=\"\">Intelligente Halterung<\/td>\n<td class=\"check\">\u2713<\/td>\n<td class=\"check\">\u2713<\/td>\n<td class=\"blank\">\u2715<\/td>\n<td class=\"blank\">\u2715<\/td>\n<\/tr>\n<tr>\n<td class=\"\">Vollst\u00e4ndig maschinell bearbeitete Aluminiumkonstruktion<\/td>\n<td class=\"blank\">\u2715<\/td>\n<td class=\"blank\">\u2715<\/td>\n<td class=\"blank\">\u2715<\/td>\n<td class=\"check\">\u2713<\/td>\n<\/tr>\n<tr>\n<td class=\"\">Gesch\u00fctztes Fasermanagement-System<\/td>\n<td class=\"check\">\u2713<\/td>\n<td class=\"check\">\u2713<\/td>\n<td class=\"check\">\u2713<\/td>\n<td class=\"check\">\u2713<\/td>\n<\/tr>\n<tr>\n<td class=\"\">Mikro-Seitenverstelleinheit mit lasergravierten Markierungen<\/td>\n<td class=\"blank\">\u2715<\/td>\n<td class=\"check\">\u2713<\/td>\n<td class=\"check\">\u2713<\/td>\n<td class=\"check\">\u2713<\/td>\n<\/tr>\n<tr>\n<td class=\"\">Ergonomischer, \u00fcbergro\u00dfer Rapid Drive-Knopf f\u00fcr sicheren, einfachen Griff<\/td>\n<td class=\"blank\">\u2715<\/td>\n<td class=\"blank\">\u2715<\/td>\n<td class=\"check\">\u2713<\/td>\n<td class=\"blank\">\u2715<\/td>\n<\/tr>\n<tr>\n<td class=\"\">Vollst\u00e4ndig mikroeinstellbar &#8211; hochpr\u00e4zise Yard-genaue Einstellung<\/td>\n<td class=\"blank\">\u2715<\/td>\n<td class=\"blank\">\u2715<\/td>\n<td class=\"check\">\u2713<\/td>\n<td class=\"blank\">\u2715<\/td>\n<\/tr>\n<tr>\n<td class=\"\">3. Achsen-Nivellierung<\/td>\n<td class=\"blank\">\u2715<\/td>\n<td class=\"blank\">\u2715<\/td>\n<td class=\"check\">\u2713<\/td>\n<td class=\"check\">\u2713<\/td>\n<\/tr>\n<tr>\n<td class=\"\">2. Achsen-Nivellierung<\/td>\n<td class=\"check\">\u2713<\/td>\n<td class=\"check\">\u2713<\/td>\n<td class=\"check\">\u2713<\/td>\n<td class=\"check\">\u2713<\/td>\n<\/tr>\n<tr>\n<td class=\"\">Werkzeuglose Einstellung<\/td>\n<td class=\"check\">\u2713<\/td>\n<td class=\"check\">\u2713<\/td>\n<td class=\"check\">\u2713<\/td>\n<td class=\"check\">\u2713<\/td>\n<\/tr>\n<tr>\n<td class=\"\">Geschlossenes Rheostat-Licht zur einstellbaren Pin-Helligkeit<\/td>\n<td class=\"blank\">\u2715<\/td>\n<td class=\"check\">\u2713<\/td>\n<td class=\"check\">\u2713<\/td>\n<td class=\"check\">\u2713<\/td>\n<\/tr>\n<tr>\n<td class=\"\">Feinspitzige Anzeigenadel aus Edelstahl<\/td>\n<td class=\"blank\">\u2715<\/td>\n<td class=\"blank\">\u2715<\/td>\n<td class=\"check\">\u2713<\/td>\n<td class=\"blank\">\u2715<\/td>\n<\/tr>\n<tr>\n<td class=\"\">Standardstifte verf\u00fcgbar in .010 oder .019<\/td>\n<td class=\"blank\">Nur .019<\/td>\n<td class=\"blank\">Nur .019<\/td>\n<td class=\"check\">\u2713<\/td>\n<td class=\"check\">\u2713<\/td>\n<\/tr>\n<tr>\n<td class=\"\">Mikro-Pin-Justierung aktivieren<\/td>\n<td class=\"blank\">\u2715<\/td>\n<td class=\"blank\">\u2715<\/td>\n<td class=\"check\">\u2713<\/td>\n<td class=\"check\">\u2713<\/td>\n<\/tr>\n<tr>\n<td class=\"\">Klingenstifte<\/td>\n<td class=\"check\">\u2713<\/td>\n<td class=\"check\">\u2713<\/td>\n<td class=\"check\">\u2713<\/td>\n<td class=\"check\">\u2713<\/td>\n<\/tr>\n<tr>\n<td class=\"\">Rhino-Stifte<\/td>\n<td class=\"blank\">\u2715<\/td>\n<td class=\"blank\">\u2715<\/td>\n<td class=\"blank\">\u2715<\/td>\n<td class=\"blank\">\u2715<\/td>\n<\/tr>\n<\/tbody>\n<\/table>\n","protected":false},"excerpt":{"rendered":"<p>3 PIN .019 \/ SCHWARZ RH\/LH<\/p>\n","protected":false},"featured_media":253353,"comment_status":"open","ping_status":"closed","template":"","meta":[],"product_brand":[],"product_cat":[1119],"product_tag":[],"class_list":{"0":"post-281443","1":"product","2":"type-product","3":"status-publish","4":"has-post-thumbnail","6":"product_cat-jagd-visiere","8":"first","9":"onbackorder","10":"taxable","11":"shipping-taxable","12":"purchasable","13":"product-type-simple"},"composite_virtual":false,"composite_layout":"","composite_add_to_cart_form_location":"","composite_editable_in_cart":false,"composite_sold_individually_context":"","composite_shop_price_calc":"","composite_components":[],"composite_scenarios":[],"group_of_quantity":0,"min_quantity":0,"max_quantity":"","exclude_order_quantity_value_rules":"no","exclude_category_quantity_rules":"no","combine_variations":"no","exclude_global_add_ons":[],"addons":[],"_links":{"self":[{"href":"https:\/\/www.huntersfriend.eu\/de\/wp-json\/wp\/v2\/product\/281443","targetHints":{"allow":["GET"]}}],"collection":[{"href":"https:\/\/www.huntersfriend.eu\/de\/wp-json\/wp\/v2\/product"}],"about":[{"href":"https:\/\/www.huntersfriend.eu\/de\/wp-json\/wp\/v2\/types\/product"}],"replies":[{"embeddable":true,"href":"https:\/\/www.huntersfriend.eu\/de\/wp-json\/wp\/v2\/comments?post=281443"}],"wp:featuredmedia":[{"embeddable":true,"href":"https:\/\/www.huntersfriend.eu\/de\/wp-json\/wp\/v2\/media\/253353"}],"wp:attachment":[{"href":"https:\/\/www.huntersfriend.eu\/de\/wp-json\/wp\/v2\/media?parent=281443"}],"wp:term":[{"taxonomy":"product_brand","embeddable":true,"href":"https:\/\/www.huntersfriend.eu\/de\/wp-json\/wp\/v2\/product_brand?post=281443"},{"taxonomy":"product_cat","embeddable":true,"href":"https:\/\/www.huntersfriend.eu\/de\/wp-json\/wp\/v2\/product_cat?post=281443"},{"taxonomy":"product_tag","embeddable":true,"href":"https:\/\/www.huntersfriend.eu\/de\/wp-json\/wp\/v2\/product_tag?post=281443"}],"curies":[{"name":"wp","href":"https:\/\/api.w.org\/{rel}","templated":true}]}}