{"id":281442,"date":"2023-08-29T15:20:14","date_gmt":"2025-06-23T09:59:52","guid":{"rendered":"https:\/\/www.huntersfriend.eu\/product\/huntworth-performance-lubec-sturmhaube\/"},"modified":"2025-10-19T18:22:43","modified_gmt":"2025-10-19T16:22:43","slug":"huntworth-performance-lubec-sturmhaube","status":"publish","type":"product","link":"https:\/\/www.huntersfriend.eu\/de\/produkt\/huntworth-performance-lubec-sturmhaube\/","title":{"rendered":"Huntworth Performance Lubec Sturmhaube"},"content":{"rendered":"<p><strong>Sch\u00fctzen Sie Ihren Kopf, Ihr Gesicht und Ihren Nacken vor K\u00e4lte mit der Lubec Softshell-Sturmhaube im Tarnen-Tarnmuster.<\/strong> Diese Jagd-Sturmhaube, ausgestattet mit Heat Boost Graphen-Technologie, geh\u00f6rt in jede Jagdtasche. \u00dcberraschend d\u00fcnn, bietet sie eine beachtliche W\u00e4rmeleistung ohne die traditionelle Sperrigkeit anderer K\u00e4lteschutz-Sturmhauben. Das Einweben von <a href=\"https:\/\/huntworthgear.com\/graphene-technology-heat-boost\"><strong>Graphen-Garn<\/strong><\/a> in unser Sherpa-Futter verleiht einem herk\u00f6mmlichen Material zus\u00e4tzliche thermische Leitf\u00e4higkeit, Feuchtigkeitsableitung und antimikrobielle Eigenschaften, die dem Graphen inh\u00e4rent sind. Im Wesentlichen haben wir ein warmes Material genommen und es noch w\u00e4rmer gemacht \u2013 um 30% w\u00e4rmer. Es ist eine W\u00e4rme, die Sie tats\u00e4chlich sp\u00fcren k\u00f6nnen.    <\/p>\n<p>Die Jagd-Sturmhaube ist aus einem gepeachten Stretch-Jersey gefertigt, das mit einer DWR-Ausr\u00fcstung zur Feuchtigkeitsabweisung behandelt wurde. Es ist mit Heat Boost Graphen-Sherpa verbunden, einer neuen Generation verbesserter Stoffe. Die Dehnbarkeit des verbundenen Materials und das Design gew\u00e4hrleisten, dass sich die Sturmhaube Ihrer Kopfform anpasst, sodass sie sich mit Ihnen bewegt und volle periphere Sicht erm\u00f6glicht. Stecken Sie das verl\u00e4ngerte Vorderteil in Ihre Jacke, um die W\u00e4rme einzuschlie\u00dfen und die K\u00e4lte auszusperren. Ein Schlitz \u00fcber dem Mundbereich erleichtert das Atmen.    <\/p>\n<p>Graphen ver\u00e4ndert die Art und Weise, wie wir extrem warme, dennoch d\u00fcnne K\u00e4lteschutzaccessoires herstellen. Mit dieser Heat Boost Jagd-Sturmhaube im Tarnen-Tarnmuster k\u00f6nnen Sie l\u00e4nger drau\u00dfen bleiben und bis sp\u00e4ter in die Saison hinein jagen, unabh\u00e4ngig von der Temperatur. <\/p>\n<h3><b>Eigenschaften:<\/b><\/h3>\n<ul>\n<li><strong>Au\u00dfenmaterial: <\/strong>Zweischichtiger Stoff, bestehend aus vierwegdehnbarem, gepeachtem Polyester-Strick, verbunden mit Heat Boost Graphen-Sherpa<\/li>\n<li><strong>Heat Boost Graphen-Technologie:<\/strong> Eine Reihe verbesserter Stoffe, die mit der thermischen Leitf\u00e4higkeit, Feuchtigkeitsableitung und antimikrobiellen Eigenschaften von Graphen angereichert sind<\/li>\n<li><strong>DWR: <\/strong>Dauerhafte wasserabweisende (DWR) Ausr\u00fcstung auf der Stoffoberfl\u00e4che weist Feuchtigkeit und leichten Schnee ab<\/li>\n<li><strong>Besondere Merkmale: <\/strong>Verl\u00e4ngertes Vorderteil zum Einstecken in die Jacke. Nasen\u00f6ffnung f\u00fcr leichteres Atmen <\/li>\n<\/ul>\n","protected":false},"excerpt":{"rendered":"<p>Sch\u00fctzen Sie Ihren Kopf, Ihr Gesicht und Ihren Nacken vor K\u00e4lte mit der Lubec Softshell-Sturmhaube im Tarnen-Tarnmuster. Diese Jagd-Sturmhaube, ausgestattet mit Heat Boost Graphen-Technologie, geh\u00f6rt in jede Jagdtasche. \u00dcberraschend d\u00fcnn, bietet sie eine beachtliche W\u00e4rmeleistung ohne die traditionelle Sperrigkeit anderer K\u00e4lteschutz-Sturmhauben. Das Einweben von Graphen-Garn in unser Sherpa-Futter verleiht einem herk\u00f6mmlichen Material zus\u00e4tzliche thermische Leitf\u00e4higkeit, [&#8230;]\n","protected":false},"featured_media":253409,"comment_status":"open","ping_status":"closed","template":"","meta":[],"product_brand":[],"product_cat":[1215],"product_tag":[],"class_list":{"0":"post-281442","1":"product","2":"type-product","3":"status-publish","4":"has-post-thumbnail","6":"product_cat-handschuh-socken-und-kopfbedeckung","8":"first","9":"instock","10":"taxable","11":"shipping-taxable","12":"purchasable","13":"product-type-simple"},"composite_virtual":false,"composite_layout":"","composite_add_to_cart_form_location":"","composite_editable_in_cart":false,"composite_sold_individually_context":"","composite_shop_price_calc":"","composite_components":[],"composite_scenarios":[],"group_of_quantity":0,"min_quantity":0,"max_quantity":"","exclude_order_quantity_value_rules":"no","exclude_category_quantity_rules":"no","combine_variations":"no","exclude_global_add_ons":[],"addons":[],"_links":{"self":[{"href":"https:\/\/www.huntersfriend.eu\/de\/wp-json\/wp\/v2\/product\/281442","targetHints":{"allow":["GET"]}}],"collection":[{"href":"https:\/\/www.huntersfriend.eu\/de\/wp-json\/wp\/v2\/product"}],"about":[{"href":"https:\/\/www.huntersfriend.eu\/de\/wp-json\/wp\/v2\/types\/product"}],"replies":[{"embeddable":true,"href":"https:\/\/www.huntersfriend.eu\/de\/wp-json\/wp\/v2\/comments?post=281442"}],"wp:featuredmedia":[{"embeddable":true,"href":"https:\/\/www.huntersfriend.eu\/de\/wp-json\/wp\/v2\/media\/253409"}],"wp:attachment":[{"href":"https:\/\/www.huntersfriend.eu\/de\/wp-json\/wp\/v2\/media?parent=281442"}],"wp:term":[{"taxonomy":"product_brand","embeddable":true,"href":"https:\/\/www.huntersfriend.eu\/de\/wp-json\/wp\/v2\/product_brand?post=281442"},{"taxonomy":"product_cat","embeddable":true,"href":"https:\/\/www.huntersfriend.eu\/de\/wp-json\/wp\/v2\/product_cat?post=281442"},{"taxonomy":"product_tag","embeddable":true,"href":"https:\/\/www.huntersfriend.eu\/de\/wp-json\/wp\/v2\/product_tag?post=281442"}],"curies":[{"name":"wp","href":"https:\/\/api.w.org\/{rel}","templated":true}]}}