{"id":281438,"date":"2023-08-28T18:08:13","date_gmt":"2025-06-23T09:59:50","guid":{"rendered":"https:\/\/www.huntersfriend.eu\/product\/huntworth-decatur-hybrid-windschutzhandschuhe\/"},"modified":"2025-10-13T08:29:55","modified_gmt":"2025-10-13T06:29:55","slug":"huntworth-decatur-hybrid-windschutzhandschuhe","status":"publish","type":"product","link":"https:\/\/www.huntersfriend.eu\/de\/produkt\/huntworth-decatur-hybrid-windschutzhandschuhe\/","title":{"rendered":"Huntworth Decatur Hybrid-Windschutzhandschuhe"},"content":{"rendered":"<p><strong>Die leichten Decatur Windschutzhandschuhe im Tarnen-Design zeichnen sich durch eine Hybridkonstruktion aus, die die Leistung eines ungef\u00fctterten Handschuhs mit dem Schutz eines Softshell-Handschuhs kombiniert.<\/strong> Die Tarnen-Tarnhandschuhe sind mit einem hybriden Tarnmuster gestaltet und bestehen aus einem dehnbaren Gewebe, das auf der R\u00fcckseite mit einem weichen Fleece und einer wasserdichten Membran verbunden ist, w\u00e4hrend die Handinnenfl\u00e4che aus einem dehnbaren Performance-Fleece gefertigt ist. Dies resultiert in einem \u00e4u\u00dferst formschl\u00fcssigen, robusten ungef\u00fctterten Handschuh mit exzellenter Sensibilit\u00e4t und Flexibilit\u00e4t. Der Microban-Antimikrobiellschutz auf dem verbundenen Fleece kontrolliert Ihre Geruchsentwicklung. Eine wasserabweisende Ausr\u00fcstung auf dem Handfl\u00e4chenmaterial erm\u00f6glicht es dem Gewebe, leichte Feuchtigkeit abzuweisen.   <\/p>\n<p>Ein haftender Silikondruck auf der Handfl\u00e4che gew\u00e4hrleistet, dass Sie niemals den Halt verlieren. Die vorgeformten Finger stellen sicher, dass sich die Handschuhe der nat\u00fcrlichen Form Ihrer Hand anpassen. Ein eng anliegender Zeigefinger bietet h\u00f6chste Ber\u00fchrungsempfindlichkeit f\u00fcr Ausl\u00f6ser.  <\/p>\n<p>Diese leichten, aber robusten Windschutz-Jagdhandschuhe im Tarnen-Muster eignen sich hervorragend f\u00fcr den Einsatz in verschiedenen Jahreszeiten.<\/p>\n<h3><b>Eigenschaften:<\/b><\/h3>\n<ul>\n<li><strong>Au\u00dfenmaterial: <\/strong>R\u00fcckseite besteht aus einem strapazierf\u00e4higen Gewebe, verbunden mit einer wasserdichten Filmmembran und einem weichen Fleece. Handfl\u00e4che ist aus dehnbarem Performance-Fleece gefertigt. <\/li>\n<li><strong>DWR: <\/strong>Dauerhafte wasserabweisende (DWR) Ausr\u00fcstung auf der Gewebeoberfl\u00e4che leitet Feuchtigkeit und leichten Schnee ab<\/li>\n<li><strong>Geruchskontrolle: <\/strong>Microban-Antimikrobiellschutz auf verbundenem Waffelfleece zur Geruchsreduzierung<\/li>\n<li><strong>Futter: <\/strong>ungef\u00fcttert<\/li>\n<li><strong>Vorgeformte Finger: <\/strong>Vorgeformte Konstruktion stellt sicher, dass sich die Handschuhe an Ihre Hand anpassen.<\/li>\n<li><strong>Handfl\u00e4chengriff: <\/strong>Silikondruck auf der Handfl\u00e4che f\u00fcr verbesserten Halt<\/li>\n<li><strong>Passform: <\/strong>Eng anliegende Passform<\/li>\n<\/ul>\n","protected":false},"excerpt":{"rendered":"<p>Die leichten Decatur Windschutzhandschuhe im Tarnen-Design zeichnen sich durch eine Hybridkonstruktion aus, die die Leistung eines ungef\u00fctterten Handschuhs mit dem Schutz eines Softshell-Handschuhs kombiniert. Die Tarnen-Tarnhandschuhe sind mit einem hybriden Tarnmuster gestaltet und bestehen aus einem dehnbaren Gewebe, das auf der R\u00fcckseite mit einem weichen Fleece und einer wasserdichten Membran verbunden ist, w\u00e4hrend die Handinnenfl\u00e4che [&#8230;]\n","protected":false},"featured_media":253507,"comment_status":"open","ping_status":"closed","template":"","meta":[],"product_brand":[],"product_cat":[1382],"product_tag":[],"class_list":{"0":"post-281438","1":"product","2":"type-product","3":"status-publish","4":"has-post-thumbnail","6":"product_cat-handschuhe","8":"first","9":"instock","10":"taxable","11":"shipping-taxable","12":"purchasable","13":"product-type-variable"},"composite_virtual":false,"composite_layout":"","composite_add_to_cart_form_location":"","composite_editable_in_cart":false,"composite_sold_individually_context":"","composite_shop_price_calc":"","composite_components":[],"composite_scenarios":[],"group_of_quantity":0,"min_quantity":0,"max_quantity":"","exclude_order_quantity_value_rules":"no","exclude_category_quantity_rules":"no","combine_variations":"no","exclude_global_add_ons":[],"addons":[],"_links":{"self":[{"href":"https:\/\/www.huntersfriend.eu\/de\/wp-json\/wp\/v2\/product\/281438","targetHints":{"allow":["GET"]}}],"collection":[{"href":"https:\/\/www.huntersfriend.eu\/de\/wp-json\/wp\/v2\/product"}],"about":[{"href":"https:\/\/www.huntersfriend.eu\/de\/wp-json\/wp\/v2\/types\/product"}],"replies":[{"embeddable":true,"href":"https:\/\/www.huntersfriend.eu\/de\/wp-json\/wp\/v2\/comments?post=281438"}],"wp:featuredmedia":[{"embeddable":true,"href":"https:\/\/www.huntersfriend.eu\/de\/wp-json\/wp\/v2\/media\/253507"}],"wp:attachment":[{"href":"https:\/\/www.huntersfriend.eu\/de\/wp-json\/wp\/v2\/media?parent=281438"}],"wp:term":[{"taxonomy":"product_brand","embeddable":true,"href":"https:\/\/www.huntersfriend.eu\/de\/wp-json\/wp\/v2\/product_brand?post=281438"},{"taxonomy":"product_cat","embeddable":true,"href":"https:\/\/www.huntersfriend.eu\/de\/wp-json\/wp\/v2\/product_cat?post=281438"},{"taxonomy":"product_tag","embeddable":true,"href":"https:\/\/www.huntersfriend.eu\/de\/wp-json\/wp\/v2\/product_tag?post=281438"}],"curies":[{"name":"wp","href":"https:\/\/api.w.org\/{rel}","templated":true}]}}