{"id":281437,"date":"2023-08-29T15:20:13","date_gmt":"2025-06-23T09:59:50","guid":{"rendered":"https:\/\/www.huntersfriend.eu\/product\/huntworth-klassischer-fargo-muff\/"},"modified":"2025-06-23T11:59:50","modified_gmt":"2025-06-23T09:59:50","slug":"huntworth-klassischer-fargo-muff","status":"publish","type":"product","link":"https:\/\/www.huntersfriend.eu\/de\/produkt\/huntworth-klassischer-fargo-muff\/","title":{"rendered":"Huntworth klassischer Fargo Muff"},"content":{"rendered":"<p><strong>Der Fargo Schwergewichts-, isolierte Jagdmuff in Tarnen vereint alle besten Eigenschaften eines traditionellen Muffs und mehr.<\/strong> Entworfen mit einem Hybrid-Tarnmuster ist der wasserdichte Tarnen-Camo-Muff aus einem leisen Trikot gefertigt, das mit einem weichen Fleece verbunden ist, um ein festes Handgef\u00fchl zu bieten. Eine wasserdichte Barriere h\u00e4lt die Feuchtigkeit drau\u00dfen und Ihre H\u00e4nde trocken. <\/p>\n<p>Wir haben in Sachen W\u00e4rme alles gegeben &#8211; wir haben ihn mit einem superweichen, dicken Langflor-Fleece, einer Schicht 40g Thinsulate-Isolierung und zus\u00e4tzlicher Polyfill-Isolierung ausgekleidet, um diesen Muff au\u00dferordentlich warm zu machen. Die Fleece-B\u00fcndchen an beiden Enden passen sich eng um Ihr Handgelenk an und helfen, die warme Luft drinnen und die kalte Luft drau\u00dfen zu halten. Der Muff hat eine vordere Rei\u00dfverschlusstasche f\u00fcr Ihre Ausr\u00fcstung und einen verstellbaren Bund f\u00fcr die richtige Passform um Ihre Taille.  <\/p>\n<p>Dies ist nicht der Jagdmuff Ihres Gro\u00dfvaters. Greifen Sie beim n\u00e4chsten Mal zum Tarnen-Muster-Muff, wenn Sie Ihre Finger w\u00e4hrend Ihrer sp\u00e4tsaisonalen K\u00e4ltejagd warm und beweglich halten m\u00fcssen. <\/p>\n<h3><b>Eigenschaften:<\/b><\/h3>\n<ul>\n<li><strong>Au\u00dfenmaterial:<\/strong> Trikot verbunden mit weichem Fleece<\/li>\n<li><strong>Isolierung:<\/strong> 40g Thinsulate und 1200g Polyfill-Isolierung<\/li>\n<li><strong>Futter: <\/strong>Pelzartiger Langflor-Fleece<\/li>\n<li><strong>Wasserdicht:<\/strong> 100% wasserdichter Innenbeutel<\/li>\n<li><strong>Tasche:<\/strong> Zentrale Rei\u00dfverschlusstasche vorne f\u00fcr zus\u00e4tzlichen Stauraum<\/li>\n<li><strong>D-Ring:<\/strong> Dreieckiger D-Ring an der Vordernaht angen\u00e4ht f\u00fcr einfaches Anbringen von Zubeh\u00f6r<\/li>\n<li><strong>B\u00fcndchen: <\/strong>Innenliegende Fleece-B\u00fcndchen<\/li>\n<li><strong>Gurt: <\/strong>Verstellbarer Taillengurt<\/li>\n<\/ul>\n","protected":false},"excerpt":{"rendered":"<p>Der Fargo Schwergewichts-, isolierte Jagdmuff in Tarnen vereint alle besten Eigenschaften eines traditionellen Muffs und mehr. Entworfen mit einem Hybrid-Tarnmuster ist der wasserdichte Tarnen-Camo-Muff aus einem leisen Trikot gefertigt, das mit einem weichen Fleece verbunden ist, um ein festes Handgef\u00fchl zu bieten. Eine wasserdichte Barriere h\u00e4lt die Feuchtigkeit drau\u00dfen und Ihre H\u00e4nde trocken. Wir haben [&#8230;]\n","protected":false},"featured_media":253426,"comment_status":"open","ping_status":"closed","template":"","meta":[],"product_brand":[],"product_cat":[1380,1382],"product_tag":[],"class_list":{"0":"post-281437","1":"product","2":"type-product","3":"status-publish","4":"has-post-thumbnail","6":"product_cat-zubehor","7":"product_cat-handschuhe","9":"first","10":"outofstock","11":"taxable","12":"shipping-taxable","13":"purchasable","14":"product-type-simple"},"composite_virtual":false,"composite_layout":"","composite_add_to_cart_form_location":"","composite_editable_in_cart":false,"composite_sold_individually_context":"","composite_shop_price_calc":"","composite_components":[],"composite_scenarios":[],"group_of_quantity":0,"min_quantity":0,"max_quantity":"","exclude_order_quantity_value_rules":"no","exclude_category_quantity_rules":"no","combine_variations":"no","exclude_global_add_ons":[],"addons":[],"_links":{"self":[{"href":"https:\/\/www.huntersfriend.eu\/de\/wp-json\/wp\/v2\/product\/281437","targetHints":{"allow":["GET"]}}],"collection":[{"href":"https:\/\/www.huntersfriend.eu\/de\/wp-json\/wp\/v2\/product"}],"about":[{"href":"https:\/\/www.huntersfriend.eu\/de\/wp-json\/wp\/v2\/types\/product"}],"replies":[{"embeddable":true,"href":"https:\/\/www.huntersfriend.eu\/de\/wp-json\/wp\/v2\/comments?post=281437"}],"wp:featuredmedia":[{"embeddable":true,"href":"https:\/\/www.huntersfriend.eu\/de\/wp-json\/wp\/v2\/media\/253426"}],"wp:attachment":[{"href":"https:\/\/www.huntersfriend.eu\/de\/wp-json\/wp\/v2\/media?parent=281437"}],"wp:term":[{"taxonomy":"product_brand","embeddable":true,"href":"https:\/\/www.huntersfriend.eu\/de\/wp-json\/wp\/v2\/product_brand?post=281437"},{"taxonomy":"product_cat","embeddable":true,"href":"https:\/\/www.huntersfriend.eu\/de\/wp-json\/wp\/v2\/product_cat?post=281437"},{"taxonomy":"product_tag","embeddable":true,"href":"https:\/\/www.huntersfriend.eu\/de\/wp-json\/wp\/v2\/product_tag?post=281437"}],"curies":[{"name":"wp","href":"https:\/\/api.w.org\/{rel}","templated":true}]}}