{"id":281432,"date":"2023-08-28T18:08:12","date_gmt":"2023-08-28T16:08:12","guid":{"rendered":"https:\/\/www.huntersfriend.eu\/product\/huntworth-peva-regenanzug\/"},"modified":"2025-06-23T11:59:49","modified_gmt":"2025-06-23T09:59:49","slug":"huntworth-peva-regenanzug","status":"publish","type":"product","link":"https:\/\/www.huntersfriend.eu\/de\/produkt\/huntworth-peva-regenanzug\/","title":{"rendered":"Huntworth PEVA Regenanzug"},"content":{"rendered":"<p><span class=\"jCAhz ChMk0b\"><span class=\"ryNqvb\">Regenanzug mit Bel\u00fcftungs\u00f6ffnungen aus Netzstoff in den Achselh\u00f6hlen und unter der R\u00fcckenlasche.<\/span><\/span> <span class=\"jCAhz ChMk0b\"><span class=\"ryNqvb\">Druckknopfverschluss an der Vorderseite mit Sturmleiste.<\/span><\/span> <span class=\"jCAhz ChMk0b\"><span class=\"ryNqvb\">Knopfverschluss an den Manschetten und Kordelzugverschluss an der Kapuze.<\/span><\/span> <span class=\"jCAhz ChMk0b\"><span class=\"ryNqvb\">Zwei Fronttaschen mit Sturmklappen.<\/span><\/span> <span class=\"jCAhz ChMk0b\"><span class=\"ryNqvb\">Die Hose verf\u00fcgt \u00fcber einen elastischen Taillenbund.<\/span><\/span> <span class=\"jCAhz ChMk0b\"><span class=\"ryNqvb\">Die maschinell verschwei\u00dften N\u00e4hte im Regenanzug garantieren Wasserdichtigkeit.<\/span><\/span><\/p>\n","protected":false},"excerpt":{"rendered":"<p>Regenanzug mit Bel\u00fcftungs\u00f6ffnungen aus Netzstoff in den Achselh\u00f6hlen und unter der R\u00fcckenlasche. Druckknopfverschluss an der Vorderseite mit Sturmleiste. Knopfverschluss an den Manschetten und Kordelzugverschluss an der Kapuze. Zwei Fronttaschen mit Sturmklappen. Die Hose verf\u00fcgt \u00fcber einen elastischen Taillenbund. Die maschinell verschwei\u00dften N\u00e4hte im Regenanzug garantieren Wasserdichtigkeit.<\/p>\n","protected":false},"featured_media":253522,"comment_status":"open","ping_status":"closed","template":"","meta":[],"product_brand":[],"product_cat":[1145],"product_tag":[],"class_list":{"0":"post-281432","1":"product","2":"type-product","3":"status-publish","4":"has-post-thumbnail","6":"product_cat-sonstiges","8":"first","9":"outofstock","10":"taxable","11":"shipping-taxable","12":"purchasable","13":"product-type-variable"},"composite_virtual":false,"composite_layout":"","composite_add_to_cart_form_location":"","composite_editable_in_cart":false,"composite_sold_individually_context":"","composite_shop_price_calc":"","composite_components":[],"composite_scenarios":[],"group_of_quantity":0,"min_quantity":0,"max_quantity":"","exclude_order_quantity_value_rules":"no","exclude_category_quantity_rules":"no","combine_variations":"no","exclude_global_add_ons":[],"addons":[],"_links":{"self":[{"href":"https:\/\/www.huntersfriend.eu\/de\/wp-json\/wp\/v2\/product\/281432","targetHints":{"allow":["GET"]}}],"collection":[{"href":"https:\/\/www.huntersfriend.eu\/de\/wp-json\/wp\/v2\/product"}],"about":[{"href":"https:\/\/www.huntersfriend.eu\/de\/wp-json\/wp\/v2\/types\/product"}],"replies":[{"embeddable":true,"href":"https:\/\/www.huntersfriend.eu\/de\/wp-json\/wp\/v2\/comments?post=281432"}],"wp:featuredmedia":[{"embeddable":true,"href":"https:\/\/www.huntersfriend.eu\/de\/wp-json\/wp\/v2\/media\/253522"}],"wp:attachment":[{"href":"https:\/\/www.huntersfriend.eu\/de\/wp-json\/wp\/v2\/media?parent=281432"}],"wp:term":[{"taxonomy":"product_brand","embeddable":true,"href":"https:\/\/www.huntersfriend.eu\/de\/wp-json\/wp\/v2\/product_brand?post=281432"},{"taxonomy":"product_cat","embeddable":true,"href":"https:\/\/www.huntersfriend.eu\/de\/wp-json\/wp\/v2\/product_cat?post=281432"},{"taxonomy":"product_tag","embeddable":true,"href":"https:\/\/www.huntersfriend.eu\/de\/wp-json\/wp\/v2\/product_tag?post=281432"}],"curies":[{"name":"wp","href":"https:\/\/api.w.org\/{rel}","templated":true}]}}