{"id":281425,"date":"2023-08-29T15:01:25","date_gmt":"2025-06-23T09:59:48","guid":{"rendered":"https:\/\/www.huntersfriend.eu\/product\/sitka-mountain-evo-jacke\/"},"modified":"2025-07-30T12:51:17","modified_gmt":"2025-07-30T10:51:17","slug":"sitka-mountain-evo-jacke","status":"publish","type":"product","link":"https:\/\/www.huntersfriend.eu\/de\/produkt\/sitka-mountain-evo-jacke\/","title":{"rendered":"SITKA Mountain Evo Jacke"},"content":{"rendered":"<p>Die Jagd im Hinterland und andere anstrengende Bergaktivit\u00e4ten stellen h\u00f6here Anforderungen an Ihre Oberbekleidung. Sie ben\u00f6tigen Schutz vor den Elementen, aber auch Ausr\u00fcstung, die sich mit Ihnen bewegt, leicht atmet und Sie nicht beschwert. Wir haben diese leichte technische Jacke mit WINDSTOPPER\u00ae von Gore-Tex Labs-Technologie in Bereichen konzipiert, die den h\u00f6chsten Schutz erfordern, w\u00e4hrend wir k\u00f6rperkartierte Vier-Wege-Stretchpaneele in Bereichen integriert haben, die Bewegung und Atmungsaktivit\u00e4t erfordern, wie unter den Armen und am R\u00fccken.  <\/p>\n<p><strong>Warum wir dies entwickelt haben&#8230;<\/strong><\/p>\n<p>Wir ben\u00f6tigten eine L\u00f6sung, die uns vor w\u00e4rmeentziehendem Wind sch\u00fctzt und gleichzeitig gen\u00fcgend Atmungsaktivit\u00e4t bietet, um uns bei aktiven Unternehmungen trocken und komfortabel zu halten &#8211; im Wesentlichen ben\u00f6tigten wir eine Schicht, die wir morgens anziehen und f\u00fcr den Rest des Tages nicht mehr beachten m\u00fcssen. Daher haben wir die Mountain Evo in Schl\u00fcsselbereichen wie Brust und Kapuze zu 100% winddicht gestaltet, um zu verhindern, dass der Wind wertvolle Kernw\u00e4rme und Energie entzieht. Gleichzeitig erm\u00f6glichen sorgf\u00e4ltig kartierte 4-Wege-Stretchpaneele am R\u00fccken und unter den Armen ein schnelles Abf\u00fchren von W\u00e4rme und uneingeschr\u00e4nkte Bewegungsfreiheit. Durch die strategische Kombination dieser Elemente haben wir eine Jacke geschaffen, die den Komfort bei wechselnden Wetterbedingungen und variierenden Aktivit\u00e4tsniveaus aufrechterh\u00e4lt &#8211; eine Jacke, die Sie nie ausziehen m\u00fcssen.   <\/p>\n","protected":false},"excerpt":{"rendered":"<p>Die Jagd im Hinterland und andere anstrengende Bergaktivit\u00e4ten stellen h\u00f6here Anforderungen an Ihre Oberbekleidung. Sie ben\u00f6tigen Schutz vor den Elementen, aber auch Ausr\u00fcstung, die sich mit Ihnen bewegt, leicht atmet und Sie nicht beschwert. Wir haben diese leichte technische Jacke mit WINDSTOPPER\u00ae von Gore-Tex Labs-Technologie in Bereichen konzipiert, die den h\u00f6chsten Schutz erfordern, w\u00e4hrend wir [&#8230;]\n","protected":false},"featured_media":274679,"comment_status":"open","ping_status":"closed","template":"","meta":[],"product_brand":[],"product_cat":[1384],"product_tag":[],"class_list":{"0":"post-281425","1":"product","2":"type-product","3":"status-publish","4":"has-post-thumbnail","6":"product_cat-jacken","8":"first","9":"instock","10":"taxable","11":"shipping-taxable","12":"purchasable","13":"product-type-variable"},"composite_virtual":false,"composite_layout":"","composite_add_to_cart_form_location":"","composite_editable_in_cart":false,"composite_sold_individually_context":"","composite_shop_price_calc":"","composite_components":[],"composite_scenarios":[],"group_of_quantity":0,"min_quantity":0,"max_quantity":"","exclude_order_quantity_value_rules":"no","exclude_category_quantity_rules":"no","combine_variations":"no","exclude_global_add_ons":[],"addons":[],"_links":{"self":[{"href":"https:\/\/www.huntersfriend.eu\/de\/wp-json\/wp\/v2\/product\/281425","targetHints":{"allow":["GET"]}}],"collection":[{"href":"https:\/\/www.huntersfriend.eu\/de\/wp-json\/wp\/v2\/product"}],"about":[{"href":"https:\/\/www.huntersfriend.eu\/de\/wp-json\/wp\/v2\/types\/product"}],"replies":[{"embeddable":true,"href":"https:\/\/www.huntersfriend.eu\/de\/wp-json\/wp\/v2\/comments?post=281425"}],"wp:featuredmedia":[{"embeddable":true,"href":"https:\/\/www.huntersfriend.eu\/de\/wp-json\/wp\/v2\/media\/274679"}],"wp:attachment":[{"href":"https:\/\/www.huntersfriend.eu\/de\/wp-json\/wp\/v2\/media?parent=281425"}],"wp:term":[{"taxonomy":"product_brand","embeddable":true,"href":"https:\/\/www.huntersfriend.eu\/de\/wp-json\/wp\/v2\/product_brand?post=281425"},{"taxonomy":"product_cat","embeddable":true,"href":"https:\/\/www.huntersfriend.eu\/de\/wp-json\/wp\/v2\/product_cat?post=281425"},{"taxonomy":"product_tag","embeddable":true,"href":"https:\/\/www.huntersfriend.eu\/de\/wp-json\/wp\/v2\/product_tag?post=281425"}],"curies":[{"name":"wp","href":"https:\/\/api.w.org\/{rel}","templated":true}]}}