{"id":281424,"date":"2023-08-28T18:08:10","date_gmt":"2023-08-28T16:08:10","guid":{"rendered":"https:\/\/www.huntersfriend.eu\/product\/huntworth-carlsbad-twill-cargohose\/"},"modified":"2026-02-03T08:18:23","modified_gmt":"2026-02-03T06:18:23","slug":"huntworth-carlsbad-twill-cargohose","status":"publish","type":"product","link":"https:\/\/www.huntersfriend.eu\/de\/produkt\/huntworth-carlsbad-twill-cargohose\/","title":{"rendered":"Huntworth Carlsbad Twill-Cargohose"},"content":{"rendered":"<p><strong>Die Carlsband leichte Jagdhose in Tarnen ist konzipiert, um Schutz zu bieten, w\u00e4hrend Sie durch Felder und W\u00e4lder streifen.<\/strong> Gefertigt mit einem hybriden Tarnmuster, sind die Tarnen Camo-Cargohosen aus einem 7 oz Baumwoll-\/Twillgewebe f\u00fcr komfortablen Tragekomfort konstruiert.<\/p>\n<p>Stauraum ist kein Problem &#8211; es gibt zwei vordere Schr\u00e4geinschubtaschen, zwei hintere aufgesetzte Taschen und zwei Knopf-Cargotaschen, um Ihre Ausr\u00fcstung bequem unterzubringen. Die leichte Jagdhose kann allein oder \u00fcber einer Basisschicht getragen werden, wenn etwas mehr W\u00e4rme ben\u00f6tigt wird. <\/p>\n<p>Diese Hosen bieten umfassenden Schutz &#8211; die Hosen im Tarnen-Muster sind perfekt geeignet zum Tragen bei der Arbeit an Ihren Wild\u00e4ckern oder beim Auskundschaften.<\/p>\n<h3><b>Eigenschaften:<\/b><\/h3>\n<ul>\n<li><strong>Obermaterial: <\/strong>CVC geb\u00fcrsteter Twill (60% Baumwolle\/40% Polyester)<\/li>\n<li><strong>Taschen: <\/strong>Zwei gro\u00dfe aufgesetzte Cargotaschen, zwei vordere Schr\u00e4geinschubtaschen und zwei hintere aufgesetzte Taschen<\/li>\n<li><strong>Durchschnittliches Gewicht des Kleidungsst\u00fccks:<\/strong> 544 g f\u00fcr Gr\u00f6\u00dfe XL.<\/li>\n<\/ul>\n","protected":false},"excerpt":{"rendered":"<p>Die Carlsband leichte Jagdhose in Tarnen ist konzipiert, um Schutz zu bieten, w\u00e4hrend Sie durch Felder und W\u00e4lder streifen. Gefertigt mit einem hybriden Tarnmuster, sind die Tarnen Camo-Cargohosen aus einem 7 oz Baumwoll-\/Twillgewebe f\u00fcr komfortablen Tragekomfort konstruiert. Stauraum ist kein Problem &#8211; es gibt zwei vordere Schr\u00e4geinschubtaschen, zwei hintere aufgesetzte Taschen und zwei Knopf-Cargotaschen, um [&#8230;]\n","protected":false},"featured_media":253526,"comment_status":"open","ping_status":"closed","template":"","meta":[],"product_brand":[],"product_cat":[1145],"product_tag":[],"class_list":{"0":"post-281424","1":"product","2":"type-product","3":"status-publish","4":"has-post-thumbnail","6":"product_cat-sonstiges","8":"first","9":"instock","10":"taxable","11":"shipping-taxable","12":"purchasable","13":"product-type-variable"},"composite_virtual":false,"composite_layout":"","composite_add_to_cart_form_location":"","composite_editable_in_cart":false,"composite_sold_individually_context":"","composite_shop_price_calc":"","composite_components":[],"composite_scenarios":[],"group_of_quantity":0,"min_quantity":0,"max_quantity":"","exclude_order_quantity_value_rules":"no","exclude_category_quantity_rules":"no","combine_variations":"no","exclude_global_add_ons":[],"addons":[],"_links":{"self":[{"href":"https:\/\/www.huntersfriend.eu\/de\/wp-json\/wp\/v2\/product\/281424","targetHints":{"allow":["GET"]}}],"collection":[{"href":"https:\/\/www.huntersfriend.eu\/de\/wp-json\/wp\/v2\/product"}],"about":[{"href":"https:\/\/www.huntersfriend.eu\/de\/wp-json\/wp\/v2\/types\/product"}],"replies":[{"embeddable":true,"href":"https:\/\/www.huntersfriend.eu\/de\/wp-json\/wp\/v2\/comments?post=281424"}],"wp:featuredmedia":[{"embeddable":true,"href":"https:\/\/www.huntersfriend.eu\/de\/wp-json\/wp\/v2\/media\/253526"}],"wp:attachment":[{"href":"https:\/\/www.huntersfriend.eu\/de\/wp-json\/wp\/v2\/media?parent=281424"}],"wp:term":[{"taxonomy":"product_brand","embeddable":true,"href":"https:\/\/www.huntersfriend.eu\/de\/wp-json\/wp\/v2\/product_brand?post=281424"},{"taxonomy":"product_cat","embeddable":true,"href":"https:\/\/www.huntersfriend.eu\/de\/wp-json\/wp\/v2\/product_cat?post=281424"},{"taxonomy":"product_tag","embeddable":true,"href":"https:\/\/www.huntersfriend.eu\/de\/wp-json\/wp\/v2\/product_tag?post=281424"}],"curies":[{"name":"wp","href":"https:\/\/api.w.org\/{rel}","templated":true}]}}