{"id":281423,"date":"2023-08-29T08:57:38","date_gmt":"2023-08-29T06:57:38","guid":{"rendered":"https:\/\/www.huntersfriend.eu\/product\/buckle-gardner-doppelkreuz-entenlocker\/"},"modified":"2026-04-16T07:30:15","modified_gmt":"2026-04-16T05:30:15","slug":"buckle-gardner-doppelkreuz-entenlocker","status":"publish","type":"product","link":"https:\/\/www.huntersfriend.eu\/de\/produkt\/buckle-gardner-doppelkreuz-entenlocker\/","title":{"rendered":"Buckle Gardner Doppelkreuz-Entenlocker"},"content":{"rendered":"<p>Der Doppelkreuz ist ein Arbeitspferd im Feld und einer der meistverkauften Entenlocker in unserem Sortiment. Die Spit-Tech-Tonbretttechnologie verhindert das Festkleben der Zungen, selbst wenn sie durch Speichel, Kondenswasser oder ein versehentliches Eintauchen ins Wasser nass werden. Der Doppelkreuz verf\u00fcgt \u00fcber einen kurzen Lauf f\u00fcr verbesserte Kontrolle und einfache Bedienung. Dieser vielseitige Doppelzungenlocker kann wahrlich alles bew\u00e4ltigen.   <\/p>\n","protected":false},"excerpt":{"rendered":"<p>Der Doppelkreuz ist ein Arbeitspferd im Feld und einer der meistverkauften Entenlocker in unserem Sortiment. Die Spit-Tech-Tonbretttechnologie verhindert das Festkleben der Zungen, selbst wenn sie durch Speichel, Kondenswasser oder ein versehentliches Eintauchen ins Wasser nass werden. Der Doppelkreuz verf\u00fcgt \u00fcber einen kurzen Lauf f\u00fcr verbesserte Kontrolle und einfache Bedienung. Dieser vielseitige Doppelzungenlocker kann wahrlich alles [&#8230;]\n","protected":false},"featured_media":253454,"comment_status":"open","ping_status":"closed","template":"","meta":[],"product_brand":[],"product_cat":[1145,878],"product_tag":[],"class_list":{"0":"post-281423","1":"product","2":"type-product","3":"status-publish","4":"has-post-thumbnail","6":"product_cat-sonstiges","7":"product_cat-uncategorized-sv","9":"first","10":"outofstock","11":"taxable","12":"shipping-taxable","13":"purchasable","14":"product-type-simple"},"composite_virtual":false,"composite_layout":"","composite_add_to_cart_form_location":"","composite_editable_in_cart":false,"composite_sold_individually_context":"","composite_shop_price_calc":"","composite_components":[],"composite_scenarios":[],"group_of_quantity":0,"min_quantity":0,"max_quantity":"","exclude_order_quantity_value_rules":"no","exclude_category_quantity_rules":"no","combine_variations":"no","exclude_global_add_ons":[],"addons":[],"_links":{"self":[{"href":"https:\/\/www.huntersfriend.eu\/de\/wp-json\/wp\/v2\/product\/281423","targetHints":{"allow":["GET"]}}],"collection":[{"href":"https:\/\/www.huntersfriend.eu\/de\/wp-json\/wp\/v2\/product"}],"about":[{"href":"https:\/\/www.huntersfriend.eu\/de\/wp-json\/wp\/v2\/types\/product"}],"replies":[{"embeddable":true,"href":"https:\/\/www.huntersfriend.eu\/de\/wp-json\/wp\/v2\/comments?post=281423"}],"wp:featuredmedia":[{"embeddable":true,"href":"https:\/\/www.huntersfriend.eu\/de\/wp-json\/wp\/v2\/media\/253454"}],"wp:attachment":[{"href":"https:\/\/www.huntersfriend.eu\/de\/wp-json\/wp\/v2\/media?parent=281423"}],"wp:term":[{"taxonomy":"product_brand","embeddable":true,"href":"https:\/\/www.huntersfriend.eu\/de\/wp-json\/wp\/v2\/product_brand?post=281423"},{"taxonomy":"product_cat","embeddable":true,"href":"https:\/\/www.huntersfriend.eu\/de\/wp-json\/wp\/v2\/product_cat?post=281423"},{"taxonomy":"product_tag","embeddable":true,"href":"https:\/\/www.huntersfriend.eu\/de\/wp-json\/wp\/v2\/product_tag?post=281423"}],"curies":[{"name":"wp","href":"https:\/\/api.w.org\/{rel}","templated":true}]}}