{"id":281422,"date":"2023-08-28T18:02:05","date_gmt":"2025-06-23T09:59:47","guid":{"rendered":"https:\/\/www.huntersfriend.eu\/product\/endanflug-12-fach-entenschwimmer-tasche\/"},"modified":"2026-03-25T09:45:52","modified_gmt":"2026-03-25T07:45:52","slug":"endanflug-12-fach-entenschwimmer-tasche","status":"publish","type":"product","link":"https:\/\/www.huntersfriend.eu\/de\/produkt\/endanflug-12-fach-entenschwimmer-tasche\/","title":{"rendered":"Endanflug 12-Fach-Entenschwimmer-Tasche"},"content":{"rendered":"<p>Transportieren und lagern Sie Ihre Lockv\u00f6gel mit Zuversicht. Diese 12-Fach-Tasche ist perfekt f\u00fcr den Gro\u00dfteil Ihrer schwimmenden Entenlockv\u00f6gel geeignet. Der verstellbare Schulterriemen macht den Transport der Lockv\u00f6gel zu einer m\u00fchelosen Angelegenheit.  <\/p>\n<h2><span style=\"font-size: 75%;\">Merkmale: <\/span><\/h2>\n<ul>\n<li>Konzipiert f\u00fcr durchschnittlich gro\u00dfe schwimmende Entenlockv\u00f6gel<\/li>\n<li>Leichtes, strapazierf\u00e4higes Material<\/li>\n<li>Verstellbarer Schultergurt<\/li>\n<li>Fachma\u00dfe: 18cm x 18cm x 40cm<\/li>\n<\/ul>\n","protected":false},"excerpt":{"rendered":"<p>Transportieren und lagern Sie Ihre Lockv\u00f6gel mit Zuversicht. Diese 12-Fach-Tasche ist perfekt f\u00fcr den Gro\u00dfteil Ihrer schwimmenden Entenlockv\u00f6gel geeignet. Der verstellbare Schulterriemen macht den Transport der Lockv\u00f6gel zu einer m\u00fchelosen Angelegenheit. Merkmale: Konzipiert f\u00fcr durchschnittlich gro\u00dfe schwimmende Entenlockv\u00f6gel Leichtes, strapazierf\u00e4higes Material Verstellbarer Schultergurt Fachma\u00dfe: 18cm x 18cm x 40cm<\/p>\n","protected":false},"featured_media":274433,"comment_status":"open","ping_status":"closed","template":"","meta":[],"product_brand":[],"product_cat":[1393],"product_tag":[],"class_list":{"0":"post-281422","1":"product","2":"type-product","3":"status-publish","4":"has-post-thumbnail","6":"product_cat-taschen-fur-lockvogel","8":"first","9":"outofstock","10":"taxable","11":"shipping-taxable","12":"purchasable","13":"product-type-simple"},"composite_virtual":false,"composite_layout":"","composite_add_to_cart_form_location":"","composite_editable_in_cart":false,"composite_sold_individually_context":"","composite_shop_price_calc":"","composite_components":[],"composite_scenarios":[],"group_of_quantity":0,"min_quantity":0,"max_quantity":"","exclude_order_quantity_value_rules":"no","exclude_category_quantity_rules":"no","combine_variations":"no","exclude_global_add_ons":[],"addons":[],"_links":{"self":[{"href":"https:\/\/www.huntersfriend.eu\/de\/wp-json\/wp\/v2\/product\/281422","targetHints":{"allow":["GET"]}}],"collection":[{"href":"https:\/\/www.huntersfriend.eu\/de\/wp-json\/wp\/v2\/product"}],"about":[{"href":"https:\/\/www.huntersfriend.eu\/de\/wp-json\/wp\/v2\/types\/product"}],"replies":[{"embeddable":true,"href":"https:\/\/www.huntersfriend.eu\/de\/wp-json\/wp\/v2\/comments?post=281422"}],"wp:featuredmedia":[{"embeddable":true,"href":"https:\/\/www.huntersfriend.eu\/de\/wp-json\/wp\/v2\/media\/274433"}],"wp:attachment":[{"href":"https:\/\/www.huntersfriend.eu\/de\/wp-json\/wp\/v2\/media?parent=281422"}],"wp:term":[{"taxonomy":"product_brand","embeddable":true,"href":"https:\/\/www.huntersfriend.eu\/de\/wp-json\/wp\/v2\/product_brand?post=281422"},{"taxonomy":"product_cat","embeddable":true,"href":"https:\/\/www.huntersfriend.eu\/de\/wp-json\/wp\/v2\/product_cat?post=281422"},{"taxonomy":"product_tag","embeddable":true,"href":"https:\/\/www.huntersfriend.eu\/de\/wp-json\/wp\/v2\/product_tag?post=281422"}],"curies":[{"name":"wp","href":"https:\/\/api.w.org\/{rel}","templated":true}]}}