{"id":281415,"date":"2023-08-29T15:20:17","date_gmt":"2025-06-23T09:59:10","guid":{"rendered":"https:\/\/www.huntersfriend.eu\/product\/huntworth-fairbanks-latzhose\/"},"modified":"2025-06-26T09:32:44","modified_gmt":"2025-06-26T07:32:44","slug":"huntworth-fairbanks-latzhose","status":"publish","type":"product","link":"https:\/\/www.huntersfriend.eu\/de\/produkt\/huntworth-fairbanks-latzhose\/","title":{"rendered":"Huntworth Fairbanks Latzhose"},"content":{"rendered":"<p><strong>Die schweren, Sherpa-gef\u00fctterten Fairbanks-Latzhosen in Tarnen halten Sie warm, wenn die Temperaturen sinken.<\/strong> Die wasserdichten Latzhosen im Tarnen-Tarnmuster sind mit einem leisen, stark geb\u00fcrsteten Trikotstoff f\u00fcr erh\u00f6hte Tarnung konzipiert. F\u00fcr Komfort bei langen Jagden bieten der winddichte, atmungsaktive Film und die zu 100% versiegelten N\u00e4hte vollen wasserdichten Schutz in unseren Overalls. Die Microban-antimikrobielle Behandlung des Sherpa-Futters hilft bei der Geruchskontrolle.  <\/p>\n<p>Der Oberk\u00f6rper der Latzhose ist mit einem dicken, weichen Sherpa-Fleece f\u00fcr ein unglaubliches W\u00e4rmegef\u00fchl gef\u00fcttert. Eine Rei\u00dfverschlusstasche auf der Brust und zwei linke Cargotaschen bieten reichlich Stauraum. Der zweiseitige Rei\u00dfverschluss an der Vorderseite der Latzhose erm\u00f6glicht einen einfachen Zugang zu Ihrer Hose, ohne vollst\u00e4ndig \u00f6ffnen zu m\u00fcssen.  <\/p>\n<p>Der untere Teil der schweren Latzhose ist mit Polyfill-Isolierung versehen und mit weichem Trikot gef\u00fcttert, sodass Sie leicht in die Hose schl\u00fcpfen k\u00f6nnen. Ein versteckter Schrittgusset, vorgeformte Knie und extra lange zweiseitige Rei\u00dfverschl\u00fcsse an den Beinseiten machen diese Latzhose besonders bequem. <\/p>\n<p>Verlassen Sie sich auf unsere strapazierf\u00e4higen Jagd-Overalls im Tarnen-Muster, um unabh\u00e4ngig vom Wetter bei der Jagd zu bleiben.<\/p>\n<h3><b>Eigenschaften:<\/b><\/h3>\n<ul>\n<li><strong>Obermaterial: <\/strong>Stark geb\u00fcrstetes Trikot mit einer winddichten\/atmungsaktiven Filmmembran. 100% Polyester. <\/li>\n<li><strong>Wasserdicht: <\/strong>100% wasserdicht mit versiegelten N\u00e4hten<\/li>\n<li><strong>Futter: <\/strong>Pl\u00fcschiges Sherpa-Fleece im Oberk\u00f6rper und Trikotfutter von der Taille abw\u00e4rts.<\/li>\n<li><strong>Geruchskontrolle: <\/strong>Microban antimikrobieller Produktschutz auf Sherpa-Fleece zur Geruchsreduzierung<\/li>\n<li><strong>Isolierung: <\/strong>Polyfill-Isolierung im gesamten Latzhosenoverall<\/li>\n<li><strong>Stoffgewicht: <\/strong>etwa 520g<\/li>\n<li><strong>Taschen: <\/strong>Zwei gro\u00dfe Rei\u00dfverschluss-Cargotaschen an den Oberschenkeln und eine Rei\u00dfverschlusstasche links auf der Brust<\/li>\n<li><strong>Integrierte Beweglichkeit: <\/strong>Versteckter Schrittgusset und vorgeformte Knie bieten zus\u00e4tzliche Bewegungsfreiheit<\/li>\n<li><strong>Rei\u00dfverschl\u00fcsse: <\/strong>Latzhosenfront hat einen zweiseitigen Zugangsrei\u00dfverschluss mit Druckknopf-Windschutzleiste. Beine haben zweiseitigen Zugangsrei\u00dfverschluss mit Windschutzleiste. Rei\u00dfverschl\u00fcsse reichen bis etwa auf Knieh\u00f6he und messen ungef\u00e4hr 62,9 cm \u201e(oder 67,9 cm f\u00fcr gro\u00dfe Gr\u00f6\u00dfen)\u201c.  <\/li>\n<li><strong>Beinabschl\u00fcsse: <\/strong>Windschutzlasche und zus\u00e4tzlicher Druckknopf zum Verengen des Saums<\/li>\n<li><strong>Schulterriemen: <\/strong>Verstellbare Riemen und Schnallenverschluss<\/li>\n<li><strong>Kleidungsgewicht: <\/strong>1,4 kg f\u00fcr Gr\u00f6\u00dfe XL.<\/li>\n<li><strong>Empfohlener Temperaturbereich: <\/strong>-18\u00b0C bis 0\u00b0C mit Schichtenbekleidung nach Bedarf<\/li>\n<\/ul>\n","protected":false},"excerpt":{"rendered":"<p>Die schweren, Sherpa-gef\u00fctterten Fairbanks-Latzhosen in Tarnen halten Sie warm, wenn die Temperaturen sinken. Die wasserdichten Latzhosen im Tarnen-Tarnmuster sind mit einem leisen, stark geb\u00fcrsteten Trikotstoff f\u00fcr erh\u00f6hte Tarnung konzipiert. F\u00fcr Komfort bei langen Jagden bieten der winddichte, atmungsaktive Film und die zu 100% versiegelten N\u00e4hte vollen wasserdichten Schutz in unseren Overalls. Die Microban-antimikrobielle Behandlung des [&#8230;]\n","protected":false},"featured_media":253383,"comment_status":"open","ping_status":"closed","template":"","meta":[],"product_brand":[],"product_cat":[2230],"product_tag":[],"class_list":{"0":"post-281415","1":"product","2":"type-product","3":"status-publish","4":"has-post-thumbnail","6":"product_cat-latzhosen","8":"first","9":"instock","10":"taxable","11":"shipping-taxable","12":"purchasable","13":"product-type-variable"},"composite_virtual":false,"composite_layout":"","composite_add_to_cart_form_location":"","composite_editable_in_cart":false,"composite_sold_individually_context":"","composite_shop_price_calc":"","composite_components":[],"composite_scenarios":[],"group_of_quantity":0,"min_quantity":0,"max_quantity":"","exclude_order_quantity_value_rules":"no","exclude_category_quantity_rules":"no","combine_variations":"no","exclude_global_add_ons":[],"addons":[],"_links":{"self":[{"href":"https:\/\/www.huntersfriend.eu\/de\/wp-json\/wp\/v2\/product\/281415","targetHints":{"allow":["GET"]}}],"collection":[{"href":"https:\/\/www.huntersfriend.eu\/de\/wp-json\/wp\/v2\/product"}],"about":[{"href":"https:\/\/www.huntersfriend.eu\/de\/wp-json\/wp\/v2\/types\/product"}],"replies":[{"embeddable":true,"href":"https:\/\/www.huntersfriend.eu\/de\/wp-json\/wp\/v2\/comments?post=281415"}],"wp:featuredmedia":[{"embeddable":true,"href":"https:\/\/www.huntersfriend.eu\/de\/wp-json\/wp\/v2\/media\/253383"}],"wp:attachment":[{"href":"https:\/\/www.huntersfriend.eu\/de\/wp-json\/wp\/v2\/media?parent=281415"}],"wp:term":[{"taxonomy":"product_brand","embeddable":true,"href":"https:\/\/www.huntersfriend.eu\/de\/wp-json\/wp\/v2\/product_brand?post=281415"},{"taxonomy":"product_cat","embeddable":true,"href":"https:\/\/www.huntersfriend.eu\/de\/wp-json\/wp\/v2\/product_cat?post=281415"},{"taxonomy":"product_tag","embeddable":true,"href":"https:\/\/www.huntersfriend.eu\/de\/wp-json\/wp\/v2\/product_tag?post=281415"}],"curies":[{"name":"wp","href":"https:\/\/api.w.org\/{rel}","templated":true}]}}