{"id":281410,"date":"2023-08-31T08:55:21","date_gmt":"2023-08-31T06:55:21","guid":{"rendered":"https:\/\/www.huntersfriend.eu\/product\/huntworth-regenanzug\/"},"modified":"2025-06-23T11:58:58","modified_gmt":"2025-06-23T09:58:58","slug":"huntworth-regenanzug","status":"publish","type":"product","link":"https:\/\/www.huntersfriend.eu\/de\/produkt\/huntworth-regenanzug\/","title":{"rendered":"Huntworth Regenanzug"},"content":{"rendered":"<p>Der Huntworth Regenanzug ist ein unisex PVC-Regenanzug, der \u00fcber der Kleidung getragen werden kann. Wenn Sie auf der Suche nach einem kosteng\u00fcnstigen Regenanzug sind, der sich leicht verpacken und bei Regen \u00fcber Ihrer Kleidung tragen l\u00e4sst, ist dies zweifellos Ihre optimale Wahl! <\/p>\n<p>Ein traditioneller Regenanzug aus PVC h\u00e4lt das Wasser mit Sicherheit fern. Die Jacke verf\u00fcgt \u00fcber zwei Seitentaschen und bel\u00fcftete Achselh\u00f6hlen. Die \u00d6ffnungen der \u00c4rmel und Beine k\u00f6nnen verengt werden.  <\/p>\n","protected":false},"excerpt":{"rendered":"<p>Der Huntworth Regenanzug ist ein unisex PVC-Regenanzug, der \u00fcber der Kleidung getragen werden kann. Wenn Sie auf der Suche nach einem kosteng\u00fcnstigen Regenanzug sind, der sich leicht verpacken und bei Regen \u00fcber Ihrer Kleidung tragen l\u00e4sst, ist dies zweifellos Ihre optimale Wahl! Ein traditioneller Regenanzug aus PVC h\u00e4lt das Wasser mit Sicherheit fern. Die Jacke [&#8230;]\n","protected":false},"featured_media":253342,"comment_status":"open","ping_status":"closed","template":"","meta":[],"product_brand":[],"product_cat":[1145],"product_tag":[],"class_list":{"0":"post-281410","1":"product","2":"type-product","3":"status-publish","4":"has-post-thumbnail","6":"product_cat-sonstiges","8":"first","9":"instock","10":"taxable","11":"shipping-taxable","12":"purchasable","13":"product-type-variable"},"composite_virtual":false,"composite_layout":"","composite_add_to_cart_form_location":"","composite_editable_in_cart":false,"composite_sold_individually_context":"","composite_shop_price_calc":"","composite_components":[],"composite_scenarios":[],"group_of_quantity":0,"min_quantity":0,"max_quantity":"","exclude_order_quantity_value_rules":"no","exclude_category_quantity_rules":"no","combine_variations":"no","exclude_global_add_ons":[],"addons":[],"_links":{"self":[{"href":"https:\/\/www.huntersfriend.eu\/de\/wp-json\/wp\/v2\/product\/281410","targetHints":{"allow":["GET"]}}],"collection":[{"href":"https:\/\/www.huntersfriend.eu\/de\/wp-json\/wp\/v2\/product"}],"about":[{"href":"https:\/\/www.huntersfriend.eu\/de\/wp-json\/wp\/v2\/types\/product"}],"replies":[{"embeddable":true,"href":"https:\/\/www.huntersfriend.eu\/de\/wp-json\/wp\/v2\/comments?post=281410"}],"wp:featuredmedia":[{"embeddable":true,"href":"https:\/\/www.huntersfriend.eu\/de\/wp-json\/wp\/v2\/media\/253342"}],"wp:attachment":[{"href":"https:\/\/www.huntersfriend.eu\/de\/wp-json\/wp\/v2\/media?parent=281410"}],"wp:term":[{"taxonomy":"product_brand","embeddable":true,"href":"https:\/\/www.huntersfriend.eu\/de\/wp-json\/wp\/v2\/product_brand?post=281410"},{"taxonomy":"product_cat","embeddable":true,"href":"https:\/\/www.huntersfriend.eu\/de\/wp-json\/wp\/v2\/product_cat?post=281410"},{"taxonomy":"product_tag","embeddable":true,"href":"https:\/\/www.huntersfriend.eu\/de\/wp-json\/wp\/v2\/product_tag?post=281410"}],"curies":[{"name":"wp","href":"https:\/\/api.w.org\/{rel}","templated":true}]}}