{"id":281408,"date":"2023-08-31T08:24:51","date_gmt":"2023-08-31T06:24:51","guid":{"rendered":"https:\/\/www.huntersfriend.eu\/product\/buck-gardner-canada-hammer-3\/"},"modified":"2025-07-18T04:46:22","modified_gmt":"2025-07-18T02:46:22","slug":"buck-gardner-canada-hammer-3","status":"publish","type":"product","link":"https:\/\/www.huntersfriend.eu\/de\/produkt\/buck-gardner-canada-hammer-3\/","title":{"rendered":"Buck Gardner Canada Hammer"},"content":{"rendered":"<p>Buck Gardners urspr\u00fcnglicher Kurzrohr-Kanadagans-Locker ist nach wie vor der am einfachsten zu bedienende G\u00e4nselocker, der je hergestellt wurde. Dieser Locker bietet ein schnelles Ansprechen und eine hohe Reaktionsf\u00e4higkeit der Zunge und wird von Hand gestimmt, um eine Leistung zu gew\u00e4hrleisten, die den Preis bei weitem \u00fcbertrifft. Das Quick-Tune-Innenleben und das Zungensystem erm\u00f6glichen eine einfache Reinigung, Neustimmung und Wiederzusammensetzung. Der doppelte O-Ring-Einsatz bildet eine luftdichte Verbindung mit dem Geh\u00e4use, um die Klangqualit\u00e4t zu verbessern.   <\/p>\n","protected":false},"excerpt":{"rendered":"<p>Tarngr\u00fcn<\/p>\n","protected":false},"featured_media":253345,"comment_status":"open","ping_status":"closed","template":"","meta":[],"product_brand":[],"product_cat":[1402],"product_tag":[],"class_list":{"0":"post-281408","1":"product","2":"type-product","3":"status-publish","4":"has-post-thumbnail","6":"product_cat-ganselocker","8":"first","9":"outofstock","10":"taxable","11":"shipping-taxable","12":"purchasable","13":"product-type-simple"},"composite_virtual":false,"composite_layout":"","composite_add_to_cart_form_location":"","composite_editable_in_cart":false,"composite_sold_individually_context":"","composite_shop_price_calc":"","composite_components":[],"composite_scenarios":[],"group_of_quantity":0,"min_quantity":0,"max_quantity":"","exclude_order_quantity_value_rules":"no","exclude_category_quantity_rules":"no","combine_variations":"no","exclude_global_add_ons":[],"addons":[],"_links":{"self":[{"href":"https:\/\/www.huntersfriend.eu\/de\/wp-json\/wp\/v2\/product\/281408","targetHints":{"allow":["GET"]}}],"collection":[{"href":"https:\/\/www.huntersfriend.eu\/de\/wp-json\/wp\/v2\/product"}],"about":[{"href":"https:\/\/www.huntersfriend.eu\/de\/wp-json\/wp\/v2\/types\/product"}],"replies":[{"embeddable":true,"href":"https:\/\/www.huntersfriend.eu\/de\/wp-json\/wp\/v2\/comments?post=281408"}],"wp:featuredmedia":[{"embeddable":true,"href":"https:\/\/www.huntersfriend.eu\/de\/wp-json\/wp\/v2\/media\/253345"}],"wp:attachment":[{"href":"https:\/\/www.huntersfriend.eu\/de\/wp-json\/wp\/v2\/media?parent=281408"}],"wp:term":[{"taxonomy":"product_brand","embeddable":true,"href":"https:\/\/www.huntersfriend.eu\/de\/wp-json\/wp\/v2\/product_brand?post=281408"},{"taxonomy":"product_cat","embeddable":true,"href":"https:\/\/www.huntersfriend.eu\/de\/wp-json\/wp\/v2\/product_cat?post=281408"},{"taxonomy":"product_tag","embeddable":true,"href":"https:\/\/www.huntersfriend.eu\/de\/wp-json\/wp\/v2\/product_tag?post=281408"}],"curies":[{"name":"wp","href":"https:\/\/api.w.org\/{rel}","templated":true}]}}