{"id":281402,"date":"2023-08-31T18:06:10","date_gmt":"2023-08-31T16:06:10","guid":{"rendered":"https:\/\/www.huntersfriend.eu\/product\/sitka-damenjacke-jetstream\/"},"modified":"2025-08-03T05:36:00","modified_gmt":"2025-08-03T03:36:00","slug":"sitka-damenjacke-jetstream","status":"publish","type":"product","link":"https:\/\/www.huntersfriend.eu\/de\/produkt\/sitka-damenjacke-jetstream\/","title":{"rendered":"SITKA Damenjacke Jetstream"},"content":{"rendered":"<p>Sitka wollte neu definieren, wie eine Softshell-Jacke bei aktiven Outdoor-Aktivit\u00e4ten funktioniert. Unsere L\u00f6sung war die Kreation einer Jacke, die gut atmet, Wind blockiert, leichten Regen und Schnee abweist und die Bewegungsfreiheit nicht einschr\u00e4nkt. Dies haben wir durch die Verwendung von WINDSTOPPER\u00ae von Gore-Tex Labs f\u00fcr un\u00fcbertroffenen Windschutz, einer DWR-Ausr\u00fcstung zur Verhinderung des Durchn\u00e4ssens des Oberfl\u00e4chenmaterials und einer artikulierten Schnittf\u00fchrung f\u00fcr vollst\u00e4ndige Bewegungsfreiheit erreicht.  <\/p>\n<p>Nichts verursacht so viel Unbehagen und Ablenkung wie ein kalter, unerbittlicher Wind. Unsere winddichte Jetstream-Jacke, die WINDSTOPPER\u00ae von Gore-Tex Labs Produkttechnologie nutzt, ist Jahr f\u00fcr Jahr eines unserer beliebtesten Produkte. Ihre pr\u00e4zise konstruierte Passform optimiert Komfort und Beweglichkeit. Diese vielseitige Softshell-Jacke, die W\u00e4rme speichert und dennoch atmet, wenn Sie es ben\u00f6tigen, ist mit einem komfortablen Mikrogrid-Fleece-Futter ausgestattet und bietet h\u00f6chste Vielseitigkeit.   <\/p>\n<ul class=\"jsx-4143205430 space-y-4 list-disc\">\n<li class=\"jsx-4143205430 remove-marker mt-[24px] md:mt-[60px]\">\n<div class=\"feature_item\">Recyceltes Polyestergewebe mit Polyester-Mikro-Grid-Fleece-Innenseite<\/div>\n<div class=\"feature_item\"><\/div>\n<\/li>\n<li class=\"jsx-4143205430 remove-marker mt-[24px] md:mt-[60px]\">\n<div class=\"feature_item\">GORE\u00ae WINDSTOPPER\u00ae Produkttechnologie macht die Jacke 100% winddicht<\/div>\n<div class=\"feature_item\"><\/div>\n<\/li>\n<li class=\"jsx-4143205430 remove-marker mt-[24px] md:mt-[60px]\">\n<div class=\"feature_item\">Dauerhaft wasserabweisende Ausr\u00fcstung sch\u00fctzt vor leichtem Niederschlag und verhindert das Durchn\u00e4ssen des Stoffes<\/div>\n<div class=\"feature_item\"><\/div>\n<\/li>\n<li class=\"jsx-4143205430 remove-marker mt-[24px] md:mt-[60px]\">\n<div class=\"feature_item\">Verklebte und abgeschr\u00e4gte N\u00e4hte f\u00fcr zus\u00e4tzlichen Wetterschutz ohne zus\u00e4tzliches Volumen<\/div>\n<div class=\"feature_item\"><\/div>\n<\/li>\n<li class=\"jsx-4143205430 remove-marker mt-[24px] md:mt-[60px]\">\n<div class=\"feature_item\">Rei\u00dfverschlusstaschen an den H\u00e4nden und der Brust bieten sichere Aufbewahrungsm\u00f6glichkeiten<\/div>\n<div class=\"feature_item\"><\/div>\n<\/li>\n<li class=\"jsx-4143205430 remove-marker mt-[24px] md:mt-[60px]\">\n<div class=\"feature_item\">Unterarmrei\u00dfverschl\u00fcsse erm\u00f6glichen es Ihnen, W\u00e4rme abzuf\u00fchren, wenn Sie in Bewegung sind<\/div>\n<div class=\"feature_item\"><\/div>\n<\/li>\n<li class=\"jsx-4143205430 remove-marker mt-[24px] md:mt-[60px]\">\n<div class=\"feature_item\">Aktualisierte Passform f\u00fcr ein entspanntes, komfortables Tragegef\u00fchl mit ausreichender Bewegungsfreiheit<\/div>\n<div class=\"feature_item\"><\/div>\n<\/li>\n<li class=\"jsx-4143205430 remove-marker mt-[24px] md:mt-[60px]\">\n<div class=\"feature_item\">Gesamtgewicht: 22 oz.<\/div>\n<\/li>\n<\/ul>\n","protected":false},"excerpt":{"rendered":"<p>Optifade Subalpine<\/p>\n","protected":false},"featured_media":253853,"comment_status":"open","ping_status":"closed","template":"","meta":[],"product_brand":[],"product_cat":[2117,1222],"product_tag":[],"class_list":{"0":"post-281402","1":"product","2":"type-product","3":"status-publish","4":"has-post-thumbnail","6":"product_cat-jagdbekleidung-fur-damen","7":"product_cat-sonderangebote","9":"first","10":"instock","11":"sale","12":"taxable","13":"shipping-taxable","14":"purchasable","15":"product-type-variable"},"composite_virtual":false,"composite_layout":"","composite_add_to_cart_form_location":"","composite_editable_in_cart":false,"composite_sold_individually_context":"","composite_shop_price_calc":"","composite_components":[],"composite_scenarios":[],"group_of_quantity":0,"min_quantity":0,"max_quantity":"","exclude_order_quantity_value_rules":"no","exclude_category_quantity_rules":"no","combine_variations":"no","exclude_global_add_ons":[],"addons":[],"_links":{"self":[{"href":"https:\/\/www.huntersfriend.eu\/de\/wp-json\/wp\/v2\/product\/281402","targetHints":{"allow":["GET"]}}],"collection":[{"href":"https:\/\/www.huntersfriend.eu\/de\/wp-json\/wp\/v2\/product"}],"about":[{"href":"https:\/\/www.huntersfriend.eu\/de\/wp-json\/wp\/v2\/types\/product"}],"replies":[{"embeddable":true,"href":"https:\/\/www.huntersfriend.eu\/de\/wp-json\/wp\/v2\/comments?post=281402"}],"wp:featuredmedia":[{"embeddable":true,"href":"https:\/\/www.huntersfriend.eu\/de\/wp-json\/wp\/v2\/media\/253853"}],"wp:attachment":[{"href":"https:\/\/www.huntersfriend.eu\/de\/wp-json\/wp\/v2\/media?parent=281402"}],"wp:term":[{"taxonomy":"product_brand","embeddable":true,"href":"https:\/\/www.huntersfriend.eu\/de\/wp-json\/wp\/v2\/product_brand?post=281402"},{"taxonomy":"product_cat","embeddable":true,"href":"https:\/\/www.huntersfriend.eu\/de\/wp-json\/wp\/v2\/product_cat?post=281402"},{"taxonomy":"product_tag","embeddable":true,"href":"https:\/\/www.huntersfriend.eu\/de\/wp-json\/wp\/v2\/product_tag?post=281402"}],"curies":[{"name":"wp","href":"https:\/\/api.w.org\/{rel}","templated":true}]}}