{"id":281399,"date":"2023-08-30T17:48:09","date_gmt":"2025-06-23T09:58:54","guid":{"rendered":"https:\/\/www.huntersfriend.eu\/product\/huntworth-durham-hosen\/"},"modified":"2026-02-17T12:04:12","modified_gmt":"2026-02-17T10:04:12","slug":"huntworth-durham-hosen","status":"publish","type":"product","link":"https:\/\/www.huntersfriend.eu\/de\/produkt\/huntworth-durham-hosen\/","title":{"rendered":"Huntworth Durham Hosen"},"content":{"rendered":"<p><strong>Die Durham leichtgewichtigen Jagdhosen in Tarnen<\/strong> sind aus einem strapazierf\u00e4higen Stretchgewebe gefertigt, das Ihnen au\u00dfergew\u00f6hnliche Bewegungsfreiheit und Schutz vor den Elementen bietet. Die Tarnen-Tarnhosen sind mit einem Hybrid-Tarnmuster versehen und bieten die leise Flexibilit\u00e4t, die Sie ben\u00f6tigen, sei es beim Beobachten und Anschleichen, beim Sitzen in einem Ansitz oder auf einem Hochsitz. <\/p>\n<p>Die robusten Verst\u00e4rkungen an Knien und Ges\u00e4\u00df bieten zus\u00e4tzlichen Schutz, wenn Sie sich am Boden befinden, w\u00e4hrend die artikulierte Kniekonstruktion sicherstellt, dass die Hosen beim Sitzen oder Klettern nicht einengen. Dar\u00fcber hinaus l\u00e4sst das DWR-Gewebe unserer ungef\u00fctterten Jagdhosen leichte Feuchtigkeit abperlen und h\u00e4lt Sie bei fr\u00fchmorgendlichen oder sp\u00e4tsaisonalen Jagden trocken. Sollten die Hosen doch nass werden, trocknen sie \u00e4u\u00dferst schnell.  <\/p>\n<p>Ben\u00f6tigen Sie Ihre Ausr\u00fcstung griffbereit? Stauraum ist kein Problem mit zwei vorderen, zwei hinteren und zwei mit Rei\u00dfverschluss versehenen Beintaschen f\u00fcr Ihr Zubeh\u00f6r. Der Hosenbund verf\u00fcgt \u00fcber 5 G\u00fcrtelschlaufen f\u00fcr eine perfekte Passform.  <\/p>\n<p>Diese leichten Jagdhosen k\u00f6nnen allein oder \u00fcber einer Grundschicht getragen werden, sei es f\u00fcr die fr\u00fchen kalten Morgenstunden oder sp\u00e4ter in der Saison, wenn etwas mehr W\u00e4rme ben\u00f6tigt wird. Unsere Jagdhosen im Tarnen\u00ae-Muster m\u00f6gen zwar leicht sein, sind aber \u00e4u\u00dferst vielseitig und werden schnell zu Ihrer bevorzugten Hose werden. <\/p>\n<h3><b>Eigenschaften:<\/b><\/h3>\n<ul>\n<li><strong>Obermaterial: <\/strong>Stretch-Polyestergewebe. 94% Polyester\/ 6% Elasthan <\/li>\n<li><strong>DWR: <\/strong>Dauerhaft wasserabweisende (DWR) Ausr\u00fcstung auf dem Stretchgewebe (nicht auf dem abriebfesten Patchmaterial) l\u00e4sst Feuchtigkeit und leichten Schnee abperlen<\/li>\n<li><strong>Futter: <\/strong>ungef\u00fcttert<\/li>\n<li><strong>Taschen: <\/strong>6-Taschen-Hose \u2013 zwei aufgesetzte Ges\u00e4\u00dftaschen, zwei vordere Schr\u00e4geingriffstaschen und zwei Cargo-Taschen mit Rei\u00dfverschluss<\/li>\n<li><strong>Verst\u00e4rkungen: <\/strong>Verst\u00e4rkte Knie und Ges\u00e4\u00df mit abriebfestem Material<\/li>\n<li><strong>Merkmale: <\/strong>Artikulierte Knie<\/li>\n<li><strong>Bund: <\/strong>5 G\u00fcrtelschlaufen<\/li>\n<li><strong>Empfohlener Temperaturbereich: 5C-25C<\/strong> Grad mit Schichten je nach Bedarf<\/li>\n<li><strong>Durchschnittliches Kleidungsgewicht: <\/strong>544 g f\u00fcr Gr\u00f6\u00dfe XL.<\/li>\n<\/ul>\n","protected":false},"excerpt":{"rendered":"<p>Die Durham leichtgewichtigen Jagdhosen in Tarnen sind aus einem strapazierf\u00e4higen Stretchgewebe gefertigt, das Ihnen au\u00dfergew\u00f6hnliche Bewegungsfreiheit und Schutz vor den Elementen bietet. Die Tarnen-Tarnhosen sind mit einem Hybrid-Tarnmuster versehen und bieten die leise Flexibilit\u00e4t, die Sie ben\u00f6tigen, sei es beim Beobachten und Anschleichen, beim Sitzen in einem Ansitz oder auf einem Hochsitz. Die robusten Verst\u00e4rkungen [&#8230;]\n","protected":false},"featured_media":253360,"comment_status":"open","ping_status":"closed","template":"","meta":[],"product_brand":[],"product_cat":[16],"product_tag":[],"class_list":{"0":"post-281399","1":"product","2":"type-product","3":"status-publish","4":"has-post-thumbnail","6":"product_cat-uncategorized","8":"first","9":"instock","10":"taxable","11":"shipping-taxable","12":"purchasable","13":"product-type-variable"},"composite_virtual":false,"composite_layout":"","composite_add_to_cart_form_location":"","composite_editable_in_cart":false,"composite_sold_individually_context":"","composite_shop_price_calc":"","composite_components":[],"composite_scenarios":[],"group_of_quantity":0,"min_quantity":0,"max_quantity":"","exclude_order_quantity_value_rules":"no","exclude_category_quantity_rules":"no","combine_variations":"no","exclude_global_add_ons":[],"addons":[],"_links":{"self":[{"href":"https:\/\/www.huntersfriend.eu\/de\/wp-json\/wp\/v2\/product\/281399","targetHints":{"allow":["GET"]}}],"collection":[{"href":"https:\/\/www.huntersfriend.eu\/de\/wp-json\/wp\/v2\/product"}],"about":[{"href":"https:\/\/www.huntersfriend.eu\/de\/wp-json\/wp\/v2\/types\/product"}],"replies":[{"embeddable":true,"href":"https:\/\/www.huntersfriend.eu\/de\/wp-json\/wp\/v2\/comments?post=281399"}],"wp:featuredmedia":[{"embeddable":true,"href":"https:\/\/www.huntersfriend.eu\/de\/wp-json\/wp\/v2\/media\/253360"}],"wp:attachment":[{"href":"https:\/\/www.huntersfriend.eu\/de\/wp-json\/wp\/v2\/media?parent=281399"}],"wp:term":[{"taxonomy":"product_brand","embeddable":true,"href":"https:\/\/www.huntersfriend.eu\/de\/wp-json\/wp\/v2\/product_brand?post=281399"},{"taxonomy":"product_cat","embeddable":true,"href":"https:\/\/www.huntersfriend.eu\/de\/wp-json\/wp\/v2\/product_cat?post=281399"},{"taxonomy":"product_tag","embeddable":true,"href":"https:\/\/www.huntersfriend.eu\/de\/wp-json\/wp\/v2\/product_tag?post=281399"}],"curies":[{"name":"wp","href":"https:\/\/api.w.org\/{rel}","templated":true}]}}