{"id":281397,"date":"2023-08-30T17:48:07","date_gmt":"2025-06-23T09:58:53","guid":{"rendered":"https:\/\/www.huntersfriend.eu\/product\/huntworth-fleece-muetze\/"},"modified":"2025-08-10T04:52:13","modified_gmt":"2025-08-10T02:52:13","slug":"huntworth-fleece-muetze","status":"publish","type":"product","link":"https:\/\/www.huntersfriend.eu\/de\/produkt\/huntworth-fleece-muetze\/","title":{"rendered":"Huntworth Fleece-M\u00fctze"},"content":{"rendered":"<p><strong>Die Guiford-Schwergewichts-Signalm\u00fctze<\/strong> ist ideal f\u00fcr die Jagd in der sp\u00e4ten Saison, wenn eine hohe Sichtbarkeit in Orange erforderlich ist. Diese Jagdm\u00fctze besteht aus zwei Lagen dicker, nicht pillender Fleece &#8211; eine f\u00fcr das \u00c4u\u00dfere und eine f\u00fcr das Innenfutter. <\/p>\n<p>&nbsp;<\/p>\n","protected":false},"excerpt":{"rendered":"<p>Leuchtendes Orange<\/p>\n","protected":false},"featured_media":253379,"comment_status":"open","ping_status":"closed","template":"","meta":[],"product_brand":[],"product_cat":[1215],"product_tag":[],"class_list":{"0":"post-281397","1":"product","2":"type-product","3":"status-publish","4":"has-post-thumbnail","6":"product_cat-handschuh-socken-und-kopfbedeckung","8":"first","9":"instock","10":"taxable","11":"shipping-taxable","12":"purchasable","13":"product-type-simple"},"composite_virtual":false,"composite_layout":"","composite_add_to_cart_form_location":"","composite_editable_in_cart":false,"composite_sold_individually_context":"","composite_shop_price_calc":"","composite_components":[],"composite_scenarios":[],"group_of_quantity":0,"min_quantity":0,"max_quantity":"","exclude_order_quantity_value_rules":"no","exclude_category_quantity_rules":"no","combine_variations":"no","exclude_global_add_ons":[],"addons":[],"_links":{"self":[{"href":"https:\/\/www.huntersfriend.eu\/de\/wp-json\/wp\/v2\/product\/281397","targetHints":{"allow":["GET"]}}],"collection":[{"href":"https:\/\/www.huntersfriend.eu\/de\/wp-json\/wp\/v2\/product"}],"about":[{"href":"https:\/\/www.huntersfriend.eu\/de\/wp-json\/wp\/v2\/types\/product"}],"replies":[{"embeddable":true,"href":"https:\/\/www.huntersfriend.eu\/de\/wp-json\/wp\/v2\/comments?post=281397"}],"wp:featuredmedia":[{"embeddable":true,"href":"https:\/\/www.huntersfriend.eu\/de\/wp-json\/wp\/v2\/media\/253379"}],"wp:attachment":[{"href":"https:\/\/www.huntersfriend.eu\/de\/wp-json\/wp\/v2\/media?parent=281397"}],"wp:term":[{"taxonomy":"product_brand","embeddable":true,"href":"https:\/\/www.huntersfriend.eu\/de\/wp-json\/wp\/v2\/product_brand?post=281397"},{"taxonomy":"product_cat","embeddable":true,"href":"https:\/\/www.huntersfriend.eu\/de\/wp-json\/wp\/v2\/product_cat?post=281397"},{"taxonomy":"product_tag","embeddable":true,"href":"https:\/\/www.huntersfriend.eu\/de\/wp-json\/wp\/v2\/product_tag?post=281397"}],"curies":[{"name":"wp","href":"https:\/\/api.w.org\/{rel}","templated":true}]}}