{"id":281389,"date":"2023-08-31T18:06:06","date_gmt":"2023-08-31T16:06:06","guid":{"rendered":"https:\/\/www.huntersfriend.eu\/product\/sitka-taupunktjacke\/"},"modified":"2025-08-03T05:35:59","modified_gmt":"2025-08-03T03:35:59","slug":"sitka-taupunktjacke","status":"publish","type":"product","link":"https:\/\/www.huntersfriend.eu\/de\/produkt\/sitka-taupunktjacke\/","title":{"rendered":"SITKA Taupunktjacke"},"content":{"rendered":"<p>Sitkas 3-lagige GORE-TEX Dew Point Jacke bietet leichten, wasserdichten Schutz f\u00fcr unbest\u00e4ndiges Wetter. Zu den minimalistischen Konstruktionsmerkmalen geh\u00f6ren ein 20-Denier-Ripstop-Nylon-Obermaterial mit weicher GORE\u00ae C-KNIT\u00ae R\u00fcckentechnologie f\u00fcr atmungsaktiven Komfort und Packbarkeit, Unterarmbel\u00fcftungen zum Ableiten von W\u00e4rme, mikroverschwei\u00dfte N\u00e4hte zur Gewichtsreduzierung und Rei\u00dfverschlusstaschen, die auch bei Verwendung eines Rucksackgurtes und des Mountain Optics Harness zug\u00e4nglich sind. <\/p>\n<ul class=\"jsx-4143205430 space-y-4 list-disc\">\n<li class=\"jsx-4143205430 remove-marker mt-[24px] md:mt-[60px]\">\n<div class=\"feature_item\"><strong>GORE-TEX<\/strong> wasserdichtes\/atmungsaktives Gewebe hilft Ihnen, komfortabel und fokussiert zu bleiben.<\/div>\n<div class=\"feature_item\"><\/div>\n<\/li>\n<li class=\"jsx-4143205430 remove-marker mt-[24px] md:mt-[60px]\">\n<div class=\"feature_item\"><strong>Material:<\/strong> GORE-TEX 3-lagig, 20-Denier-Gewebe mit Ripstop-Nylon-Oberfl\u00e4che<\/div>\n<div class=\"feature_item\"><\/div>\n<\/li>\n<li class=\"jsx-4143205430 remove-marker mt-[24px] md:mt-[60px]\">\n<div class=\"feature_item\"><strong>Weiche, packbare GORE\u00ae C-KNIT\u00ae<\/strong> R\u00fcckentechnologie f\u00fcr Komfort und Packbarkeit.<\/div>\n<div class=\"feature_item\"><\/div>\n<\/li>\n<li class=\"jsx-4143205430 remove-marker mt-[24px] md:mt-[60px]\">\n<div class=\"feature_item\"><strong>Schnitt<\/strong> zur Aufnahme zus\u00e4tzlicher Schichten f\u00fcr wechselnde Bedingungen konzipiert.<\/div>\n<div class=\"feature_item\"><\/div>\n<\/li>\n<li class=\"jsx-4143205430 remove-marker mt-[24px] md:mt-[60px]\">\n<div class=\"feature_item\"><strong>Integrierte Drop-Away<\/strong> verstellbare Kapuze, die sich bei Bedarf entfalten l\u00e4sst.<\/div>\n<div class=\"feature_item\"><\/div>\n<\/li>\n<li class=\"jsx-4143205430 remove-marker mt-[24px] md:mt-[60px]\">\n<div class=\"feature_item\"><strong>YKK\u00ae Unterarmbel\u00fcftungen<\/strong> leiten W\u00e4rme bei Aufstiegen ab.<\/div>\n<div class=\"feature_item\"><\/div>\n<\/li>\n<li class=\"jsx-4143205430 remove-marker mt-[24px] md:mt-[60px]\">\n<div class=\"feature_item\"><strong>Optimiertes<\/strong> Design f\u00fcr langanhaltende Leistung.<\/div>\n<div class=\"feature_item\"><\/div>\n<\/li>\n<li class=\"jsx-4143205430 remove-marker mt-[24px] md:mt-[60px]\">\n<div class=\"feature_item\"><strong>Rei\u00dfverschlusstaschen<\/strong> erm\u00f6glichen Zugriff auch bei Verwendung eines Rucksackgurts.<\/div>\n<div class=\"feature_item\"><\/div>\n<\/li>\n<li class=\"jsx-4143205430 remove-marker mt-[24px] md:mt-[60px]\">\n<div class=\"feature_item\"><strong>Mikroverschwei\u00dfte N\u00e4hte<\/strong> f\u00fcr Wetterschutz bei minimalem Volumen.<\/div>\n<div class=\"feature_item\"><\/div>\n<\/li>\n<li class=\"jsx-4143205430 remove-marker mt-[24px] md:mt-[60px]\">\n<div class=\"feature_item\"><strong>Verstellbarer<\/strong> Saum und B\u00fcndchen.<\/div>\n<div class=\"feature_item\"><\/div>\n<\/li>\n<li class=\"jsx-4143205430 remove-marker mt-[24px] md:mt-[60px]\">\n<div class=\"feature_item\"><strong>Gewicht:<\/strong> 354 g.<\/div>\n<div class=\"feature_item\"><\/div>\n<\/li>\n<li class=\"jsx-4143205430 remove-marker mt-[24px] md:mt-[60px]\">\n<div class=\"feature_item\"><strong>GORE\u2122 OPTIFADE\u2122 Concealment Subalpine<\/strong> ist konzipiert f\u00fcr das Pirschen und Auflauern von Huftieren in baumbewachsenem und vegetationsreichem Gel\u00e4nde.<\/div>\n<\/li>\n<\/ul>\n","protected":false},"excerpt":{"rendered":"<p>Optifade Subalpine<\/p>\n","protected":false},"featured_media":253877,"comment_status":"open","ping_status":"closed","template":"","meta":[],"product_brand":[],"product_cat":[1384,1222],"product_tag":[],"class_list":{"0":"post-281389","1":"product","2":"type-product","3":"status-publish","4":"has-post-thumbnail","6":"product_cat-jacken","7":"product_cat-sonderangebote","9":"first","10":"instock","11":"sale","12":"taxable","13":"shipping-taxable","14":"purchasable","15":"product-type-variable"},"composite_virtual":false,"composite_layout":"","composite_add_to_cart_form_location":"","composite_editable_in_cart":false,"composite_sold_individually_context":"","composite_shop_price_calc":"","composite_components":[],"composite_scenarios":[],"group_of_quantity":0,"min_quantity":0,"max_quantity":"","exclude_order_quantity_value_rules":"no","exclude_category_quantity_rules":"no","combine_variations":"no","exclude_global_add_ons":[],"addons":[],"_links":{"self":[{"href":"https:\/\/www.huntersfriend.eu\/de\/wp-json\/wp\/v2\/product\/281389","targetHints":{"allow":["GET"]}}],"collection":[{"href":"https:\/\/www.huntersfriend.eu\/de\/wp-json\/wp\/v2\/product"}],"about":[{"href":"https:\/\/www.huntersfriend.eu\/de\/wp-json\/wp\/v2\/types\/product"}],"replies":[{"embeddable":true,"href":"https:\/\/www.huntersfriend.eu\/de\/wp-json\/wp\/v2\/comments?post=281389"}],"wp:featuredmedia":[{"embeddable":true,"href":"https:\/\/www.huntersfriend.eu\/de\/wp-json\/wp\/v2\/media\/253877"}],"wp:attachment":[{"href":"https:\/\/www.huntersfriend.eu\/de\/wp-json\/wp\/v2\/media?parent=281389"}],"wp:term":[{"taxonomy":"product_brand","embeddable":true,"href":"https:\/\/www.huntersfriend.eu\/de\/wp-json\/wp\/v2\/product_brand?post=281389"},{"taxonomy":"product_cat","embeddable":true,"href":"https:\/\/www.huntersfriend.eu\/de\/wp-json\/wp\/v2\/product_cat?post=281389"},{"taxonomy":"product_tag","embeddable":true,"href":"https:\/\/www.huntersfriend.eu\/de\/wp-json\/wp\/v2\/product_tag?post=281389"}],"curies":[{"name":"wp","href":"https:\/\/api.w.org\/{rel}","templated":true}]}}