{"id":281377,"date":"2023-09-07T09:07:00","date_gmt":"2025-06-23T09:58:31","guid":{"rendered":"https:\/\/www.huntersfriend.eu\/product\/huntworth-tech-barrow-handschuh\/"},"modified":"2025-08-10T04:52:12","modified_gmt":"2025-08-10T02:52:12","slug":"huntworth-tech-barrow-handschuh","status":"publish","type":"product","link":"https:\/\/www.huntersfriend.eu\/de\/produkt\/huntworth-tech-barrow-handschuh\/","title":{"rendered":"Huntworth Tech Barrow Handschuh"},"content":{"rendered":"<p><strong>Die schweren Herren-Barrow-Softshell-Handschuhe im Tarnen-Tarnmuster sind mit Heat Boost Graphen-Technologie ausgestattet, um langanhaltende, ganzt\u00e4gige W\u00e4rme ohne die mit K\u00e4lteschutzhandschuhen verbundene Volumin\u00f6sit\u00e4t zu gew\u00e4hrleisten. <\/strong>Unser Design verwendet Heat Boost Graphen-Sherpa, um kontinuierliche W\u00e4rme zu bieten, und die verklebte Konstruktion eines Softshell-Handschuhs, um Fingerfertigkeit zu gew\u00e4hrleisten.<\/p>\n<p>Die Handschuhe wurden entwickelt, um Sie auch bei sinkenden Temperaturen weiterhin jagen zu lassen. Das \u00c4u\u00dfere besteht aus einem 4-Wege-Stretch-Polyester mit Pfirsichhaut-Effekt und einer DWR-Ausr\u00fcstung, die leichte Feuchtigkeit abweist. Es ist mit einer Membran verbunden, die k\u00fchle Winde abh\u00e4lt, sowie mit Heat Boost\u2122 Graphen-Sherpa f\u00fcr isolierende W\u00e4rme. Touchscreen-f\u00e4hige Fingerspitzen erm\u00f6glichen die Nutzung Ihrer Ger\u00e4te. Die extrem vorgekr\u00fcmmte Fingerkonstruktion erlaubt es den Handschuhen, sich der Form Ihrer Hand anzupassen und sorgt f\u00fcr eine nat\u00fcrlichere Passform. Ein robuster Patch aus Kunstleder in der Handfl\u00e4che bietet genau das richtige Ma\u00df an Grip, damit nichts aus Ihren H\u00e4nden rutscht.     <\/p>\n<p>Graphen revolutioniert die Herstellung extrem warmer und flexibler K\u00e4lteschutzhandschuhe. Das Einweben von Graphengarn in unser Sherpa-Futtermaterial h\u00e4lt es leicht, w\u00e4hrend es gleichzeitig mit der dem Graphen innewohnenden W\u00e4rmeleitf\u00e4higkeit, Feuchtigkeitsableitung und antimikrobiellen Eigenschaften aufgeladen wird. Es macht es auch 30% w\u00e4rmer als unser traditionelles Sherpa-Fleece. Der ultimative K\u00e4lteschutzhandschuh f\u00fcr die sp\u00e4te Jagdsaison. Er hat alles, was Sie ben\u00f6tigen &#8211; formschl\u00fcssig, ultraleise und \u00fcberraschend warm. Lassen Sie sich nicht von kalten Fingern nach drinnen treiben. Bezwingen Sie die K\u00e4lte, um l\u00e4nger drau\u00dfen zu bleiben.      <\/p>\n","protected":false},"excerpt":{"rendered":"<p>Die schweren Herren-Barrow-Softshell-Handschuhe im Tarnen-Tarnmuster sind mit Heat Boost Graphen-Technologie ausgestattet, um langanhaltende, ganzt\u00e4gige W\u00e4rme ohne die mit K\u00e4lteschutzhandschuhen verbundene Volumin\u00f6sit\u00e4t zu gew\u00e4hrleisten. Unser Design verwendet Heat Boost Graphen-Sherpa, um kontinuierliche W\u00e4rme zu bieten, und die verklebte Konstruktion eines Softshell-Handschuhs, um Fingerfertigkeit zu gew\u00e4hrleisten. Die Handschuhe wurden entwickelt, um Sie auch bei sinkenden Temperaturen weiterhin [&#8230;]\n","protected":false},"featured_media":253316,"comment_status":"open","ping_status":"closed","template":"","meta":[],"product_brand":[],"product_cat":[1382],"product_tag":[],"class_list":{"0":"post-281377","1":"product","2":"type-product","3":"status-publish","4":"has-post-thumbnail","6":"product_cat-handschuhe","8":"first","9":"instock","10":"taxable","11":"shipping-taxable","12":"purchasable","13":"product-type-variable"},"composite_virtual":false,"composite_layout":"","composite_add_to_cart_form_location":"","composite_editable_in_cart":false,"composite_sold_individually_context":"","composite_shop_price_calc":"","composite_components":[],"composite_scenarios":[],"group_of_quantity":0,"min_quantity":0,"max_quantity":"","exclude_order_quantity_value_rules":"no","exclude_category_quantity_rules":"no","combine_variations":"no","exclude_global_add_ons":[],"addons":[],"_links":{"self":[{"href":"https:\/\/www.huntersfriend.eu\/de\/wp-json\/wp\/v2\/product\/281377","targetHints":{"allow":["GET"]}}],"collection":[{"href":"https:\/\/www.huntersfriend.eu\/de\/wp-json\/wp\/v2\/product"}],"about":[{"href":"https:\/\/www.huntersfriend.eu\/de\/wp-json\/wp\/v2\/types\/product"}],"replies":[{"embeddable":true,"href":"https:\/\/www.huntersfriend.eu\/de\/wp-json\/wp\/v2\/comments?post=281377"}],"wp:featuredmedia":[{"embeddable":true,"href":"https:\/\/www.huntersfriend.eu\/de\/wp-json\/wp\/v2\/media\/253316"}],"wp:attachment":[{"href":"https:\/\/www.huntersfriend.eu\/de\/wp-json\/wp\/v2\/media?parent=281377"}],"wp:term":[{"taxonomy":"product_brand","embeddable":true,"href":"https:\/\/www.huntersfriend.eu\/de\/wp-json\/wp\/v2\/product_brand?post=281377"},{"taxonomy":"product_cat","embeddable":true,"href":"https:\/\/www.huntersfriend.eu\/de\/wp-json\/wp\/v2\/product_cat?post=281377"},{"taxonomy":"product_tag","embeddable":true,"href":"https:\/\/www.huntersfriend.eu\/de\/wp-json\/wp\/v2\/product_tag?post=281377"}],"curies":[{"name":"wp","href":"https:\/\/api.w.org\/{rel}","templated":true}]}}