{"id":281368,"date":"2023-09-07T09:06:57","date_gmt":"2025-06-23T09:58:26","guid":{"rendered":"https:\/\/www.huntersfriend.eu\/product\/huntworth-tarnhandschuhe\/"},"modified":"2025-10-30T11:51:27","modified_gmt":"2025-10-30T09:51:27","slug":"huntworth-tarnhandschuhe","status":"publish","type":"product","link":"https:\/\/www.huntersfriend.eu\/de\/produkt\/huntworth-tarnhandschuhe\/","title":{"rendered":"Huntworth Tarnhandschuhe"},"content":{"rendered":"<p><span class=\"jCAhz ChMk0b\"><span class=\"ryNqvb\">Die leichten Jagdhandschuhe Huntworth Stealth sind eine ausgezeichnete Wahl f\u00fcr warmes Fr\u00fchsaisonwetter, sowohl eigenst\u00e4ndig als auch als Unterhandschuh bei k\u00e4lterem Wetter.<\/span><\/span> <span class=\"jCAhz ChMk0b\"><span class=\"ryNqvb\">Das 4-Wege-Stretch-Actistretch-Gewebe garantiert eine angenehme Passform und ein gutes Gef\u00fchl, wenn Sie es ben\u00f6tigen.<\/span><\/span> <span class=\"jCAhz ChMk0b\"><span class=\"ryNqvb\">Das Oberfl\u00e4chenmaterial des Handschuhs ist \u00e4u\u00dferst ger\u00e4uscharm und effektiv wasserabweisend.<\/span><\/span> <span class=\"jCAhz ChMk0b\"><span class=\"ryNqvb\">Die Handfl\u00e4chenverst\u00e4rkung aus synthetischem Leder gew\u00e4hrleistet einen guten Griff und erh\u00f6ht die Lebensdauer der Handschuhe.<\/span><\/span> <span class=\"jCAhz ChMk0b\"><span class=\"ryNqvb\">Selbst die Verwendung eines Smartphones im Vorbeigehen ist problemlos m\u00f6glich, da diese Handschuhe \u00fcber eine Touchscreen-Funktion verf\u00fcgen!<\/span><\/span> <span class=\"jCAhz ChMk0b\"><span class=\"ryNqvb\">Technische Informationen:<\/span><\/span><\/p>\n<p><span class=\"jCAhz ChMk0b\"><span class=\"ryNqvb\">Muster: Tarnen<\/span><\/span><\/p>\n<p><span class=\"jCAhz ChMk0b\"><span class=\"ryNqvb\">Material: 4-Wege-Actistretch und geripptes Tuf-Stretch-Gestrick<\/span><\/span> <span class=\"jCAhz ChMk0b\"><span class=\"ryNqvb\">Handfl\u00e4chenmaterial: <\/span><\/span> <\/p>\n<p><span class=\"jCAhz ChMk0b\"><span class=\"ryNqvb\">Strapazierf\u00e4hige Verst\u00e4rkung aus synthetischem Leder<\/span><\/span><\/p>\n<p><span class=\"jCAhz ChMk0b\"><span class=\"ryNqvb\">Durable Water Repellent (DWR) wasserabweisende Oberfl\u00e4chenbehandlung, <\/span><\/span>Klettverschluss am Handgelenk, Touchscreen-Funktion an den Fingerspitzen<\/p>\n","protected":false},"excerpt":{"rendered":"<p>Die leichten Jagdhandschuhe Huntworth Stealth sind eine ausgezeichnete Wahl f\u00fcr warmes Fr\u00fchsaisonwetter, sowohl eigenst\u00e4ndig als auch als Unterhandschuh bei k\u00e4lterem Wetter. Das 4-Wege-Stretch-Actistretch-Gewebe garantiert eine angenehme Passform und ein gutes Gef\u00fchl, wenn Sie es ben\u00f6tigen. Das Oberfl\u00e4chenmaterial des Handschuhs ist \u00e4u\u00dferst ger\u00e4uscharm und effektiv wasserabweisend. Die Handfl\u00e4chenverst\u00e4rkung aus synthetischem Leder gew\u00e4hrleistet einen guten Griff und [&#8230;]\n","protected":false},"featured_media":253333,"comment_status":"open","ping_status":"closed","template":"","meta":[],"product_brand":[],"product_cat":[1382],"product_tag":[],"class_list":{"0":"post-281368","1":"product","2":"type-product","3":"status-publish","4":"has-post-thumbnail","6":"product_cat-handschuhe","8":"first","9":"instock","10":"taxable","11":"shipping-taxable","12":"purchasable","13":"product-type-variable"},"composite_virtual":false,"composite_layout":"","composite_add_to_cart_form_location":"","composite_editable_in_cart":false,"composite_sold_individually_context":"","composite_shop_price_calc":"","composite_components":[],"composite_scenarios":[],"group_of_quantity":0,"min_quantity":0,"max_quantity":"","exclude_order_quantity_value_rules":"no","exclude_category_quantity_rules":"no","combine_variations":"no","exclude_global_add_ons":[],"addons":[],"_links":{"self":[{"href":"https:\/\/www.huntersfriend.eu\/de\/wp-json\/wp\/v2\/product\/281368","targetHints":{"allow":["GET"]}}],"collection":[{"href":"https:\/\/www.huntersfriend.eu\/de\/wp-json\/wp\/v2\/product"}],"about":[{"href":"https:\/\/www.huntersfriend.eu\/de\/wp-json\/wp\/v2\/types\/product"}],"replies":[{"embeddable":true,"href":"https:\/\/www.huntersfriend.eu\/de\/wp-json\/wp\/v2\/comments?post=281368"}],"wp:featuredmedia":[{"embeddable":true,"href":"https:\/\/www.huntersfriend.eu\/de\/wp-json\/wp\/v2\/media\/253333"}],"wp:attachment":[{"href":"https:\/\/www.huntersfriend.eu\/de\/wp-json\/wp\/v2\/media?parent=281368"}],"wp:term":[{"taxonomy":"product_brand","embeddable":true,"href":"https:\/\/www.huntersfriend.eu\/de\/wp-json\/wp\/v2\/product_brand?post=281368"},{"taxonomy":"product_cat","embeddable":true,"href":"https:\/\/www.huntersfriend.eu\/de\/wp-json\/wp\/v2\/product_cat?post=281368"},{"taxonomy":"product_tag","embeddable":true,"href":"https:\/\/www.huntersfriend.eu\/de\/wp-json\/wp\/v2\/product_tag?post=281368"}],"curies":[{"name":"wp","href":"https:\/\/api.w.org\/{rel}","templated":true}]}}