{"id":281363,"date":"2023-09-05T09:28:41","date_gmt":"2023-09-05T07:28:41","guid":{"rendered":"https:\/\/www.huntersfriend.eu\/product\/endanflug-letzter-ueberflug-gaensesilhouetten-lockvoegel\/"},"modified":"2026-03-04T12:54:41","modified_gmt":"2026-03-04T10:54:41","slug":"endanflug-letzter-ueberflug-gaensesilhouetten-lockvoegel","status":"publish","type":"product","link":"https:\/\/www.huntersfriend.eu\/de\/produkt\/endanflug-letzter-ueberflug-gaensesilhouetten-lockvoegel\/","title":{"rendered":"Endanflug letzter \u00dcberflug G\u00e4nsesilhouetten-Lockv\u00f6gel"},"content":{"rendered":"<p>Die G\u00e4nsejagd kann mitunter ein Zahlenspiel sein. Vollk\u00f6rper-Lockv\u00f6gel beanspruchen so viel Raum, dass es schwierig sein kann, die f\u00fcr Ihre Jagd erforderliche Anzahl an Lockv\u00f6geln mitzuf\u00fchren. Mit den Last Pass Honker Silhouetten wird dies kein Problem mehr darstellen! Diese Lockv\u00f6gel sind leichtgewichtig, einfach ins Feld zu transportieren, robust und weisen einen lebensechten Aufdruck auf. Dieses Set, das mit vier verschiedenen Kopfpositionen ausgestattet ist, wird Ihrer Aufstellung Leben einhauchen. Ob Sie nun nach zus\u00e4tzlichen Lockv\u00f6geln f\u00fcr Ihre Aufstellung suchen oder eine transportablere Option w\u00fcnschen, diese Lockv\u00f6gel werden sich als perfekte Wahl erweisen.     <\/p>\n<h2><span style=\"font-size: 75%;\">Eigenschaften:<\/span><\/h2>\n<ul>\n<li>12er-Set<\/li>\n<li>Robustes Coroplast-Design f\u00fcr Langlebigkeit<\/li>\n<li>\u00dcbergro\u00df f\u00fcr hervorragende Sichtbarkeit<\/li>\n<li>Naturgetreue Drucke von echten V\u00f6geln in nat\u00fcrlichen Umgebungen<\/li>\n<li>Widerstandsf\u00e4hige Metallst\u00e4be f\u00fcr einfache Aufstellung auf hartem Boden<\/li>\n<li>Einteiliges Design und stapelbar<\/li>\n<li>Enth\u00e4lt: 4 Fressende, 4 Suchende, 2 Ruhende, 2 Aufrechte<\/li>\n<\/ul>\n<p><strong>Achtung: Online-Bestellungen sind auf vier Kartons pro Bestellung begrenzt. Bei gr\u00f6\u00dferen Mengen wenden Sie sich bitte direkt an den Kundenservice, um die Lieferkosten zu erfragen.<\/strong><\/p>\n","protected":false},"excerpt":{"rendered":"<p>Die G\u00e4nsejagd kann mitunter ein Zahlenspiel sein. Vollk\u00f6rper-Lockv\u00f6gel beanspruchen so viel Raum, dass es schwierig sein kann, die f\u00fcr Ihre Jagd erforderliche Anzahl an Lockv\u00f6geln mitzuf\u00fchren. Mit den Last Pass Honker Silhouetten wird dies kein Problem mehr darstellen! Diese Lockv\u00f6gel sind leichtgewichtig, einfach ins Feld zu transportieren, robust und weisen einen lebensechten Aufdruck auf. Dieses [&#8230;]\n","protected":false},"featured_media":253253,"comment_status":"open","ping_status":"closed","template":"","meta":[],"product_brand":[],"product_cat":[2830],"product_tag":[],"class_list":{"0":"post-281363","1":"product","2":"type-product","3":"status-publish","4":"has-post-thumbnail","6":"product_cat-gasbeten","7":"product_shipping_class-medium-de","9":"first","10":"instock","11":"taxable","12":"shipping-taxable","13":"purchasable","14":"product-type-simple"},"composite_virtual":false,"composite_layout":"","composite_add_to_cart_form_location":"","composite_editable_in_cart":false,"composite_sold_individually_context":"","composite_shop_price_calc":"","composite_components":[],"composite_scenarios":[],"group_of_quantity":0,"min_quantity":0,"max_quantity":"","exclude_order_quantity_value_rules":"no","exclude_category_quantity_rules":"no","combine_variations":"no","exclude_global_add_ons":[],"addons":[],"_links":{"self":[{"href":"https:\/\/www.huntersfriend.eu\/de\/wp-json\/wp\/v2\/product\/281363","targetHints":{"allow":["GET"]}}],"collection":[{"href":"https:\/\/www.huntersfriend.eu\/de\/wp-json\/wp\/v2\/product"}],"about":[{"href":"https:\/\/www.huntersfriend.eu\/de\/wp-json\/wp\/v2\/types\/product"}],"replies":[{"embeddable":true,"href":"https:\/\/www.huntersfriend.eu\/de\/wp-json\/wp\/v2\/comments?post=281363"}],"wp:featuredmedia":[{"embeddable":true,"href":"https:\/\/www.huntersfriend.eu\/de\/wp-json\/wp\/v2\/media\/253253"}],"wp:attachment":[{"href":"https:\/\/www.huntersfriend.eu\/de\/wp-json\/wp\/v2\/media?parent=281363"}],"wp:term":[{"taxonomy":"product_brand","embeddable":true,"href":"https:\/\/www.huntersfriend.eu\/de\/wp-json\/wp\/v2\/product_brand?post=281363"},{"taxonomy":"product_cat","embeddable":true,"href":"https:\/\/www.huntersfriend.eu\/de\/wp-json\/wp\/v2\/product_cat?post=281363"},{"taxonomy":"product_tag","embeddable":true,"href":"https:\/\/www.huntersfriend.eu\/de\/wp-json\/wp\/v2\/product_tag?post=281363"}],"curies":[{"name":"wp","href":"https:\/\/api.w.org\/{rel}","templated":true}]}}