{"id":281360,"date":"2023-09-05T14:10:09","date_gmt":"2025-06-23T09:58:22","guid":{"rendered":"https:\/\/www.huntersfriend.eu\/product\/sitka-traverse-kapuzenpullover-elevated-ii\/"},"modified":"2026-01-29T12:12:37","modified_gmt":"2026-01-29T10:12:37","slug":"sitka-traverse-kapuzenpullover-elevated-ii","status":"publish","type":"product","link":"https:\/\/www.huntersfriend.eu\/de\/produkt\/sitka-traverse-kapuzenpullover-elevated-ii\/","title":{"rendered":"SITKA Traverse Kapuzenpullover &#8211; Elevated II"},"content":{"rendered":"<p>Bei der Entwicklung des Traverse Kapuzenpullovers legte Sitka Gear h\u00f6chsten Wert auf Komfort und Vielseitigkeit. Das Innenfutter aus hochflorigem Berber-Fleece sorgt f\u00fcr ein angenehmes Tragegef\u00fchl und bietet reichlich W\u00e4rme, w\u00e4hrend die leichteren Fleece-Eins\u00e4tze an den Seiten und unter den Armen eine optimierte Passform gew\u00e4hrleisten. Die \u00e4u\u00dferst leise Polyester-Strickoberfl\u00e4che mit wasserabweisender Ausr\u00fcstung sch\u00fctzt vor leichtem Niederschlag. Die f\u00fcr diesen Kapuzenpullover verwendeten Materialien bestehen aus recycelten Stoffen.  <\/p>\n<ul class=\"jsx-4143205430 space-y-4 list-disc\">\n<li class=\"jsx-4143205430 remove-marker mt-[24px] md:mt-[60px]\">\n<div class=\"feature_item\">Leiser Polyester-Strickstoff mit hochflorigem Berber-Fleece-Innenfutter<\/div>\n<div class=\"feature_item\"><\/div>\n<\/li>\n<li class=\"jsx-4143205430 remove-marker mt-[24px] md:mt-[60px]\">\n<div class=\"feature_item\">Umweltbewusster Stoff aus recycelten Materialien hergestellt<\/div>\n<div class=\"feature_item\"><\/div>\n<\/li>\n<li class=\"jsx-4143205430 remove-marker mt-[24px] md:mt-[60px]\">\n<div class=\"feature_item\">Strategisch platzierte Fleece-Eins\u00e4tze mittlerer St\u00e4rke an den Seiten und unter den Armen f\u00fcr optimalen Komfort und Bewegungsfreiheit<\/div>\n<div class=\"feature_item\"><\/div>\n<\/li>\n<li class=\"jsx-4143205430 remove-marker mt-[24px] md:mt-[60px]\">\n<div class=\"feature_item\">Dauerhaft wasserabweisende Ausr\u00fcstung sch\u00fctzt vor leichtem Niederschlag und verhindert das Durchn\u00e4ssen des Stoffes<\/div>\n<div class=\"feature_item\"><\/div>\n<\/li>\n<li class=\"jsx-4143205430 remove-marker mt-[24px] md:mt-[60px]\">\n<div class=\"feature_item\">Rei\u00dfverschlusstaschen an den H\u00e4nden und der Brust bieten sichere Aufbewahrungsm\u00f6glichkeiten<\/div>\n<div class=\"feature_item\"><\/div>\n<\/li>\n<li class=\"jsx-4143205430 remove-marker mt-[24px] md:mt-[60px]\">\n<div class=\"feature_item\">Konturierte Kapuze beeintr\u00e4chtigt nicht das periphere Sichtfeld<\/div>\n<div class=\"feature_item\"><\/div>\n<\/li>\n<li class=\"jsx-4143205430 remove-marker mt-[24px] md:mt-[60px]\">\n<div class=\"feature_item\">Integrierte Gesichtsmaske zur Tarnung<\/div>\n<div class=\"feature_item\"><\/div>\n<\/li>\n<li class=\"jsx-4143205430 remove-marker mt-[24px] md:mt-[60px]\">\n<div class=\"feature_item\">Dezente Daumenschlaufen f\u00fcr einfaches Schichten<\/div>\n<div class=\"feature_item\"><\/div>\n<\/li>\n<li class=\"jsx-4143205430 remove-marker mt-[24px] md:mt-[60px]\">\n<div class=\"feature_item\">Gesamtgewicht: 822 Gramm<\/div>\n<\/li>\n<\/ul>\n","protected":false},"excerpt":{"rendered":"<p>Optifade Elevate<\/p>\n","protected":false},"featured_media":253744,"comment_status":"open","ping_status":"closed","template":"","meta":[],"product_brand":[],"product_cat":[2184,2813],"product_tag":[],"class_list":{"0":"post-281360","1":"product","2":"type-product","3":"status-publish","4":"has-post-thumbnail","6":"product_cat-hemden-kapuzenpullover","7":"product_cat-skjortor-hoodies","9":"first","10":"instock","11":"taxable","12":"shipping-taxable","13":"purchasable","14":"product-type-variable"},"composite_virtual":false,"composite_layout":"","composite_add_to_cart_form_location":"","composite_editable_in_cart":false,"composite_sold_individually_context":"","composite_shop_price_calc":"","composite_components":[],"composite_scenarios":[],"group_of_quantity":0,"min_quantity":0,"max_quantity":"","exclude_order_quantity_value_rules":"no","exclude_category_quantity_rules":"no","combine_variations":"no","exclude_global_add_ons":[],"addons":[],"_links":{"self":[{"href":"https:\/\/www.huntersfriend.eu\/de\/wp-json\/wp\/v2\/product\/281360","targetHints":{"allow":["GET"]}}],"collection":[{"href":"https:\/\/www.huntersfriend.eu\/de\/wp-json\/wp\/v2\/product"}],"about":[{"href":"https:\/\/www.huntersfriend.eu\/de\/wp-json\/wp\/v2\/types\/product"}],"replies":[{"embeddable":true,"href":"https:\/\/www.huntersfriend.eu\/de\/wp-json\/wp\/v2\/comments?post=281360"}],"wp:featuredmedia":[{"embeddable":true,"href":"https:\/\/www.huntersfriend.eu\/de\/wp-json\/wp\/v2\/media\/253744"}],"wp:attachment":[{"href":"https:\/\/www.huntersfriend.eu\/de\/wp-json\/wp\/v2\/media?parent=281360"}],"wp:term":[{"taxonomy":"product_brand","embeddable":true,"href":"https:\/\/www.huntersfriend.eu\/de\/wp-json\/wp\/v2\/product_brand?post=281360"},{"taxonomy":"product_cat","embeddable":true,"href":"https:\/\/www.huntersfriend.eu\/de\/wp-json\/wp\/v2\/product_cat?post=281360"},{"taxonomy":"product_tag","embeddable":true,"href":"https:\/\/www.huntersfriend.eu\/de\/wp-json\/wp\/v2\/product_tag?post=281360"}],"curies":[{"name":"wp","href":"https:\/\/api.w.org\/{rel}","templated":true}]}}