{"id":281352,"date":"2023-09-05T14:03:22","date_gmt":"2025-06-23T09:58:17","guid":{"rendered":"https:\/\/www.huntersfriend.eu\/product\/sitka-trucker-kappe-elevated-ii\/"},"modified":"2026-03-11T14:36:19","modified_gmt":"2026-03-11T12:36:19","slug":"sitka-trucker-kappe-elevated-ii","status":"publish","type":"product","link":"https:\/\/www.huntersfriend.eu\/de\/produkt\/sitka-trucker-kappe-elevated-ii\/","title":{"rendered":"SITKA Trucker-Kappe Elevated II"},"content":{"rendered":"<p>Der klassische Trucker wird in allen f\u00fcnf OPTIFADE\u2122-Mustern sowie in Signalorange angeboten, verf\u00fcgt \u00fcber einen flachen Schirm und ein Netzmaterial an der R\u00fcckseite f\u00fcr erh\u00f6hte Atmungsaktivit\u00e4t. Dieses Modell ist in Optifade Elevated II gehalten. <\/p>\n","protected":false},"excerpt":{"rendered":"<p>Optifade Elevated II<\/p>\n","protected":false},"featured_media":253794,"comment_status":"open","ping_status":"closed","template":"","meta":[],"product_brand":[],"product_cat":[2716,1215],"product_tag":[],"class_list":{"0":"post-281352","1":"product","2":"type-product","3":"status-publish","4":"has-post-thumbnail","6":"product_cat-hattar-och-huvudbonader","7":"product_cat-handschuh-socken-und-kopfbedeckung","9":"first","10":"instock","11":"taxable","12":"shipping-taxable","13":"purchasable","14":"product-type-simple"},"composite_virtual":false,"composite_layout":"","composite_add_to_cart_form_location":"","composite_editable_in_cart":false,"composite_sold_individually_context":"","composite_shop_price_calc":"","composite_components":[],"composite_scenarios":[],"group_of_quantity":0,"min_quantity":0,"max_quantity":"","exclude_order_quantity_value_rules":"no","exclude_category_quantity_rules":"no","combine_variations":"no","exclude_global_add_ons":[],"addons":[],"_links":{"self":[{"href":"https:\/\/www.huntersfriend.eu\/de\/wp-json\/wp\/v2\/product\/281352","targetHints":{"allow":["GET"]}}],"collection":[{"href":"https:\/\/www.huntersfriend.eu\/de\/wp-json\/wp\/v2\/product"}],"about":[{"href":"https:\/\/www.huntersfriend.eu\/de\/wp-json\/wp\/v2\/types\/product"}],"replies":[{"embeddable":true,"href":"https:\/\/www.huntersfriend.eu\/de\/wp-json\/wp\/v2\/comments?post=281352"}],"wp:featuredmedia":[{"embeddable":true,"href":"https:\/\/www.huntersfriend.eu\/de\/wp-json\/wp\/v2\/media\/253794"}],"wp:attachment":[{"href":"https:\/\/www.huntersfriend.eu\/de\/wp-json\/wp\/v2\/media?parent=281352"}],"wp:term":[{"taxonomy":"product_brand","embeddable":true,"href":"https:\/\/www.huntersfriend.eu\/de\/wp-json\/wp\/v2\/product_brand?post=281352"},{"taxonomy":"product_cat","embeddable":true,"href":"https:\/\/www.huntersfriend.eu\/de\/wp-json\/wp\/v2\/product_cat?post=281352"},{"taxonomy":"product_tag","embeddable":true,"href":"https:\/\/www.huntersfriend.eu\/de\/wp-json\/wp\/v2\/product_tag?post=281352"}],"curies":[{"name":"wp","href":"https:\/\/api.w.org\/{rel}","templated":true}]}}