{"id":281342,"date":"2023-09-19T10:56:29","date_gmt":"2025-06-23T09:57:20","guid":{"rendered":"https:\/\/www.huntersfriend.eu\/product\/huntworth-saskatoon-softshell-weste\/"},"modified":"2025-11-17T21:49:39","modified_gmt":"2025-11-17T19:49:39","slug":"huntworth-saskatoon-softshell-weste","status":"publish","type":"product","link":"https:\/\/www.huntersfriend.eu\/de\/produkt\/huntworth-saskatoon-softshell-weste\/","title":{"rendered":"Huntworth Saskatoon Softshell-Weste"},"content":{"rendered":"<p><strong>Die Saskatoon Kaltwetter-Softshell-Weste verf\u00fcgt \u00fcber Heat Boost Graphen-Sherpa<\/strong> &#8211; ein fortschrittliches Gewebe mit Graphentechnologie, das \u00fcberlegene leichtgewichtige W\u00e4rme bietet. Diese Jagdweste kann als \u00e4u\u00dferes Kleidungsst\u00fcck bis in die sp\u00e4te Saison oder als Zwischenschicht verwendet werden, wenn die Temperaturen frostig werden. <\/p>\n<p>Das <a class=\"heat-boost-info-link\" href=\"https:\/\/huntworthgear.com\/graphene-technology-heat-boost\">Graphen-Garn<\/a>, das in das Sherpa eingearbeitet ist, besitzt die dem Graphen inh\u00e4renten Eigenschaften der W\u00e4rmeleitf\u00e4higkeit, Feuchtigkeitsableitung und antimikrobiellen Wirkung. Das Graphen nutzt die Energie Ihres K\u00f6rpers, absorbiert die W\u00e4rme und gibt sie zur\u00fcck, wodurch Sie von einer lang anhaltenden Strahlungsw\u00e4rme umgeben werden. Die Heat Boost\u2122 Graphentechnologie verst\u00e4rkt die W\u00e4rme des Sherpas ohne Zunahme des Volumens, wodurch die Weste \u00fcberraschend leicht ist, wenn man bedenkt, wie warm sie ist.  <\/p>\n<p>Diese winddichte Tarnen-Weste besteht aus einem 4-Wege-Stretch-Pfirsichhaut-Polyester mit einer DWR-Ausr\u00fcstung, die leichte Feuchtigkeit abweist. Eine laminierte Membran blockiert das Eindringen kalter Winde, und das Heat Boost\u2122 Graphen-Sherpa-Innenfutter erm\u00f6glicht es Ihnen, die Kernw\u00e4rme unabh\u00e4ngig von sinkenden Temperaturen aufrechtzuerhalten. Der hohe Stehkragen und der verl\u00e4ngerte Saum halten die K\u00e4lte fern. Mit einer Vielzahl von Taschen k\u00f6nnen Sie Ihre Ausr\u00fcstung leicht griffbereit halten: zwei Rei\u00dfverschluss-Seitentaschen, eine Rei\u00dfverschluss-Brusttasche und zwei innenliegende Stautaschen. Nutzen Sie die Gurtdurchf\u00fchrung, wenn Sie auf dem Hochsitz sind.    <\/p>\n<p>Die Heat Boost Weste ist hervorragend geeignet f\u00fcr westliche Pirsch- und Ansitzjagden sowie f\u00fcr Jagden aus Tarnzelten und Hochsitzen. Vielseitigkeit ist der Schl\u00fcssel zu dieser Jagdweste im Tarnen-Muster. <\/p>\n<ul>\n<li><strong>Au\u00dfenmaterial: <\/strong>Dreischichtiges Gewebe, bestehend aus 4-Wege-Stretch-Pfirsichhaut-Polyester, laminiert mit einer winddichten, atmungsaktiven Membran und Heat Boost\u2122 Graphen-Sherpa f\u00fcr ein kombiniertes Stoffgewicht von 380g. 100% Polyester. <\/li>\n<li><strong>Heat Boost\u2122 Graphentechnologie: <\/strong>Eine Reihe verbesserter Stoffe, die mit der W\u00e4rmeleitf\u00e4higkeit, Feuchtigkeitsableitung und antimikrobiellen Eigenschaften von Graphen aufgeladen sind.<\/li>\n<li><strong>Winddicht: <\/strong>Laminierte Filmmembran blockiert das Eindringen von Wind<\/li>\n<li><strong>DWR: <\/strong>Dauerhafte wasserabweisende (DWR) Ausr\u00fcstung auf der Stoffoberfl\u00e4che weist Feuchtigkeit und leichten Schnee ab<\/li>\n<li><strong>Taschen:<\/strong> Zwei Rei\u00dfverschluss-Handw\u00e4rmetaschen, eine Rei\u00dfverschluss-Brusttasche und zwei innenliegende Stautaschen<\/li>\n<li><strong>Verl\u00e4ngerter Saum: <\/strong>Hinten l\u00e4nger f\u00fcr mehr Bedeckung.<\/li>\n<li><strong>Rei\u00dfverschluss:<\/strong> Durchgehender Rei\u00dfverschluss mit Kinnschutz<\/li>\n<li><strong>Besonderes Merkmal:<\/strong> Gurtdurchf\u00fchrung am R\u00fccken<\/li>\n<li><strong>Durchschnittliches Gewicht des Kleidungsst\u00fccks:<\/strong> 635 g f\u00fcr Gr\u00f6\u00dfe XL<\/li>\n<li><strong>Empfohlener Temperaturbereich:<\/strong> -23\u00b0C bis 4\u00b0C mit entsprechender Schichtung nach Bedarf<\/li>\n<\/ul>\n","protected":false},"excerpt":{"rendered":"<p>Die Saskatoon Kaltwetter-Softshell-Weste verf\u00fcgt \u00fcber Heat Boost Graphen-Sherpa &#8211; ein fortschrittliches Gewebe mit Graphentechnologie, das \u00fcberlegene leichtgewichtige W\u00e4rme bietet. Diese Jagdweste kann als \u00e4u\u00dferes Kleidungsst\u00fcck bis in die sp\u00e4te Saison oder als Zwischenschicht verwendet werden, wenn die Temperaturen frostig werden. Das Graphen-Garn, das in das Sherpa eingearbeitet ist, besitzt die dem Graphen inh\u00e4renten Eigenschaften der [&#8230;]\n","protected":false},"featured_media":254231,"comment_status":"open","ping_status":"closed","template":"","meta":[],"product_brand":[],"product_cat":[1386],"product_tag":[],"class_list":{"0":"post-281342","1":"product","2":"type-product","3":"status-publish","4":"has-post-thumbnail","6":"product_cat-westen","8":"first","9":"instock","10":"taxable","11":"shipping-taxable","12":"purchasable","13":"product-type-variable"},"composite_virtual":false,"composite_layout":"","composite_add_to_cart_form_location":"","composite_editable_in_cart":false,"composite_sold_individually_context":"","composite_shop_price_calc":"","composite_components":[],"composite_scenarios":[],"group_of_quantity":0,"min_quantity":0,"max_quantity":"","exclude_order_quantity_value_rules":"no","exclude_category_quantity_rules":"no","combine_variations":"no","exclude_global_add_ons":[],"addons":[],"_links":{"self":[{"href":"https:\/\/www.huntersfriend.eu\/de\/wp-json\/wp\/v2\/product\/281342","targetHints":{"allow":["GET"]}}],"collection":[{"href":"https:\/\/www.huntersfriend.eu\/de\/wp-json\/wp\/v2\/product"}],"about":[{"href":"https:\/\/www.huntersfriend.eu\/de\/wp-json\/wp\/v2\/types\/product"}],"replies":[{"embeddable":true,"href":"https:\/\/www.huntersfriend.eu\/de\/wp-json\/wp\/v2\/comments?post=281342"}],"wp:featuredmedia":[{"embeddable":true,"href":"https:\/\/www.huntersfriend.eu\/de\/wp-json\/wp\/v2\/media\/254231"}],"wp:attachment":[{"href":"https:\/\/www.huntersfriend.eu\/de\/wp-json\/wp\/v2\/media?parent=281342"}],"wp:term":[{"taxonomy":"product_brand","embeddable":true,"href":"https:\/\/www.huntersfriend.eu\/de\/wp-json\/wp\/v2\/product_brand?post=281342"},{"taxonomy":"product_cat","embeddable":true,"href":"https:\/\/www.huntersfriend.eu\/de\/wp-json\/wp\/v2\/product_cat?post=281342"},{"taxonomy":"product_tag","embeddable":true,"href":"https:\/\/www.huntersfriend.eu\/de\/wp-json\/wp\/v2\/product_tag?post=281342"}],"curies":[{"name":"wp","href":"https:\/\/api.w.org\/{rel}","templated":true}]}}