{"id":281341,"date":"2023-09-13T14:53:07","date_gmt":"2025-06-23T09:57:18","guid":{"rendered":"https:\/\/www.huntersfriend.eu\/product\/finaler-ansitz-layout-gaensestuhl-2\/"},"modified":"2025-06-23T11:57:18","modified_gmt":"2025-06-23T09:57:18","slug":"finaler-ansitz-layout-gaensestuhl-2","status":"publish","type":"product","link":"https:\/\/www.huntersfriend.eu\/de\/produkt\/finaler-ansitz-layout-gaensestuhl-2\/","title":{"rendered":"Finaler Ansitz-Layout-G\u00e4nsestuhl"},"content":{"rendered":"<p>Sich in Wei\u00df inmitten Ihrer Lockvogel-Aufstellung zu platzieren, ist eine hervorragende Taktik f\u00fcr die G\u00e4nsejagd. Der FA Layout Goose Chair wird Ihr Erlebnis noch weiter verbessern. Das 5 cm dicke, wasserabweisende Polster gew\u00e4hrleistet Ihren ganzt\u00e4gigen Komfort. Die R\u00fcckenlehne verf\u00fcgt \u00fcber 4 einfach verstellbare Winkel, um Ihnen das bestm\u00f6gliche Jagderlebnis zu bieten. Um Personen jeglicher Statur gerecht zu werden, ist die R\u00fcckenlehne 58 cm breit und verf\u00fcgt \u00fcber eine verstellbare Kopfst\u00fctze. Wenn es an der Zeit ist, aufzubrechen, falten Sie den Stuhl einfach zur H\u00e4lfte zusammen und sichern Sie ihn mit der Schnalle zur Aufbewahrung.     <\/p>\n<h2>Eigenschaften:<\/h2>\n<ul>\n<li>Wasserabweisender Boden<\/li>\n<li>4 R\u00fcckenlehnenpositionen<\/li>\n<li>Verstellbare Kopfst\u00fctze<\/li>\n<li>Schulterriemen<\/li>\n<li>Sitzma\u00dfe: L 63,5 cm x B 58 cm x H 5 cm<\/li>\n<li>Gesamtl\u00e4nge: 122 cm<\/li>\n<li>Verstellbare H\u00f6he: 40-50 cm<\/li>\n<li>Zusammengelegte Ma\u00dfe: L 74 cm x 63,5 cm x H 18 cm<\/li>\n<\/ul>\n","protected":false},"excerpt":{"rendered":"<p>Sich in Wei\u00df inmitten Ihrer Lockvogel-Aufstellung zu platzieren, ist eine hervorragende Taktik f\u00fcr die G\u00e4nsejagd. Der FA Layout Goose Chair wird Ihr Erlebnis noch weiter verbessern. Das 5 cm dicke, wasserabweisende Polster gew\u00e4hrleistet Ihren ganzt\u00e4gigen Komfort. Die R\u00fcckenlehne verf\u00fcgt \u00fcber 4 einfach verstellbare Winkel, um Ihnen das bestm\u00f6gliche Jagderlebnis zu bieten. Um Personen jeglicher Statur [&#8230;]\n","protected":false},"featured_media":254360,"comment_status":"open","ping_status":"closed","template":"","meta":[],"product_brand":[],"product_cat":[1392],"product_tag":[],"class_list":{"0":"post-281341","1":"product","2":"type-product","3":"status-publish","4":"has-post-thumbnail","6":"product_cat-tarnschirme-fur-wasserjagd","8":"first","9":"instock","10":"taxable","11":"shipping-taxable","12":"purchasable","13":"product-type-simple"},"composite_virtual":false,"composite_layout":"","composite_add_to_cart_form_location":"","composite_editable_in_cart":false,"composite_sold_individually_context":"","composite_shop_price_calc":"","composite_components":[],"composite_scenarios":[],"group_of_quantity":0,"min_quantity":0,"max_quantity":"","exclude_order_quantity_value_rules":"no","exclude_category_quantity_rules":"no","combine_variations":"no","exclude_global_add_ons":[],"addons":[],"_links":{"self":[{"href":"https:\/\/www.huntersfriend.eu\/de\/wp-json\/wp\/v2\/product\/281341","targetHints":{"allow":["GET"]}}],"collection":[{"href":"https:\/\/www.huntersfriend.eu\/de\/wp-json\/wp\/v2\/product"}],"about":[{"href":"https:\/\/www.huntersfriend.eu\/de\/wp-json\/wp\/v2\/types\/product"}],"replies":[{"embeddable":true,"href":"https:\/\/www.huntersfriend.eu\/de\/wp-json\/wp\/v2\/comments?post=281341"}],"wp:featuredmedia":[{"embeddable":true,"href":"https:\/\/www.huntersfriend.eu\/de\/wp-json\/wp\/v2\/media\/254360"}],"wp:attachment":[{"href":"https:\/\/www.huntersfriend.eu\/de\/wp-json\/wp\/v2\/media?parent=281341"}],"wp:term":[{"taxonomy":"product_brand","embeddable":true,"href":"https:\/\/www.huntersfriend.eu\/de\/wp-json\/wp\/v2\/product_brand?post=281341"},{"taxonomy":"product_cat","embeddable":true,"href":"https:\/\/www.huntersfriend.eu\/de\/wp-json\/wp\/v2\/product_cat?post=281341"},{"taxonomy":"product_tag","embeddable":true,"href":"https:\/\/www.huntersfriend.eu\/de\/wp-json\/wp\/v2\/product_tag?post=281341"}],"curies":[{"name":"wp","href":"https:\/\/api.w.org\/{rel}","templated":true}]}}