{"id":281340,"date":"2023-09-13T14:41:05","date_gmt":"2023-09-13T12:41:05","guid":{"rendered":"https:\/\/www.huntersfriend.eu\/product\/finaler-ansatz-leichtgewichtiges-knockout-tarnzelt\/"},"modified":"2026-02-25T08:56:29","modified_gmt":"2026-02-25T06:56:29","slug":"finaler-ansatz-leichtgewichtiges-knockout-tarnzelt","status":"publish","type":"product","link":"https:\/\/www.huntersfriend.eu\/de\/produkt\/finaler-ansatz-leichtgewichtiges-knockout-tarnzelt\/","title":{"rendered":"Finaler Ansatz leichtgewichtiges Knockout-Tarnzelt"},"content":{"rendered":"<p>Das neue Leichtgewicht-Knockout-Tarnzelt ist eine kleinere Version des urspr\u00fcnglichen Knockout-Tarnzelts. Die geringere Gr\u00f6\u00dfe macht es tragbarer und nimmt weniger Platz bei Lagerung oder Transport ein. Diese Serie von Tarnzelten bietet den schnellsten Auf- und Abbau aller Tarnzelte auf dem Markt sowie h\u00f6chste Haltbarkeit. Es l\u00e4sst sich in Sekundenbruchteilen auf- und abbauen und schnell verstauen. Der robuste Rahmen und die St\u00fctzstangen erm\u00f6glichen es, beim Ein- und Aussteigen Druck auf das Tarnzelt auszu\u00fcben, was bisher bei Tarnzelten nicht m\u00f6glich war.    <\/p>\n<h2><span style=\"font-size: 80%;\">Merkmale: <\/span><\/h2>\n<ul>\n<li>Neu konzipierter Klapprahmen f\u00fcr schnellen Auf- und Abbau<\/li>\n<li>Abbaustangen und Kopfst\u00fctzenstangen f\u00fcr zus\u00e4tzliche Haltbarkeit und Stabilit\u00e4t<\/li>\n<li>R\u00fcckseitiges Netzgewebe zur Verdeckung des Hinterkopfes beim Drehen zur Vogelbeobachtung<\/li>\n<li>Original Stubble-Riemen zum Tarnen des Zelts<\/li>\n<li>Original Schnellzugriffs-Flaggenl\u00f6cher<\/li>\n<li>Rei\u00dfverschluss-\u201eReinigungst\u00fcr\u201c am Stiefelhalter<\/li>\n<li>Strapazierf\u00e4higes Tarnstoffgewebe mit wasserabweisender Beschichtung<\/li>\n<li>Wasserdichter Boden<\/li>\n<li>Komfortable gepolsterte Kopfst\u00fctze<\/li>\n<li>Moosiger Eichen-Lebensraum<\/li>\n<li>Cockpit-\u00d6ffnung: 102 cm L x 53 cm B<\/li>\n<li>86 cm B x 208 cm L x 43 cm H, wiegt nur 8 kg.<\/li>\n<\/ul>\n","protected":false},"excerpt":{"rendered":"<p>Das neue Leichtgewicht-Knockout-Tarnzelt ist eine kleinere Version des urspr\u00fcnglichen Knockout-Tarnzelts. Die geringere Gr\u00f6\u00dfe macht es tragbarer und nimmt weniger Platz bei Lagerung oder Transport ein. Diese Serie von Tarnzelten bietet den schnellsten Auf- und Abbau aller Tarnzelte auf dem Markt sowie h\u00f6chste Haltbarkeit. Es l\u00e4sst sich in Sekundenbruchteilen auf- und abbauen und schnell verstauen. Der [&#8230;]\n","protected":false},"featured_media":254387,"comment_status":"open","ping_status":"closed","template":"","meta":[],"product_brand":[],"product_cat":[1145],"product_tag":[],"class_list":{"0":"post-281340","1":"product","2":"type-product","3":"status-publish","4":"has-post-thumbnail","6":"product_cat-sonstiges","7":"product_shipping_class-big-de","9":"first","10":"outofstock","11":"taxable","12":"shipping-taxable","13":"purchasable","14":"product-type-simple"},"composite_virtual":false,"composite_layout":"","composite_add_to_cart_form_location":"","composite_editable_in_cart":false,"composite_sold_individually_context":"","composite_shop_price_calc":"","composite_components":[],"composite_scenarios":[],"group_of_quantity":0,"min_quantity":0,"max_quantity":"","exclude_order_quantity_value_rules":"no","exclude_category_quantity_rules":"no","combine_variations":"no","exclude_global_add_ons":[],"addons":[],"_links":{"self":[{"href":"https:\/\/www.huntersfriend.eu\/de\/wp-json\/wp\/v2\/product\/281340","targetHints":{"allow":["GET"]}}],"collection":[{"href":"https:\/\/www.huntersfriend.eu\/de\/wp-json\/wp\/v2\/product"}],"about":[{"href":"https:\/\/www.huntersfriend.eu\/de\/wp-json\/wp\/v2\/types\/product"}],"replies":[{"embeddable":true,"href":"https:\/\/www.huntersfriend.eu\/de\/wp-json\/wp\/v2\/comments?post=281340"}],"wp:featuredmedia":[{"embeddable":true,"href":"https:\/\/www.huntersfriend.eu\/de\/wp-json\/wp\/v2\/media\/254387"}],"wp:attachment":[{"href":"https:\/\/www.huntersfriend.eu\/de\/wp-json\/wp\/v2\/media?parent=281340"}],"wp:term":[{"taxonomy":"product_brand","embeddable":true,"href":"https:\/\/www.huntersfriend.eu\/de\/wp-json\/wp\/v2\/product_brand?post=281340"},{"taxonomy":"product_cat","embeddable":true,"href":"https:\/\/www.huntersfriend.eu\/de\/wp-json\/wp\/v2\/product_cat?post=281340"},{"taxonomy":"product_tag","embeddable":true,"href":"https:\/\/www.huntersfriend.eu\/de\/wp-json\/wp\/v2\/product_tag?post=281340"}],"curies":[{"name":"wp","href":"https:\/\/api.w.org\/{rel}","templated":true}]}}