{"id":281335,"date":"2023-09-13T13:27:05","date_gmt":"2025-06-23T09:57:10","guid":{"rendered":"https:\/\/www.huntersfriend.eu\/product\/huntworth-gebondete-hosen\/"},"modified":"2025-06-26T09:32:46","modified_gmt":"2025-06-26T07:32:46","slug":"huntworth-gebondete-hosen","status":"publish","type":"product","link":"https:\/\/www.huntersfriend.eu\/de\/produkt\/huntworth-gebondete-hosen\/","title":{"rendered":"Huntworth gebondete Hosen"},"content":{"rendered":"<p><span class=\"jCAhz ChMk0b\"><span class=\"ryNqvb\">Huntworth gebondete Hosen sind Jagdhosen f\u00fcr Herren mit einem Berber-Fleece-Futter.<\/span><\/span> <span class=\"jCAhz ChMk0b\"><span class=\"ryNqvb\">Die geb\u00fcrstete Trikot-Softshell-Oberfl\u00e4che mit Tarnen-Tarnmustern bietet warme, aber ger\u00e4uscharme Hosen f\u00fcr Herbstjagden.<\/span><\/span> <span class=\"jCAhz ChMk0b\"><span class=\"ryNqvb\">Die winddichte Membran der gebondeten Hosen h\u00e4lt unangenehmen Wind au\u00dferhalb der Hose, ohne die Atmungsaktivit\u00e4t der Hose \u00fcberm\u00e4\u00dfig zu beeintr\u00e4chtigen.<\/span><\/span> <span class=\"jCAhz ChMk0b\"><span class=\"ryNqvb\">Die sechs gro\u00dfz\u00fcgig bemessenen Taschen an exzellent platzierten Stellen gew\u00e4hrleisten, dass Ihre Accessoires bequem und sicher mitgef\u00fchrt werden k\u00f6nnen.<\/span><\/span><\/p>\n<p><span class=\"jCAhz ChMk0b\"><span class=\"ryNqvb\">Technische Informationen:<\/span><\/span><\/p>\n<p><span class=\"jCAhz ChMk0b\"><span class=\"ryNqvb\">Oberfl\u00e4chenmaterial: Geb\u00fcrstetes Softshell-Trikot mit Tarnen-Tarnmustern<\/span><\/span><\/p>\n<p><span class=\"jCAhz ChMk0b\"><span class=\"ryNqvb\">Membran: Winddicht<\/span><\/span> <span class=\"jCAhz ChMk0b\"><span class=\"ryNqvb\">Innenmaterial: Berber-Fleece<\/span><\/span> <span class=\"jCAhz ChMk0b\"><span class=\"ryNqvb\">Taschen: Zwei Oberschenkeltaschen mit Rei\u00dfverschluss, zwei Ges\u00e4\u00dftaschen und zwei normale Bundtaschen<\/span><\/span> <span class=\"jCAhz ChMk0b\"><span class=\"ryNqvb\">Sonstiges: Die Rei\u00dfverschl\u00fcsse an den Beinen verf\u00fcgen \u00fcber innenliegende Windschutzleisten<\/span><\/span><\/p>\n","protected":false},"excerpt":{"rendered":"<p>Huntworth gebondete Hosen sind Jagdhosen f\u00fcr Herren mit einem Berber-Fleece-Futter. Die geb\u00fcrstete Trikot-Softshell-Oberfl\u00e4che mit Tarnen-Tarnmustern bietet warme, aber ger\u00e4uscharme Hosen f\u00fcr Herbstjagden. Die winddichte Membran der gebondeten Hosen h\u00e4lt unangenehmen Wind au\u00dferhalb der Hose, ohne die Atmungsaktivit\u00e4t der Hose \u00fcberm\u00e4\u00dfig zu beeintr\u00e4chtigen. Die sechs gro\u00dfz\u00fcgig bemessenen Taschen an exzellent platzierten Stellen gew\u00e4hrleisten, dass Ihre Accessoires [&#8230;]\n","protected":false},"featured_media":254286,"comment_status":"open","ping_status":"closed","template":"","meta":[],"product_brand":[],"product_cat":[1128],"product_tag":[],"class_list":{"0":"post-281335","1":"product","2":"type-product","3":"status-publish","4":"has-post-thumbnail","6":"product_cat-hosen","8":"first","9":"instock","10":"taxable","11":"shipping-taxable","12":"purchasable","13":"product-type-variable"},"composite_virtual":false,"composite_layout":"","composite_add_to_cart_form_location":"","composite_editable_in_cart":false,"composite_sold_individually_context":"","composite_shop_price_calc":"","composite_components":[],"composite_scenarios":[],"group_of_quantity":0,"min_quantity":0,"max_quantity":"","exclude_order_quantity_value_rules":"no","exclude_category_quantity_rules":"no","combine_variations":"no","exclude_global_add_ons":[],"addons":[],"_links":{"self":[{"href":"https:\/\/www.huntersfriend.eu\/de\/wp-json\/wp\/v2\/product\/281335","targetHints":{"allow":["GET"]}}],"collection":[{"href":"https:\/\/www.huntersfriend.eu\/de\/wp-json\/wp\/v2\/product"}],"about":[{"href":"https:\/\/www.huntersfriend.eu\/de\/wp-json\/wp\/v2\/types\/product"}],"replies":[{"embeddable":true,"href":"https:\/\/www.huntersfriend.eu\/de\/wp-json\/wp\/v2\/comments?post=281335"}],"wp:featuredmedia":[{"embeddable":true,"href":"https:\/\/www.huntersfriend.eu\/de\/wp-json\/wp\/v2\/media\/254286"}],"wp:attachment":[{"href":"https:\/\/www.huntersfriend.eu\/de\/wp-json\/wp\/v2\/media?parent=281335"}],"wp:term":[{"taxonomy":"product_brand","embeddable":true,"href":"https:\/\/www.huntersfriend.eu\/de\/wp-json\/wp\/v2\/product_brand?post=281335"},{"taxonomy":"product_cat","embeddable":true,"href":"https:\/\/www.huntersfriend.eu\/de\/wp-json\/wp\/v2\/product_cat?post=281335"},{"taxonomy":"product_tag","embeddable":true,"href":"https:\/\/www.huntersfriend.eu\/de\/wp-json\/wp\/v2\/product_tag?post=281335"}],"curies":[{"name":"wp","href":"https:\/\/api.w.org\/{rel}","templated":true}]}}