{"id":281334,"date":"2023-09-08T10:05:22","date_gmt":"2025-06-23T09:57:10","guid":{"rendered":"https:\/\/www.huntersfriend.eu\/product\/3di-familienpaket-nerz-bisamratte-und-praeriehund\/"},"modified":"2025-08-26T14:47:46","modified_gmt":"2025-08-26T12:47:46","slug":"3di-familienpaket-nerz-bisamratte-und-praeriehund","status":"publish","type":"product","link":"https:\/\/www.huntersfriend.eu\/de\/produkt\/3di-familienpaket-nerz-bisamratte-und-praeriehund\/","title":{"rendered":"3Di Familienpaket Nerz, Bisamratte und Pr\u00e4riehund"},"content":{"rendered":"<ul>\n<li>Konzipiert f\u00fcr Bogensch\u00fctzen zur Erstellung ihrer eigenen Sammlung von 3D-Zielen<\/li>\n<li>Ideal f\u00fcr den Garten oder kleine Schie\u00dfst\u00e4nde<\/li>\n<li>Drei Ziele f\u00fcr Abwechslung inklusive<\/li>\n<li>Hochwertige Qualit\u00e4t<\/li>\n<li>Zug\u00e4ngliche Einf\u00fchrung in das 3D-Bogenschie\u00dfen<\/li>\n<li>Wertungsringe auf jedem Tier<\/li>\n<\/ul>\n","protected":false},"excerpt":{"rendered":"<p>Konzipiert f\u00fcr Bogensch\u00fctzen zur Erstellung ihrer eigenen Sammlung von 3D-Zielen Ideal f\u00fcr den Garten oder kleine Schie\u00dfst\u00e4nde Drei Ziele f\u00fcr Abwechslung inklusive Hochwertige Qualit\u00e4t Zug\u00e4ngliche Einf\u00fchrung in das 3D-Bogenschie\u00dfen Wertungsringe auf jedem Tier<\/p>\n","protected":false},"featured_media":253571,"comment_status":"open","ping_status":"closed","template":"","meta":[],"product_brand":[],"product_cat":[1145],"product_tag":[],"class_list":{"0":"post-281334","1":"product","2":"type-product","3":"status-publish","4":"has-post-thumbnail","6":"product_cat-sonstiges","7":"product_shipping_class-medium-de","9":"first","10":"outofstock","11":"sale","12":"taxable","13":"shipping-taxable","14":"purchasable","15":"product-type-simple"},"composite_virtual":false,"composite_layout":"","composite_add_to_cart_form_location":"","composite_editable_in_cart":false,"composite_sold_individually_context":"","composite_shop_price_calc":"","composite_components":[],"composite_scenarios":[],"group_of_quantity":0,"min_quantity":0,"max_quantity":"","exclude_order_quantity_value_rules":"no","exclude_category_quantity_rules":"no","combine_variations":"no","exclude_global_add_ons":[],"addons":[],"_links":{"self":[{"href":"https:\/\/www.huntersfriend.eu\/de\/wp-json\/wp\/v2\/product\/281334","targetHints":{"allow":["GET"]}}],"collection":[{"href":"https:\/\/www.huntersfriend.eu\/de\/wp-json\/wp\/v2\/product"}],"about":[{"href":"https:\/\/www.huntersfriend.eu\/de\/wp-json\/wp\/v2\/types\/product"}],"replies":[{"embeddable":true,"href":"https:\/\/www.huntersfriend.eu\/de\/wp-json\/wp\/v2\/comments?post=281334"}],"wp:featuredmedia":[{"embeddable":true,"href":"https:\/\/www.huntersfriend.eu\/de\/wp-json\/wp\/v2\/media\/253571"}],"wp:attachment":[{"href":"https:\/\/www.huntersfriend.eu\/de\/wp-json\/wp\/v2\/media?parent=281334"}],"wp:term":[{"taxonomy":"product_brand","embeddable":true,"href":"https:\/\/www.huntersfriend.eu\/de\/wp-json\/wp\/v2\/product_brand?post=281334"},{"taxonomy":"product_cat","embeddable":true,"href":"https:\/\/www.huntersfriend.eu\/de\/wp-json\/wp\/v2\/product_cat?post=281334"},{"taxonomy":"product_tag","embeddable":true,"href":"https:\/\/www.huntersfriend.eu\/de\/wp-json\/wp\/v2\/product_tag?post=281334"}],"curies":[{"name":"wp","href":"https:\/\/api.w.org\/{rel}","templated":true}]}}