{"id":281330,"date":"2023-09-08T10:05:19","date_gmt":"2025-06-23T09:57:08","guid":{"rendered":"https:\/\/www.huntersfriend.eu\/product\/mathews-axcel-bridgelock-5-pin-visier-fuer-rechtshaender\/"},"modified":"2025-06-23T11:57:08","modified_gmt":"2025-06-23T09:57:08","slug":"mathews-axcel-bridgelock-5-pin-visier-fuer-rechtshaender","status":"publish","type":"product","link":"https:\/\/www.huntersfriend.eu\/de\/produkt\/mathews-axcel-bridgelock-5-pin-visier-fuer-rechtshaender\/","title":{"rendered":"Mathews (axcel) Bridgelock 5-Pin-Visier f\u00fcr Rechtsh\u00e4nder"},"content":{"rendered":"<p>Das BL Fixed 5-Pin-Visier mit Bridge-Lock-Visiertechnologie erm\u00f6glicht Ihnen die Mikroeinstellung von H\u00f6he, Seitenverstellung und jedem einzelnen Visierstift mit h\u00f6chster Pr\u00e4zision. Hergestellt in Partnerschaft mit Axcel<span class=\"s1\">\u2122. <em><strong>Exklusiv entwickelt f\u00fcr Phase4, Image und V3X.<\/strong> <\/em> <\/span>  <\/p>\n<div class=\"copy\">\n<ul>\n<li>Mikro-einstellbare Seiten- und H\u00f6henverstellung<\/li>\n<li>Individuell mikro-einstellbare Visierstifte<\/li>\n<li>5-Pin-Konfiguration mit 0,019 Zoll<\/li>\n<li>Einfache Einstellungen der 1<sup>.<\/sup>, 2<sup>.<\/sup> und 3<sup>.<\/sup> Achse<\/li>\n<li>Pr\u00e4zisionsgeschnittene Stange aus ultrahohem Kohlenstoffmodul<\/li>\n<li>Hergestellt in Partnerschaft mit Axcel<\/li>\n<\/ul>\n<\/div>\n","protected":false},"excerpt":{"rendered":"<p>Das BL Fixed 5-Pin-Visier mit Bridge-Lock-Visiertechnologie erm\u00f6glicht Ihnen die Mikroeinstellung von H\u00f6he, Seitenverstellung und jedem einzelnen Visierstift mit h\u00f6chster Pr\u00e4zision. Hergestellt in Partnerschaft mit Axcel\u2122. Exklusiv entwickelt f\u00fcr Phase4, Image und V3X. Mikro-einstellbare Seiten- und H\u00f6henverstellung Individuell mikro-einstellbare Visierstifte 5-Pin-Konfiguration mit 0,019 Zoll Einfache Einstellungen der 1., 2. und 3. Achse Pr\u00e4zisionsgeschnittene Stange aus ultrahohem [&#8230;]\n","protected":false},"featured_media":253579,"comment_status":"open","ping_status":"closed","template":"","meta":[],"product_brand":[],"product_cat":[1119],"product_tag":[],"class_list":{"0":"post-281330","1":"product","2":"type-product","3":"status-publish","4":"has-post-thumbnail","6":"product_cat-jagd-visiere","8":"first","9":"onbackorder","10":"taxable","11":"shipping-taxable","12":"purchasable","13":"product-type-simple"},"composite_virtual":false,"composite_layout":"","composite_add_to_cart_form_location":"","composite_editable_in_cart":false,"composite_sold_individually_context":"","composite_shop_price_calc":"","composite_components":[],"composite_scenarios":[],"group_of_quantity":0,"min_quantity":0,"max_quantity":"","exclude_order_quantity_value_rules":"no","exclude_category_quantity_rules":"no","combine_variations":"no","exclude_global_add_ons":[],"addons":[],"_links":{"self":[{"href":"https:\/\/www.huntersfriend.eu\/de\/wp-json\/wp\/v2\/product\/281330","targetHints":{"allow":["GET"]}}],"collection":[{"href":"https:\/\/www.huntersfriend.eu\/de\/wp-json\/wp\/v2\/product"}],"about":[{"href":"https:\/\/www.huntersfriend.eu\/de\/wp-json\/wp\/v2\/types\/product"}],"replies":[{"embeddable":true,"href":"https:\/\/www.huntersfriend.eu\/de\/wp-json\/wp\/v2\/comments?post=281330"}],"wp:featuredmedia":[{"embeddable":true,"href":"https:\/\/www.huntersfriend.eu\/de\/wp-json\/wp\/v2\/media\/253579"}],"wp:attachment":[{"href":"https:\/\/www.huntersfriend.eu\/de\/wp-json\/wp\/v2\/media?parent=281330"}],"wp:term":[{"taxonomy":"product_brand","embeddable":true,"href":"https:\/\/www.huntersfriend.eu\/de\/wp-json\/wp\/v2\/product_brand?post=281330"},{"taxonomy":"product_cat","embeddable":true,"href":"https:\/\/www.huntersfriend.eu\/de\/wp-json\/wp\/v2\/product_cat?post=281330"},{"taxonomy":"product_tag","embeddable":true,"href":"https:\/\/www.huntersfriend.eu\/de\/wp-json\/wp\/v2\/product_tag?post=281330"}],"curies":[{"name":"wp","href":"https:\/\/api.w.org\/{rel}","templated":true}]}}