{"id":281328,"date":"2023-09-13T13:27:03","date_gmt":"2025-06-23T09:57:07","guid":{"rendered":"https:\/\/www.huntersfriend.eu\/product\/huntworth-gebondete-jacke\/"},"modified":"2025-06-26T09:32:45","modified_gmt":"2025-06-26T07:32:45","slug":"huntworth-gebondete-jacke","status":"publish","type":"product","link":"https:\/\/www.huntersfriend.eu\/de\/produkt\/huntworth-gebondete-jacke\/","title":{"rendered":"Huntworth gebondete Jacke"},"content":{"rendered":"<p><span class=\"jCAhz ChMk0b\"><span class=\"ryNqvb\">Die Huntworth gebondete Jacke ist eine Herrenjagdjacke mit Berber-Fleece-Futter.<\/span><\/span> <span class=\"jCAhz ChMk0b\"><span class=\"ryNqvb\">Die geb\u00fcrstete Trikot-Softshell-Oberfl\u00e4che mit Tarnen-Tarnmuster ist eine warme, aber ger\u00e4uscharme Jacke f\u00fcr Herbstjagden.<\/span><\/span> <span class=\"jCAhz ChMk0b\"><span class=\"ryNqvb\">Der hohe Kragen der gebondeten Jacke und die winddichte Membran halten den unangenehmen Wind au\u00dferhalb der Jacke, ohne die Atmungsaktivit\u00e4t der Jacke zu stark zu beeintr\u00e4chtigen.<\/span><\/span> <span class=\"jCAhz ChMk0b\"><span class=\"ryNqvb\">Drei gro\u00dfz\u00fcgig dimensionierte Taschen, perfekt platziert und mit Rei\u00dfverschluss ausgestattet, gew\u00e4hrleisten, dass Ihr Zubeh\u00f6r bequem und sicher auf Reisen mitgef\u00fchrt werden kann.<\/span><\/span> <span class=\"jCAhz ChMk0b\"><span class=\"ryNqvb\">Der Durchlass f\u00fcr den Sicherheitsgurt im Nacken macht diese Jacke auch zu einer ausgezeichneten Wahl f\u00fcr Bogenj\u00e4ger bei Herbstjagden!<\/span><\/span><\/p>\n<p><span class=\"jCAhz ChMk0b\"><span class=\"ryNqvb\">Technische Informationen:<\/span><\/span> <span class=\"jCAhz ChMk0b\"><span class=\"ryNqvb\">Obermaterial: Geb\u00fcrstetes Softshell-Trikot mit Tarnen-Tarnmustern<\/span><\/span> <span class=\"jCAhz ChMk0b\"><span class=\"ryNqvb\">Membran: Winddicht<\/span><\/span> <span class=\"jCAhz ChMk0b\"><span class=\"ryNqvb\">Innenmaterial: Berber-Fleece<\/span><\/span> <span class=\"jCAhz ChMk0b\"><span class=\"ryNqvb\">Taschen: Zwei Seitentaschen mit Rei\u00dfverschluss und eine Brusttasche mit Rei\u00dfverschluss<\/span><\/span> <span class=\"jCAhz ChMk0b\"><span class=\"ryNqvb\">Sonstiges: Verl\u00e4ngerter Jackensaum am R\u00fccken<\/span><\/span><\/p>\n","protected":false},"excerpt":{"rendered":"<p>Die Huntworth gebondete Jacke ist eine Herrenjagdjacke mit Berber-Fleece-Futter. Die geb\u00fcrstete Trikot-Softshell-Oberfl\u00e4che mit Tarnen-Tarnmuster ist eine warme, aber ger\u00e4uscharme Jacke f\u00fcr Herbstjagden. Der hohe Kragen der gebondeten Jacke und die winddichte Membran halten den unangenehmen Wind au\u00dferhalb der Jacke, ohne die Atmungsaktivit\u00e4t der Jacke zu stark zu beeintr\u00e4chtigen. Drei gro\u00dfz\u00fcgig dimensionierte Taschen, perfekt platziert und [&#8230;]\n","protected":false},"featured_media":254277,"comment_status":"open","ping_status":"closed","template":"","meta":[],"product_brand":[],"product_cat":[1384],"product_tag":[],"class_list":{"0":"post-281328","1":"product","2":"type-product","3":"status-publish","4":"has-post-thumbnail","6":"product_cat-jacken","8":"first","9":"instock","10":"taxable","11":"shipping-taxable","12":"purchasable","13":"product-type-variable"},"composite_virtual":false,"composite_layout":"","composite_add_to_cart_form_location":"","composite_editable_in_cart":false,"composite_sold_individually_context":"","composite_shop_price_calc":"","composite_components":[],"composite_scenarios":[],"group_of_quantity":0,"min_quantity":0,"max_quantity":"","exclude_order_quantity_value_rules":"no","exclude_category_quantity_rules":"no","combine_variations":"no","exclude_global_add_ons":[],"addons":[],"_links":{"self":[{"href":"https:\/\/www.huntersfriend.eu\/de\/wp-json\/wp\/v2\/product\/281328","targetHints":{"allow":["GET"]}}],"collection":[{"href":"https:\/\/www.huntersfriend.eu\/de\/wp-json\/wp\/v2\/product"}],"about":[{"href":"https:\/\/www.huntersfriend.eu\/de\/wp-json\/wp\/v2\/types\/product"}],"replies":[{"embeddable":true,"href":"https:\/\/www.huntersfriend.eu\/de\/wp-json\/wp\/v2\/comments?post=281328"}],"wp:featuredmedia":[{"embeddable":true,"href":"https:\/\/www.huntersfriend.eu\/de\/wp-json\/wp\/v2\/media\/254277"}],"wp:attachment":[{"href":"https:\/\/www.huntersfriend.eu\/de\/wp-json\/wp\/v2\/media?parent=281328"}],"wp:term":[{"taxonomy":"product_brand","embeddable":true,"href":"https:\/\/www.huntersfriend.eu\/de\/wp-json\/wp\/v2\/product_brand?post=281328"},{"taxonomy":"product_cat","embeddable":true,"href":"https:\/\/www.huntersfriend.eu\/de\/wp-json\/wp\/v2\/product_cat?post=281328"},{"taxonomy":"product_tag","embeddable":true,"href":"https:\/\/www.huntersfriend.eu\/de\/wp-json\/wp\/v2\/product_tag?post=281328"}],"curies":[{"name":"wp","href":"https:\/\/api.w.org\/{rel}","templated":true}]}}