{"id":281325,"date":"2023-09-13T13:26:44","date_gmt":"2023-09-13T11:26:44","guid":{"rendered":"https:\/\/www.huntersfriend.eu\/product\/finale-annaeherung-schwimmende-blendetasche\/"},"modified":"2026-01-02T12:34:06","modified_gmt":"2026-01-02T10:34:06","slug":"finale-annaeherung-schwimmende-blendetasche","status":"publish","type":"product","link":"https:\/\/www.huntersfriend.eu\/de\/produkt\/finale-annaeherung-schwimmende-blendetasche\/","title":{"rendered":"Finale Ann\u00e4herung schwimmende Blendetasche"},"content":{"rendered":"<p>Diese Tasche wurde konzipiert, um in allen Jagdsituationen einsetzbar zu sein. Das Innere der Tasche verf\u00fcgt \u00fcber ein gro\u00dfes Fach, um alle notwendigen Utensilien unterzubringen. Wir haben eine wasserdichte Tasche hinzugef\u00fcgt, um Ihr Mobiltelefon trocken zu halten. Jede Seite der Tasche ist mit Au\u00dfentaschen versehen, um die Organisation zu maximieren. Diese Tasche wird sich rasch zu Ihrer bevorzugten Blendetasche entwickeln.    <\/p>\n<h2>MERKMALE<\/h2>\n<ul>\n<li>Hauptfach 25,4 cm H x 38,1 cm B x 30,48 cm T mit herausnehmbarem Trennfach<\/li>\n<li>2 gepolsterte seitliche Zubeh\u00f6rtaschen<\/li>\n<li>Doppelter Rei\u00dfverschluss oben mit Wetterschutzklappe<\/li>\n<li>Robustes 600-D-Material<\/li>\n<li>Wasserdichter geformter Boden<\/li>\n<li>Molle-Gurte an mehreren Stellen<\/li>\n<li>Wasserdichte Mobiltelefontasche<\/li>\n<li>Rei\u00dfverschlusszipper an jedem Rei\u00dfverschluss<\/li>\n<\/ul>\n","protected":false},"excerpt":{"rendered":"<p>Diese Tasche wurde konzipiert, um in allen Jagdsituationen einsetzbar zu sein. Das Innere der Tasche verf\u00fcgt \u00fcber ein gro\u00dfes Fach, um alle notwendigen Utensilien unterzubringen. Wir haben eine wasserdichte Tasche hinzugef\u00fcgt, um Ihr Mobiltelefon trocken zu halten. Jede Seite der Tasche ist mit Au\u00dfentaschen versehen, um die Organisation zu maximieren. Diese Tasche wird sich rasch [&#8230;]\n","protected":false},"featured_media":254252,"comment_status":"open","ping_status":"closed","template":"","meta":[],"product_brand":[],"product_cat":[1145],"product_tag":[],"class_list":{"0":"post-281325","1":"product","2":"type-product","3":"status-publish","4":"has-post-thumbnail","6":"product_cat-sonstiges","7":"product_shipping_class-medium-de","9":"first","10":"outofstock","11":"taxable","12":"shipping-taxable","13":"purchasable","14":"product-type-simple"},"composite_virtual":false,"composite_layout":"","composite_add_to_cart_form_location":"","composite_editable_in_cart":false,"composite_sold_individually_context":"","composite_shop_price_calc":"","composite_components":[],"composite_scenarios":[],"group_of_quantity":0,"min_quantity":0,"max_quantity":"","exclude_order_quantity_value_rules":"no","exclude_category_quantity_rules":"no","combine_variations":"no","exclude_global_add_ons":[],"addons":[],"_links":{"self":[{"href":"https:\/\/www.huntersfriend.eu\/de\/wp-json\/wp\/v2\/product\/281325","targetHints":{"allow":["GET"]}}],"collection":[{"href":"https:\/\/www.huntersfriend.eu\/de\/wp-json\/wp\/v2\/product"}],"about":[{"href":"https:\/\/www.huntersfriend.eu\/de\/wp-json\/wp\/v2\/types\/product"}],"replies":[{"embeddable":true,"href":"https:\/\/www.huntersfriend.eu\/de\/wp-json\/wp\/v2\/comments?post=281325"}],"wp:featuredmedia":[{"embeddable":true,"href":"https:\/\/www.huntersfriend.eu\/de\/wp-json\/wp\/v2\/media\/254252"}],"wp:attachment":[{"href":"https:\/\/www.huntersfriend.eu\/de\/wp-json\/wp\/v2\/media?parent=281325"}],"wp:term":[{"taxonomy":"product_brand","embeddable":true,"href":"https:\/\/www.huntersfriend.eu\/de\/wp-json\/wp\/v2\/product_brand?post=281325"},{"taxonomy":"product_cat","embeddable":true,"href":"https:\/\/www.huntersfriend.eu\/de\/wp-json\/wp\/v2\/product_cat?post=281325"},{"taxonomy":"product_tag","embeddable":true,"href":"https:\/\/www.huntersfriend.eu\/de\/wp-json\/wp\/v2\/product_tag?post=281325"}],"curies":[{"name":"wp","href":"https:\/\/api.w.org\/{rel}","templated":true}]}}