{"id":281317,"date":"2023-09-11T09:24:55","date_gmt":"2025-06-23T09:57:00","guid":{"rendered":"https:\/\/www.huntersfriend.eu\/product\/huntworth-ashland-kurzarm-t-shirt\/"},"modified":"2025-08-10T04:52:10","modified_gmt":"2025-08-10T02:52:10","slug":"huntworth-ashland-kurzarm-t-shirt","status":"publish","type":"product","link":"https:\/\/www.huntersfriend.eu\/de\/produkt\/huntworth-ashland-kurzarm-t-shirt\/","title":{"rendered":"Huntworth Ashland Kurzarm-T-Shirt"},"content":{"rendered":"<p><strong>Das leichte Ashland T-Shirt in Tarnen ist ein klassisches Jagdbekleidungsst\u00fcck, das jeder ben\u00f6tigt.<\/strong> Gefertigt mit einem hybriden Tarnmuster ist das Tarnen\u00ae Tarnhemd aus einem weichen 4,2 Unzen Baumwoll-Polyester-Gewebe konstruiert, das \u00e4u\u00dferst strapazierf\u00e4hig ist.<\/p>\n<p>Das Hemd ist gro\u00dfz\u00fcgig geschnitten f\u00fcr einen komfortablen Sitz. Es l\u00e4sst sich m\u00fchelos tragen, sei es bei der Arbeit oder auf der Jagd in der Hitze. <\/p>\n<p>Ein grundlegendes Tarn-T-Shirt &#8211; das Hemd im Tarnen-Muster ist ein Muss f\u00fcr jeden J\u00e4ger.<\/p>\n<p><strong>Das leichte Ashland T-Shirt in Tarnen\u00ae ist ein klassisches Jagdbekleidungsst\u00fcck, das jeder ben\u00f6tigt.<\/strong> Gefertigt mit einem hybriden Tarnmuster ist das Tarnen\u00ae Tarnhemd aus einem weichen 4,2 Unzen Baumwoll-Polyester-Gewebe konstruiert, das \u00e4u\u00dferst strapazierf\u00e4hig ist.<\/p>\n<p>Das Hemd ist gro\u00dfz\u00fcgig geschnitten f\u00fcr einen komfortablen Sitz. Es l\u00e4sst sich m\u00fchelos tragen, sei es bei der Arbeit oder auf der Jagd in der Hitze. <\/p>\n<p>Ein grundlegendes Tarn-T-Shirt &#8211; das Hemd im Tarnen-Muster ist ein Muss f\u00fcr jeden J\u00e4ger.<\/p>\n","protected":false},"excerpt":{"rendered":"<p>Das leichte Ashland T-Shirt in Tarnen ist ein klassisches Jagdbekleidungsst\u00fcck, das jeder ben\u00f6tigt. Gefertigt mit einem hybriden Tarnmuster ist das Tarnen\u00ae Tarnhemd aus einem weichen 4,2 Unzen Baumwoll-Polyester-Gewebe konstruiert, das \u00e4u\u00dferst strapazierf\u00e4hig ist. Das Hemd ist gro\u00dfz\u00fcgig geschnitten f\u00fcr einen komfortablen Sitz. Es l\u00e4sst sich m\u00fchelos tragen, sei es bei der Arbeit oder auf der [&#8230;]\n","protected":false},"featured_media":253712,"comment_status":"open","ping_status":"closed","template":"","meta":[],"product_brand":[],"product_cat":[2184],"product_tag":[],"class_list":{"0":"post-281317","1":"product","2":"type-product","3":"status-publish","4":"has-post-thumbnail","6":"product_cat-hemden-kapuzenpullover","8":"first","9":"instock","10":"taxable","11":"shipping-taxable","12":"purchasable","13":"product-type-variable"},"composite_virtual":false,"composite_layout":"","composite_add_to_cart_form_location":"","composite_editable_in_cart":false,"composite_sold_individually_context":"","composite_shop_price_calc":"","composite_components":[],"composite_scenarios":[],"group_of_quantity":0,"min_quantity":0,"max_quantity":"","exclude_order_quantity_value_rules":"no","exclude_category_quantity_rules":"no","combine_variations":"no","exclude_global_add_ons":[],"addons":[],"_links":{"self":[{"href":"https:\/\/www.huntersfriend.eu\/de\/wp-json\/wp\/v2\/product\/281317","targetHints":{"allow":["GET"]}}],"collection":[{"href":"https:\/\/www.huntersfriend.eu\/de\/wp-json\/wp\/v2\/product"}],"about":[{"href":"https:\/\/www.huntersfriend.eu\/de\/wp-json\/wp\/v2\/types\/product"}],"replies":[{"embeddable":true,"href":"https:\/\/www.huntersfriend.eu\/de\/wp-json\/wp\/v2\/comments?post=281317"}],"wp:featuredmedia":[{"embeddable":true,"href":"https:\/\/www.huntersfriend.eu\/de\/wp-json\/wp\/v2\/media\/253712"}],"wp:attachment":[{"href":"https:\/\/www.huntersfriend.eu\/de\/wp-json\/wp\/v2\/media?parent=281317"}],"wp:term":[{"taxonomy":"product_brand","embeddable":true,"href":"https:\/\/www.huntersfriend.eu\/de\/wp-json\/wp\/v2\/product_brand?post=281317"},{"taxonomy":"product_cat","embeddable":true,"href":"https:\/\/www.huntersfriend.eu\/de\/wp-json\/wp\/v2\/product_cat?post=281317"},{"taxonomy":"product_tag","embeddable":true,"href":"https:\/\/www.huntersfriend.eu\/de\/wp-json\/wp\/v2\/product_tag?post=281317"}],"curies":[{"name":"wp","href":"https:\/\/api.w.org\/{rel}","templated":true}]}}