{"id":281316,"date":"2023-10-14T00:26:10","date_gmt":"2025-06-23T09:57:00","guid":{"rendered":"https:\/\/www.huntersfriend.eu\/product\/pard-ta62-35lrf\/"},"modified":"2025-06-23T11:57:00","modified_gmt":"2025-06-23T09:57:00","slug":"pard-ta62-35lrf","status":"publish","type":"product","link":"https:\/\/www.huntersfriend.eu\/de\/produkt\/pard-ta62-35lrf\/","title":{"rendered":"Pard TA62-35LRF"},"content":{"rendered":"<p>Das Pard TA62-35LRF ist eine W\u00e4rmebildkamera f\u00fcr anspruchsvolle Eins\u00e4tze oder f\u00fcr diejenigen, die ein leichtes Ger\u00e4t mit Spitzenfunktionen ben\u00f6tigen.<\/p>\n<p><img decoding=\"async\" src=\"https:\/\/www.uittokalusto.fi\/media\/wysiwyg\/TA-LRF-small-enough-to-pocket-1.jpg\" alt=\"\" width=\"400\" height=\"320\"><\/p>\n<p>Der TA62-35LRF ist \u00e4u\u00dferst vielseitig und kann in einer Vielzahl von Szenarien eingesetzt werden. Das Ger\u00e4t ist leicht, handlich, taschengro\u00df und erm\u00f6glicht es Ihnen, Ihre Umgebung f\u00fcr einzigartige Begegnungen mit der Tierwelt hautnah zu erleben. Es ist zudem einfach zu transportieren und liegt bequem in der Handfl\u00e4che.  <\/p>\n<p><img decoding=\"async\" src=\"https:\/\/www.uittokalusto.fi\/media\/wysiwyg\/TA-LRF-extremely-sensitive-sensor-1.jpg\" alt=\"\" width=\"400\" height=\"321\"><\/p>\n<p><span style=\"font-size: 23.04px; color: #333333;\">\u00c4u\u00dferst empfindlicher <\/span><span style=\"font-size: 23.04px; color: #333333;\">Sensor<\/span><\/p>\n<div class=\"elementor-element elementor-element-a4d8691 elementor-widget elementor-widget-heading\" data-id=\"a4d8691\" data-element_type=\"widget\" data-widget_type=\"heading.default\">\n<div class=\"elementor-widget-container\">\n<p class=\"elementor-heading-title elementor-size-default\">Der 12\u03bcm-W\u00e4rmebildsensor kann subtile Temperaturunterschiede erkennen und liefert perfekte Bilddetails bei geringem W\u00e4rmekontrast wie bei Regen und Nebel. Der Bildsensor ist mit fortschrittlicher Technologie konzipiert, um trotz widriger Wetterbedingungen organische und reichhaltige Bilder zu liefern. <\/p>\n<\/div>\n<\/div>\n<p><img decoding=\"async\" src=\"https:\/\/www.uittokalusto.fi\/media\/wysiwyg\/ta-lrf-IREA.jpg\" alt=\"\" width=\"400\" height=\"319\"><\/p>\n<div class=\"elementor-element elementor-element-6c967b7 elementor-widget elementor-widget-heading\" data-id=\"6c967b7\" data-element_type=\"widget\" data-widget_type=\"heading.default\">\n<div class=\"elementor-widget-container\">\n<h2 class=\"elementor-heading-title elementor-size-default\">Infrarot-Bildverbesserungsalgorithmus (IREA)<\/h2>\n<\/div>\n<\/div>\n<div class=\"elementor-element elementor-element-ce43357 elementor-widget elementor-widget-heading\" data-id=\"ce43357\" data-element_type=\"widget\" data-widget_type=\"heading.default\">\n<div class=\"elementor-widget-container\">\n<p class=\"elementor-heading-title elementor-size-default\">Der PARD-Ultraklarbild-Algorithmus verf\u00fcgt \u00fcber eine schnelle Verarbeitungsgeschwindigkeit und eine starke Echtzeitanpassungsf\u00e4higkeit des Bildes. IREA kann die Bilddetails effektiv verbessern, indem es Bildverzerrungen korrigiert, Rauschen reduziert und den Kontrast verst\u00e4rkt. <\/p>\n<\/div>\n<\/div>\n<p><img decoding=\"async\" src=\"https:\/\/www.uittokalusto.fi\/media\/wysiwyg\/TA-LRF-scene-modes.jpg\" alt=\"\" width=\"400\" height=\"320\"><\/p>\n<p><span style=\"font-size: 23.04px; color: #333333;\">3 Szenenmodi<\/span><\/p>\n<div class=\"elementor-element elementor-element-3dafc33 elementor-widget elementor-widget-heading\" data-id=\"3dafc33\" data-element_type=\"widget\" data-widget_type=\"heading.default\">\n<div class=\"elementor-widget-container\">\n<p class=\"elementor-heading-title elementor-size-default\">Mit einer Schnellumschaltfunktion zur Auswahl zwischen 3 Szenenmodi (Stadt\/Wald\/Regen). Das Bild wird entsprechend dem gew\u00e4hlten Szenenmodus angepasst und bietet so eine au\u00dfergew\u00f6hnliche Anpassungsf\u00e4higkeit in verschiedenen Umgebungen. <\/p>\n<\/div>\n<\/div>\n<p><img decoding=\"async\" src=\"https:\/\/www.uittokalusto.fi\/media\/wysiwyg\/TA32-62-Series.jpg\" alt=\"\" width=\"334\" height=\"400\"><\/p>\n<p><span style=\"font-size: 23.04px; color: #333333;\">Multiple Farb<\/span><span style=\"font-size: 23.04px; color: #333333;\">paletten<\/span><\/p>\n<div class=\"elementor-element elementor-element-082f7bf elementor-widget elementor-widget-heading\" data-id=\"082f7bf\" data-element_type=\"widget\" data-widget_type=\"heading.default\">\n<div class=\"elementor-widget-container\">\n<p class=\"elementor-heading-title elementor-size-default\">Das Modell verf\u00fcgt \u00fcber mehrere Farbpaletten. Sie k\u00f6nnen jede Farbpalette w\u00e4hlen, um ein Ziel perfekt hervorzuheben. Der Benutzer kann die entsprechende Farbpalette gem\u00e4\u00df verschiedenen Umgebungshintergr\u00fcnden bei unterschiedlichen Wetter\u00e4nderungen ausw\u00e4hlen.<br \/>\nTA32\/TA62\/TA62-LRF: Wei\u00df Hei\u00df\/Schwarz Hei\u00df\/Rot Hei\u00df\/Eisen Hei\u00df\/Himmel\/Kante; TA32-LRF: Wei\u00df Hei\u00df\/Schwarz Hei\u00df\/Rot Hei\u00df\/Fusion1\/Fusion2\/Eisenrot1\/Eisenrot2;  <\/p>\n<\/div>\n<\/div>\n<p><img decoding=\"async\" src=\"https:\/\/www.uittokalusto.fi\/media\/wysiwyg\/TA-LRF-rangefinder-EU-mb.jpg\" alt=\"\" width=\"400\" height=\"267\"><\/p>\n<div class=\"elementor-element elementor-element-9343a77 elementor-widget elementor-widget-heading\" data-id=\"9343a77\" data-element_type=\"widget\" data-widget_type=\"heading.default\">\n<div class=\"elementor-widget-container\">\n<h2 class=\"elementor-heading-title elementor-size-default\">Intelligenter jagen mit 1000m Entfernungsmesser<\/h2>\n<\/div>\n<\/div>\n<div class=\"elementor-element elementor-element-de67a23 elementor-widget elementor-widget-heading\" data-id=\"de67a23\" data-element_type=\"widget\" data-widget_type=\"heading.default\">\n<div class=\"elementor-widget-container\">\n<p class=\"elementor-heading-title elementor-size-default\"> Das neu entwickelte kompakte Entfernungsmessmodul ist pr\u00e4zise und hat eine schnelle Erkennungsgeschwindigkeit. Der LRF liefert Ihnen die Entfernungsinformationen, die Sie ben\u00f6tigen, um Wild in Entfernungen von bis zu 1000 m genau zu lokalisieren. <\/p>\n<\/div>\n<\/div>\n<p>&nbsp;<\/p>\n<p><span class=\"jCAhz ChMk0b\"><span class=\"ryNqvb\">Technische Informationen<\/span><\/span> &#8211; <span class=\"jCAhz ChMk0b\"><span class=\"ryNqvb\">Modell TA62-LRF<\/span><\/span><\/p>\n<p><span class=\"jCAhz ChMk0b\"><span class=\"ryNqvb\">Sensor<\/span><\/span><\/p>\n<p><span class=\"jCAhz ChMk0b\"><span class=\"ryNqvb\">Typ ungek\u00fchltes VOx (Vanadiumoxid)<\/span><\/span><br \/>\n<span class=\"jCAhz ChMk0b\"><span class=\"ryNqvb\">Aufl\u00f6sung (px) 640*480<\/span><\/span><br \/>\n<span class=\"jCAhz ChMk0b\"><span class=\"ryNqvb\">Pixelgr\u00f6\u00dfe (\u00b5m) 12*12<\/span><\/span><br \/>\n<span class=\"jCAhz ChMk0b\"><span class=\"ryNqvb\">NETD (mK) \u226425mK (0,025\u00b0C)<\/span><\/span><br \/>\n<span class=\"jCAhz ChMk0b\"><span class=\"ryNqvb\">Bildwiederholrate (Hz) 50<\/span><\/span><br \/>\n<span class=\"jCAhz ChMk0b\"><span class=\"ryNqvb\">Beobachtungsdistanz, Person (m) 1200\/1500<\/span><\/span><br \/>\n<span class=\"jCAhz ChMk0b\"><span class=\"ryNqvb\">Beobachtungsdistanz, Fahrzeug (m) 2500\/2900<\/span><\/span><br \/>\n<span class=\"jCAhz ChMk0b\"><span class=\"ryNqvb\"><br \/>\nOptik<\/span><\/span><br \/>\n<span class=\"jCAhz ChMk0b\"><span class=\"ryNqvb\">Objektivgr\u00f6\u00dfe (mm) 35<\/span><\/span><br \/>\n<span class=\"jCAhz ChMk0b\"><span class=\"ryNqvb\">Optische Vergr\u00f6\u00dferung (x) 1,6\/2,2<\/span><\/span><br \/>\n<span class=\"jCAhz ChMk0b\"><span class=\"ryNqvb\">Digitale Vergr\u00f6\u00dferung (x) 2x-4x-6x-8x<\/span><\/span><br \/>\n<span class=\"jCAhz ChMk0b\"><span class=\"ryNqvb\">PIP Zoom (x) 2X<\/span><\/span><br \/>\n<span class=\"jCAhz ChMk0b\"><span class=\"ryNqvb\">Kontinuierliche digitale Vergr\u00f6\u00dferung 1,6-25,6X\/2,2-35,2X<\/span><\/span><br \/>\n<span class=\"jCAhz ChMk0b\"><span class=\"ryNqvb\">Sichtfeld (H\u00f6he x Breite) 17,5\/12,5\u00b0<\/span><\/span> <span class=\"jCAhz ChMk0b\"><span class=\"ryNqvb\">13,1\u00b0\/9,4\u00b0<\/span><\/span> <span class=\"jCAhz ChMk0b\"><span class=\"ryNqvb\">21,7\u00b0\/15,6\u00b0<\/span><\/span><br \/>\n<span class=\"jCAhz ChMk0b\"><span class=\"ryNqvb\">Augenabstand (mm) 20<br \/>\n<\/span><\/span> <span class=\"jCAhz ChMk0b\"><span class=\"ryNqvb\">Dioptrien-Korrektur (D) \u00b15D<\/span><\/span><br \/>\n<span class=\"jCAhz ChMk0b\"><span class=\"ryNqvb\"><br \/>\nDisplay<\/span><\/span> <span class=\"jCAhz ChMk0b\"><span class=\"ryNqvb\">Typ<br \/>\nAMOLED<\/span><\/span> <span class=\"jCAhz ChMk0b\"><span class=\"ryNqvb\">Aufl\u00f6sung (px) 1024*768<\/span><\/span><br \/>\n<span class=\"jCAhz ChMk0b\"><span class=\"ryNqvb\">Stile Stadt, Regen, Wald<\/span><\/span><br \/>\n<span class=\"jCAhz ChMk0b\"><span class=\"ryNqvb\">Farbmodi WT-HOT, BK-HOT, EDGE, RD-HOT, IN-HOT, Sky<\/span><\/span><br \/>\n<span class=\"jCAhz ChMk0b\"><span class=\"ryNqvb\">Bild \/ Video<\/span><\/span> <span class=\"jCAhz ChMk0b\"><span class=\"ryNqvb\">Bildaufl\u00f6sung (px) 2592*1944<\/span><\/span><br \/>\n<span class=\"jCAhz ChMk0b\"><span class=\"ryNqvb\">Bildformat .JPG<\/span><\/span> <span class=\"jCAhz ChMk0b\"><span class=\"ryNqvb\">Videoaufl\u00f6sung (px) 1024*768<\/span><\/span><br \/>\n<span class=\"jCAhz ChMk0b\"><span class=\"ryNqvb\">Videoformat .MP4<\/span><\/span><br \/>\n<span class=\"jCAhz ChMk0b\"><span class=\"ryNqvb\">Speicher (GB) TF-Karte (maximal 128 GB)<\/span><\/span><br \/>\n<span class=\"jCAhz ChMk0b\"><span class=\"ryNqvb\">Bildverbesserung Pard IREA<\/span><\/span><\/p>\n<p><span class=\"jCAhz ChMk0b\"><span class=\"ryNqvb\">Hauptfunktionen<br \/>\n<\/span><\/span><span class=\"jCAhz ChMk0b\"><span class=\"ryNqvb\">LRF Entfernungsmessung (m) 1000<\/span><\/span><br \/>\n<span class=\"jCAhz ChMk0b\"><span class=\"ryNqvb\">PIP Ja<\/span><\/span><br \/>\n<span class=\"jCAhz ChMk0b\"><span class=\"ryNqvb\">Kontinuierliche Aufnahme Ja<\/span><\/span><br \/>\n<span class=\"jCAhz ChMk0b\"><span class=\"ryNqvb\">Rotpunkt Ja<\/span><\/span><br \/>\n<span class=\"jCAhz ChMk0b\"><span class=\"ryNqvb\">Verschluss mechanisch<\/span><\/span> <span class=\"jCAhz ChMk0b\"><span class=\"ryNqvb\">Mikrofon Ja<\/span><\/span><br \/>\n<span class=\"jCAhz ChMk0b\"><span class=\"ryNqvb\">Software-Update Ja<\/span><\/span><br \/>\n<span class=\"jCAhz ChMk0b\"><span class=\"ryNqvb\">Anschl\u00fcsse<\/span><\/span> <span class=\"jCAhz ChMk0b\"><span class=\"ryNqvb\">USB-C Ja<\/span><\/span><br \/>\n<span class=\"jCAhz ChMk0b\"><span class=\"ryNqvb\">HDMI Ausgang Ja<\/span><\/span><br \/>\n<span class=\"jCAhz ChMk0b\"><span class=\"ryNqvb\">Ger\u00e4teverbindung<\/span><\/span><br \/>\n<span class=\"jCAhz ChMk0b\"><span class=\"ryNqvb\">Wi-Fi Ja<\/span><\/span><\/p>\n<p><span class=\"jCAhz ChMk0b\"><span class=\"ryNqvb\">Die verwendete Software ist PardVision<\/span><\/span><br \/>\n<span class=\"jCAhz ChMk0b\"><span class=\"ryNqvb\">Stromquelle<\/span><\/span> <span class=\"jCAhz ChMk0b\"><span class=\"ryNqvb\">Akkutyp Lithium-Ionen 18650*1<\/span><\/span><br \/>\n<span class=\"jCAhz ChMk0b\"><span class=\"ryNqvb\">Ausgang (V) 3,7V<\/span><\/span><br \/>\n<span class=\"jCAhz ChMk0b\"><span class=\"ryNqvb\">Betriebszeit (h) \u22646h<\/span><\/span><br \/>\n<span class=\"jCAhz ChMk0b\"><span class=\"ryNqvb\">Externe Stromversorgung<br \/>\nTyp-C<\/span><\/span> <span class=\"jCAhz ChMk0b\"><span class=\"ryNqvb\">Wetterbest\u00e4ndigkeit<\/span><\/span><br \/>\n<span class=\"jCAhz ChMk0b\"><span class=\"ryNqvb\">Schutzklasse IP67<\/span><\/span><br \/>\n<span class=\"jCAhz ChMk0b\"><span class=\"ryNqvb\">Betriebstemperatur (\u00b0C) -20\u00b0C~50\u00b0C\/-4\u00b0F~122\u00b0F<\/span><\/span><br \/>\n<span class=\"jCAhz ChMk0b\"><span class=\"ryNqvb\">Material<\/span><\/span> <span class=\"jCAhz ChMk0b\"><span class=\"ryNqvb\">Rahmen Aluminium + Verbundwerkstoff<\/span><\/span><br \/>\n<span class=\"jCAhz ChMk0b\"><span class=\"ryNqvb\">Objektiv Glas<\/span><\/span> <span class=\"jCAhz ChMk0b\"><span class=\"ryNqvb\">Gr\u00f6\u00dfe<\/span><\/span> <span class=\"jCAhz ChMk0b\"><span class=\"ryNqvb\">Produktma\u00dfe (L\u00e4nge x Breite x H\u00f6he, mm) 182 x 57 x 71<\/span><\/span><\/p>\n","protected":false},"excerpt":{"rendered":"<p>Das Pard TA62-35LRF ist eine W\u00e4rmebildkamera f\u00fcr anspruchsvolle Eins\u00e4tze oder f\u00fcr diejenigen, die ein leichtes Ger\u00e4t mit Spitzenfunktionen ben\u00f6tigen. Der TA62-35LRF ist \u00e4u\u00dferst vielseitig und kann in einer Vielzahl von Szenarien eingesetzt werden. Das Ger\u00e4t ist leicht, handlich, taschengro\u00df und erm\u00f6glicht es Ihnen, Ihre Umgebung f\u00fcr einzigartige Begegnungen mit der Tierwelt hautnah zu erleben. Es [&#8230;]\n","protected":false},"featured_media":255897,"comment_status":"open","ping_status":"closed","template":"","meta":[],"product_brand":[],"product_cat":[1145],"product_tag":[],"class_list":{"0":"post-281316","1":"product","2":"type-product","3":"status-publish","4":"has-post-thumbnail","6":"product_cat-sonstiges","8":"first","9":"outofstock","10":"taxable","11":"shipping-taxable","12":"purchasable","13":"product-type-simple"},"composite_virtual":false,"composite_layout":"","composite_add_to_cart_form_location":"","composite_editable_in_cart":false,"composite_sold_individually_context":"","composite_shop_price_calc":"","composite_components":[],"composite_scenarios":[],"group_of_quantity":0,"min_quantity":0,"max_quantity":"","exclude_order_quantity_value_rules":"no","exclude_category_quantity_rules":"no","combine_variations":"no","exclude_global_add_ons":[],"addons":[],"_links":{"self":[{"href":"https:\/\/www.huntersfriend.eu\/de\/wp-json\/wp\/v2\/product\/281316","targetHints":{"allow":["GET"]}}],"collection":[{"href":"https:\/\/www.huntersfriend.eu\/de\/wp-json\/wp\/v2\/product"}],"about":[{"href":"https:\/\/www.huntersfriend.eu\/de\/wp-json\/wp\/v2\/types\/product"}],"replies":[{"embeddable":true,"href":"https:\/\/www.huntersfriend.eu\/de\/wp-json\/wp\/v2\/comments?post=281316"}],"wp:featuredmedia":[{"embeddable":true,"href":"https:\/\/www.huntersfriend.eu\/de\/wp-json\/wp\/v2\/media\/255897"}],"wp:attachment":[{"href":"https:\/\/www.huntersfriend.eu\/de\/wp-json\/wp\/v2\/media?parent=281316"}],"wp:term":[{"taxonomy":"product_brand","embeddable":true,"href":"https:\/\/www.huntersfriend.eu\/de\/wp-json\/wp\/v2\/product_brand?post=281316"},{"taxonomy":"product_cat","embeddable":true,"href":"https:\/\/www.huntersfriend.eu\/de\/wp-json\/wp\/v2\/product_cat?post=281316"},{"taxonomy":"product_tag","embeddable":true,"href":"https:\/\/www.huntersfriend.eu\/de\/wp-json\/wp\/v2\/product_tag?post=281316"}],"curies":[{"name":"wp","href":"https:\/\/api.w.org\/{rel}","templated":true}]}}