{"id":281314,"date":"2023-09-13T14:53:12","date_gmt":"2023-09-13T12:53:12","guid":{"rendered":"https:\/\/www.huntersfriend.eu\/product\/letzte-annaeherung-mit-letztem-durchgang-fuer-gaensesilhouetten-mit-beflockten-koepfen\/"},"modified":"2025-08-01T05:06:10","modified_gmt":"2025-08-01T03:06:10","slug":"letzte-annaeherung-mit-letztem-durchgang-fuer-gaensesilhouetten-mit-beflockten-koepfen","status":"publish","type":"product","link":"https:\/\/www.huntersfriend.eu\/de\/produkt\/letzte-annaeherung-mit-letztem-durchgang-fuer-gaensesilhouetten-mit-beflockten-koepfen\/","title":{"rendered":"Letzte Ann\u00e4herung mit letztem Durchgang f\u00fcr G\u00e4nsesilhouetten mit beflockten K\u00f6pfen"},"content":{"rendered":"<h1>LETZTE DURCHGANG G\u00c4NSESILHOUETTEN-LOCKV\u00d6GEL 12ER-PACK MIT BEFLOCKTEN K\u00d6PFEN<\/h1>\n<p>Die G\u00e4nsejagd kann mitunter ein Zahlenspiel sein. Vollst\u00e4ndige Lockv\u00f6gel nehmen so viel Platz ein, dass es schwierig sein kann, die f\u00fcr Ihre Jagd ben\u00f6tigte Anzahl an Lockv\u00f6geln mitzubringen. Mit den Last Pass Honker Silhouetten wird dies kein Problem mehr darstellen! Diese Lockv\u00f6gel sind leicht, einfach ins Feld zu transportieren, robust und verf\u00fcgen \u00fcber einen lebensechten Aufdruck. Die beflockten K\u00f6pfe verleihen ihnen ein zus\u00e4tzliches Ma\u00df an Realismus und Kontrast im Feld. In diesem Paket sind vier Kopfpositionen enthalten, die Ihrer Aufstellung Leben einhauchen werden. Ob Sie nun nach weiteren Lockv\u00f6geln f\u00fcr Ihre Aufstellung suchen oder eine kompaktere Option w\u00fcnschen, diese Lockv\u00f6gel werden eine perfekte Wahl sein.      <\/p>\n<h2>MERKMALE<\/h2>\n<ul>\n<li>12er-Set<\/li>\n<li>Robustes Coroplast-Design f\u00fcr Langlebigkeit<\/li>\n<li>\u00dcbergro\u00df f\u00fcr hervorragende Sichtbarkeit<\/li>\n<li>Naturgetreue Drucke von echten V\u00f6geln in nat\u00fcrlichen Umgebungen<\/li>\n<li>Widerstandsf\u00e4hige Metallst\u00e4be f\u00fcr einfache Aufstellung auf hartem Boden<\/li>\n<li>Einteiliges Design und stapelbar<\/li>\n<li>Enth\u00e4lt: 4 Fressende, 4 Suchende, 2 Ruhende, 2 Aufrechte<\/li>\n<\/ul>\n<p><strong>Achtung: Online-Bestellungen sind auf einen Karton pro Bestellung begrenzt. F\u00fcr gr\u00f6\u00dfere Mengen kontaktieren Sie bitte direkt den Kundenservice, um Informationen \u00fcber Lieferkosten zu erhalten. <\/strong><\/p>\n","protected":false},"excerpt":{"rendered":"<p>LETZTE DURCHGANG G\u00c4NSESILHOUETTEN-LOCKV\u00d6GEL 12ER-PACK MIT BEFLOCKTEN K\u00d6PFEN Die G\u00e4nsejagd kann mitunter ein Zahlenspiel sein. Vollst\u00e4ndige Lockv\u00f6gel nehmen so viel Platz ein, dass es schwierig sein kann, die f\u00fcr Ihre Jagd ben\u00f6tigte Anzahl an Lockv\u00f6geln mitzubringen. Mit den Last Pass Honker Silhouetten wird dies kein Problem mehr darstellen! Diese Lockv\u00f6gel sind leicht, einfach ins Feld zu [&#8230;]\n","protected":false},"featured_media":254262,"comment_status":"open","ping_status":"closed","template":"","meta":[],"product_brand":[],"product_cat":[1145],"product_tag":[],"class_list":{"0":"post-281314","1":"product","2":"type-product","3":"status-publish","4":"has-post-thumbnail","6":"product_cat-sonstiges","7":"product_shipping_class-big-de","9":"first","10":"outofstock","11":"taxable","12":"shipping-taxable","13":"purchasable","14":"product-type-simple"},"composite_virtual":false,"composite_layout":"","composite_add_to_cart_form_location":"","composite_editable_in_cart":false,"composite_sold_individually_context":"","composite_shop_price_calc":"","composite_components":[],"composite_scenarios":[],"group_of_quantity":0,"min_quantity":0,"max_quantity":"","exclude_order_quantity_value_rules":"no","exclude_category_quantity_rules":"no","combine_variations":"no","exclude_global_add_ons":[],"addons":[],"_links":{"self":[{"href":"https:\/\/www.huntersfriend.eu\/de\/wp-json\/wp\/v2\/product\/281314","targetHints":{"allow":["GET"]}}],"collection":[{"href":"https:\/\/www.huntersfriend.eu\/de\/wp-json\/wp\/v2\/product"}],"about":[{"href":"https:\/\/www.huntersfriend.eu\/de\/wp-json\/wp\/v2\/types\/product"}],"replies":[{"embeddable":true,"href":"https:\/\/www.huntersfriend.eu\/de\/wp-json\/wp\/v2\/comments?post=281314"}],"wp:featuredmedia":[{"embeddable":true,"href":"https:\/\/www.huntersfriend.eu\/de\/wp-json\/wp\/v2\/media\/254262"}],"wp:attachment":[{"href":"https:\/\/www.huntersfriend.eu\/de\/wp-json\/wp\/v2\/media?parent=281314"}],"wp:term":[{"taxonomy":"product_brand","embeddable":true,"href":"https:\/\/www.huntersfriend.eu\/de\/wp-json\/wp\/v2\/product_brand?post=281314"},{"taxonomy":"product_cat","embeddable":true,"href":"https:\/\/www.huntersfriend.eu\/de\/wp-json\/wp\/v2\/product_cat?post=281314"},{"taxonomy":"product_tag","embeddable":true,"href":"https:\/\/www.huntersfriend.eu\/de\/wp-json\/wp\/v2\/product_tag?post=281314"}],"curies":[{"name":"wp","href":"https:\/\/api.w.org\/{rel}","templated":true}]}}