{"id":281313,"date":"2023-09-13T14:53:11","date_gmt":"2025-06-23T09:56:43","guid":{"rendered":"https:\/\/www.huntersfriend.eu\/product\/finaler-anflug-schwimmende-genericproductname-case-3\/"},"modified":"2026-02-25T10:36:35","modified_gmt":"2026-02-25T08:36:35","slug":"finaler-anflug-schwimmende-genericproductname-case-3","status":"publish","type":"product","link":"https:\/\/www.huntersfriend.eu\/de\/produkt\/finaler-anflug-schwimmende-genericproductname-case-3\/","title":{"rendered":"Finaler Anflug schwimmende GenericProductName Case"},"content":{"rendered":"<p>Sch\u00fctzen Sie Ihre Investition w\u00e4hrend des Einsatzes im Gel\u00e4nde! Der Final Approach Floating Shotgun Case ist wasserabweisend und verf\u00fcgt \u00fcber alle wesentlichen Funktionen. Der \u00be-lange wasserdichte Rei\u00dfverschluss und der Schnallenverschluss erm\u00f6glichen ein einfaches Ein- und Ausgleiten Ihrer Waffe in das Etui. Dieser Koffer verf\u00fcgt sowohl \u00fcber einen Tragegriff als auch \u00fcber einen verstellbaren Schultergurt. An der Vorderseite des Etuis befindet sich eine Tasche f\u00fcr Chokes mit Klettverschluss. W\u00e4hrend der Jagd l\u00e4sst sich dieses Etui f\u00fcr eine einfache Aufbewahrung in allen Jagdst\u00e4nden dreifach zusammenfalten.     <\/p>\n<h2><span style=\"font-size: 80%\">Merkmale: <\/span><\/h2>\n<ul>\n<li>\u00be langer wasserdichter Rei\u00dfverschluss<\/li>\n<li>Schnallenverschluss<\/li>\n<li>Tragegriff<\/li>\n<li>Verstellbarer Schultergurt<\/li>\n<li>Tasche f\u00fcr Chokes<\/li>\n<li>Dreifach faltbar<\/li>\n<li>132cm Etui<\/li>\n<\/ul>\n","protected":false},"excerpt":{"rendered":"<p>Sch\u00fctzen Sie Ihre Investition w\u00e4hrend des Einsatzes im Gel\u00e4nde! Der Final Approach Floating Shotgun Case ist wasserabweisend und verf\u00fcgt \u00fcber alle wesentlichen Funktionen. Der \u00be-lange wasserdichte Rei\u00dfverschluss und der Schnallenverschluss erm\u00f6glichen ein einfaches Ein- und Ausgleiten Ihrer Waffe in das Etui. Dieser Koffer verf\u00fcgt sowohl \u00fcber einen Tragegriff als auch \u00fcber einen verstellbaren Schultergurt. An [&#8230;]\n","protected":false},"featured_media":254345,"comment_status":"open","ping_status":"closed","template":"","meta":[],"product_brand":[],"product_cat":[2569],"product_tag":[],"class_list":{"0":"post-281313","1":"product","2":"type-product","3":"status-publish","4":"has-post-thumbnail","6":"product_cat-mjuka-fodral","8":"first","9":"instock","10":"taxable","11":"shipping-taxable","12":"purchasable","13":"product-type-simple"},"composite_virtual":false,"composite_layout":"","composite_add_to_cart_form_location":"","composite_editable_in_cart":false,"composite_sold_individually_context":"","composite_shop_price_calc":"","composite_components":[],"composite_scenarios":[],"group_of_quantity":0,"min_quantity":0,"max_quantity":"","exclude_order_quantity_value_rules":"no","exclude_category_quantity_rules":"no","combine_variations":"no","exclude_global_add_ons":[],"addons":[],"_links":{"self":[{"href":"https:\/\/www.huntersfriend.eu\/de\/wp-json\/wp\/v2\/product\/281313","targetHints":{"allow":["GET"]}}],"collection":[{"href":"https:\/\/www.huntersfriend.eu\/de\/wp-json\/wp\/v2\/product"}],"about":[{"href":"https:\/\/www.huntersfriend.eu\/de\/wp-json\/wp\/v2\/types\/product"}],"replies":[{"embeddable":true,"href":"https:\/\/www.huntersfriend.eu\/de\/wp-json\/wp\/v2\/comments?post=281313"}],"wp:featuredmedia":[{"embeddable":true,"href":"https:\/\/www.huntersfriend.eu\/de\/wp-json\/wp\/v2\/media\/254345"}],"wp:attachment":[{"href":"https:\/\/www.huntersfriend.eu\/de\/wp-json\/wp\/v2\/media?parent=281313"}],"wp:term":[{"taxonomy":"product_brand","embeddable":true,"href":"https:\/\/www.huntersfriend.eu\/de\/wp-json\/wp\/v2\/product_brand?post=281313"},{"taxonomy":"product_cat","embeddable":true,"href":"https:\/\/www.huntersfriend.eu\/de\/wp-json\/wp\/v2\/product_cat?post=281313"},{"taxonomy":"product_tag","embeddable":true,"href":"https:\/\/www.huntersfriend.eu\/de\/wp-json\/wp\/v2\/product_tag?post=281313"}],"curies":[{"name":"wp","href":"https:\/\/api.w.org\/{rel}","templated":true}]}}