{"id":281309,"date":"2023-09-22T09:20:51","date_gmt":"2025-06-23T09:56:37","guid":{"rendered":"https:\/\/www.huntersfriend.eu\/product\/belisle-super-x-330-2-falle\/"},"modified":"2026-04-07T21:16:42","modified_gmt":"2026-04-07T19:16:42","slug":"belisle-super-x-330-2-falle","status":"publish","type":"product","link":"https:\/\/www.huntersfriend.eu\/de\/produkt\/belisle-super-x-330-2-falle\/","title":{"rendered":"Belisle super-x 330-2 Falle"},"content":{"rendered":"<p>Die Belisle-K\u00f6rperfallen verf\u00fcgen \u00fcber einen neu konzipierten, speziell abgerundeten Kiefer, der einen vollst\u00e4ndigen Verschluss im Magnum-Stil erm\u00f6glicht. Der einteilige Ausl\u00f6ser und die Sicherheitshaken, die an ihrem Platz bleiben, sind handgeschwei\u00dft. Es handelt sich um ein Qualit\u00e4tsprodukt. Da jeder Fallensteller eine individuelle Methode zur Einrichtung seiner 330er-Fallen hat, wird die Belisle 330 ohne befestigte Kette oder Kabel geliefert.   <\/p>\n<p>25,4 x 25,4 Zentimeter Kiefer\u00f6ffnung &#8211; doppelte Feder. Geeignet f\u00fcr Otter, Biber und \u00e4hnlich gro\u00dfe Kleintiere. <\/p>\n","protected":false},"excerpt":{"rendered":"<p>Die Belisle-K\u00f6rperfallen verf\u00fcgen \u00fcber einen neu konzipierten, speziell abgerundeten Kiefer, der einen vollst\u00e4ndigen Verschluss im Magnum-Stil erm\u00f6glicht. Der einteilige Ausl\u00f6ser und die Sicherheitshaken, die an ihrem Platz bleiben, sind handgeschwei\u00dft. Es handelt sich um ein Qualit\u00e4tsprodukt. Da jeder Fallensteller eine individuelle Methode zur Einrichtung seiner 330er-Fallen hat, wird die Belisle 330 ohne befestigte Kette oder [&#8230;]\n","protected":false},"featured_media":254507,"comment_status":"open","ping_status":"closed","template":"","meta":[],"product_brand":[],"product_cat":[2696,1410],"product_tag":[],"class_list":{"0":"post-281309","1":"product","2":"type-product","3":"status-publish","4":"has-post-thumbnail","6":"product_cat-fallor-och-fangsttillbehor","7":"product_cat-fallen-und-fallenzubehor","9":"first","10":"outofstock","11":"taxable","12":"shipping-taxable","13":"purchasable","14":"product-type-simple"},"composite_virtual":false,"composite_layout":"","composite_add_to_cart_form_location":"","composite_editable_in_cart":false,"composite_sold_individually_context":"","composite_shop_price_calc":"","composite_components":[],"composite_scenarios":[],"group_of_quantity":0,"min_quantity":0,"max_quantity":"","exclude_order_quantity_value_rules":"no","exclude_category_quantity_rules":"no","combine_variations":"no","exclude_global_add_ons":[],"addons":[],"_links":{"self":[{"href":"https:\/\/www.huntersfriend.eu\/de\/wp-json\/wp\/v2\/product\/281309","targetHints":{"allow":["GET"]}}],"collection":[{"href":"https:\/\/www.huntersfriend.eu\/de\/wp-json\/wp\/v2\/product"}],"about":[{"href":"https:\/\/www.huntersfriend.eu\/de\/wp-json\/wp\/v2\/types\/product"}],"replies":[{"embeddable":true,"href":"https:\/\/www.huntersfriend.eu\/de\/wp-json\/wp\/v2\/comments?post=281309"}],"wp:featuredmedia":[{"embeddable":true,"href":"https:\/\/www.huntersfriend.eu\/de\/wp-json\/wp\/v2\/media\/254507"}],"wp:attachment":[{"href":"https:\/\/www.huntersfriend.eu\/de\/wp-json\/wp\/v2\/media?parent=281309"}],"wp:term":[{"taxonomy":"product_brand","embeddable":true,"href":"https:\/\/www.huntersfriend.eu\/de\/wp-json\/wp\/v2\/product_brand?post=281309"},{"taxonomy":"product_cat","embeddable":true,"href":"https:\/\/www.huntersfriend.eu\/de\/wp-json\/wp\/v2\/product_cat?post=281309"},{"taxonomy":"product_tag","embeddable":true,"href":"https:\/\/www.huntersfriend.eu\/de\/wp-json\/wp\/v2\/product_tag?post=281309"}],"curies":[{"name":"wp","href":"https:\/\/api.w.org\/{rel}","templated":true}]}}