{"id":281303,"date":"2023-09-27T00:26:15","date_gmt":"2025-06-23T09:56:21","guid":{"rendered":"https:\/\/www.huntersfriend.eu\/product\/fleisch-suchender-rpg-flu-flu-pfeil\/"},"modified":"2026-03-26T13:44:19","modified_gmt":"2026-03-26T11:44:19","slug":"fleisch-suchender-rpg-flu-flu-pfeil","status":"publish","type":"product","link":"https:\/\/www.huntersfriend.eu\/de\/produkt\/fleisch-suchender-rpg-flu-flu-pfeil\/","title":{"rendered":"Fleisch-Suchender RPG Flu-Flu-Pfeil"},"content":{"rendered":"<p>Vorgefertigte Flu-Flu-Pfeile mit vier 4-Zoll nat\u00fcrlichen Federn (Farben k\u00f6nnen variieren) versetzt, unter Verwendung des Meat Seeker RPG 300-Schafts. Diese Konstruktion des Flu-Flu-Pfeils wird nach etwa 40-50 m Flug zu Boden fallen und Ihnen somit ausreichend Pfeilgeschwindigkeit f\u00fcr jene nahen fliegenden Ziele bieten. <\/p>\n<p>Sollten Sie eine andere Spine-St\u00e4rke f\u00fcr einen Recurve-Bogen ben\u00f6tigen, kontaktieren Sie uns bitte direkt und bestellen Sie unter info@huntersfriend.eu<\/p>\n<p>(Das Bild zeigt nicht den tats\u00e4chlichen Schaft)<\/p>\n","protected":false},"excerpt":{"rendered":"<p>Vorgefertigte Flu-Flu-Pfeile mit vier 4-Zoll nat\u00fcrlichen Federn (Farben k\u00f6nnen variieren) versetzt, unter Verwendung des Meat Seeker RPG 300-Schafts. Diese Konstruktion des Flu-Flu-Pfeils wird nach etwa 40-50 m Flug zu Boden fallen und Ihnen somit ausreichend Pfeilgeschwindigkeit f\u00fcr jene nahen fliegenden Ziele bieten. Sollten Sie eine andere Spine-St\u00e4rke f\u00fcr einen Recurve-Bogen ben\u00f6tigen, kontaktieren Sie uns bitte [&#8230;]\n","protected":false},"featured_media":256451,"comment_status":"open","ping_status":"closed","template":"","meta":[],"product_brand":[],"product_cat":[2867],"product_tag":[],"class_list":{"0":"post-281303","1":"product","2":"type-product","3":"status-publish","4":"has-post-thumbnail","6":"product_cat-bagfiske-flu-flu-pilar","8":"first","9":"onbackorder","10":"taxable","11":"shipping-taxable","12":"purchasable","13":"product-type-simple"},"composite_virtual":false,"composite_layout":"","composite_add_to_cart_form_location":"","composite_editable_in_cart":false,"composite_sold_individually_context":"","composite_shop_price_calc":"","composite_components":[],"composite_scenarios":[],"group_of_quantity":0,"min_quantity":0,"max_quantity":"","exclude_order_quantity_value_rules":"no","exclude_category_quantity_rules":"no","combine_variations":"no","exclude_global_add_ons":false,"addons":[{"name":"Zuschnitt","type":"multiple_choice","position":0,"required":true,"title_format":"label","default":"","description_enable":false,"description":null,"placeholder_enable":false,"placeholder":null,"display":"select","restrictions_type":"any_text","adjust_price":false,"price":"","price_type":"flat_fee","restrictions":false,"min":"0","max":"0","options":[{"label":"Nicht schneiden","price":"","price_type":"flat_fee","image":0,"visibility":true},{"label":"Bitte schneiden - f\u00fcgen Sie die gew\u00fcnschte L\u00e4nge im Infofeld beim Auschecken hinzu","price":"","price_type":"flat_fee","image":0,"visibility":true}]},{"name":"Eins\u00e4tze","type":"multiple_choice","position":1,"required":true,"title_format":"label","default":"","description_enable":false,"description":null,"placeholder_enable":false,"placeholder":null,"display":"select","restrictions_type":"any_text","adjust_price":false,"price":"","price_type":"flat_fee","restrictions":false,"min":"0","max":"0","options":[{"label":"Eins\u00e4tze installieren (Dies ist dauerhaft!)","price":"","price_type":"flat_fee","image":0,"visibility":true},{"label":"Eins\u00e4tze nicht installieren (lose beilegen)","price":"","price_type":"flat_fee","image":0,"visibility":true}]}],"_links":{"self":[{"href":"https:\/\/www.huntersfriend.eu\/de\/wp-json\/wp\/v2\/product\/281303","targetHints":{"allow":["GET"]}}],"collection":[{"href":"https:\/\/www.huntersfriend.eu\/de\/wp-json\/wp\/v2\/product"}],"about":[{"href":"https:\/\/www.huntersfriend.eu\/de\/wp-json\/wp\/v2\/types\/product"}],"replies":[{"embeddable":true,"href":"https:\/\/www.huntersfriend.eu\/de\/wp-json\/wp\/v2\/comments?post=281303"}],"wp:featuredmedia":[{"embeddable":true,"href":"https:\/\/www.huntersfriend.eu\/de\/wp-json\/wp\/v2\/media\/256451"}],"wp:attachment":[{"href":"https:\/\/www.huntersfriend.eu\/de\/wp-json\/wp\/v2\/media?parent=281303"}],"wp:term":[{"taxonomy":"product_brand","embeddable":true,"href":"https:\/\/www.huntersfriend.eu\/de\/wp-json\/wp\/v2\/product_brand?post=281303"},{"taxonomy":"product_cat","embeddable":true,"href":"https:\/\/www.huntersfriend.eu\/de\/wp-json\/wp\/v2\/product_cat?post=281303"},{"taxonomy":"product_tag","embeddable":true,"href":"https:\/\/www.huntersfriend.eu\/de\/wp-json\/wp\/v2\/product_tag?post=281303"}],"curies":[{"name":"wp","href":"https:\/\/api.w.org\/{rel}","templated":true}]}}