{"id":281302,"date":"2023-10-04T00:26:04","date_gmt":"2025-06-23T09:56:21","guid":{"rendered":"https:\/\/www.huntersfriend.eu\/product\/huntworth-ackley-latzhose\/"},"modified":"2025-09-10T18:38:40","modified_gmt":"2025-09-10T16:38:40","slug":"huntworth-ackley-latzhose","status":"publish","type":"product","link":"https:\/\/www.huntersfriend.eu\/de\/produkt\/huntworth-ackley-latzhose\/","title":{"rendered":"Huntworth Ackley Latzhose"},"content":{"rendered":"<p><strong>Die nicht isolierte Ackley Mikrofaser-Latzhose im Schneetarnmuster<\/strong> ist ideal, wenn Sie lediglich eine schnelle Tarnung f\u00fcr eine sp\u00e4tsaisonale Winterjagd ben\u00f6tigen. Gefertigt mit Huntworth\u02bcs winterwei\u00dfem Muster, sind die Schneetarn-Latzhosen mit einer wasserdichten Polyurethan-Beschichtung auf der robusten Mikrofaser-Au\u00dfenschicht konstruiert. Sie verf\u00fcgt \u00fcber 100% versiegelte N\u00e4hte zum Schutz vor Undichtigkeiten und ein glattes Polyesterfutter, das ein einfaches Anziehen erm\u00f6glicht.  <\/p>\n<p>Diese Latzhosen verf\u00fcgen \u00fcber Manschetten mit Klettverschl\u00fcssen f\u00fcr eine dichte Abdichtung und verstellbare Schultergurte f\u00fcr eine optimale Passform. Sie sind ger\u00e4umig geschnitten, um \u00fcber andere, nicht wasserdichte Kleidungsst\u00fccke getragen zu werden. Sie lassen sich ordentlich zusammenfalten, sodass Sie sie leicht verstauen k\u00f6nnen.  <\/p>\n<p>Die nicht isolierte Latzhose im Schneetarnmuster bietet Ihnen eine schnelle, wei\u00dfe Tarnung.<\/p>\n<h3><b>Eigenschaften:<\/b><\/h3>\n<ul>\n<li><strong>Au\u00dfenmaterial: <\/strong>Strapazierf\u00e4hige Mikrofaser-Au\u00dfenschicht mit Polyurethan-Beschichtung. 100% Polyester. <\/li>\n<li><strong>Futter: <\/strong>Polyesterfutter<\/li>\n<li><strong>Wasserdicht: <\/strong>100% wasserdicht mit versiegelten N\u00e4hten<\/li>\n<li><strong>Beine: <\/strong>Beinmanschetten verf\u00fcgen \u00fcber einen Verstellriemen mit Klettverschluss<\/li>\n<li><strong>Besonderheit: <\/strong>Elastischer R\u00fccken an der Taille und verstellbare Gurtb\u00e4nder<\/li>\n<li><strong>Gewicht des Kleidungsst\u00fccks: <\/strong>0,45 kg f\u00fcr Gr\u00f6\u00dfe XL.<\/li>\n<\/ul>\n","protected":false},"excerpt":{"rendered":"<p>Schneetarnmuster<\/p>\n","protected":false},"featured_media":255174,"comment_status":"open","ping_status":"closed","template":"","meta":[],"product_brand":[],"product_cat":[2230],"product_tag":[],"class_list":{"0":"post-281302","1":"product","2":"type-product","3":"status-publish","4":"has-post-thumbnail","6":"product_cat-latzhosen","8":"first","9":"outofstock","10":"taxable","11":"shipping-taxable","12":"purchasable","13":"product-type-variable"},"composite_virtual":false,"composite_layout":"","composite_add_to_cart_form_location":"","composite_editable_in_cart":false,"composite_sold_individually_context":"","composite_shop_price_calc":"","composite_components":[],"composite_scenarios":[],"group_of_quantity":0,"min_quantity":0,"max_quantity":"","exclude_order_quantity_value_rules":"no","exclude_category_quantity_rules":"no","combine_variations":"no","exclude_global_add_ons":[],"addons":[],"_links":{"self":[{"href":"https:\/\/www.huntersfriend.eu\/de\/wp-json\/wp\/v2\/product\/281302","targetHints":{"allow":["GET"]}}],"collection":[{"href":"https:\/\/www.huntersfriend.eu\/de\/wp-json\/wp\/v2\/product"}],"about":[{"href":"https:\/\/www.huntersfriend.eu\/de\/wp-json\/wp\/v2\/types\/product"}],"replies":[{"embeddable":true,"href":"https:\/\/www.huntersfriend.eu\/de\/wp-json\/wp\/v2\/comments?post=281302"}],"wp:featuredmedia":[{"embeddable":true,"href":"https:\/\/www.huntersfriend.eu\/de\/wp-json\/wp\/v2\/media\/255174"}],"wp:attachment":[{"href":"https:\/\/www.huntersfriend.eu\/de\/wp-json\/wp\/v2\/media?parent=281302"}],"wp:term":[{"taxonomy":"product_brand","embeddable":true,"href":"https:\/\/www.huntersfriend.eu\/de\/wp-json\/wp\/v2\/product_brand?post=281302"},{"taxonomy":"product_cat","embeddable":true,"href":"https:\/\/www.huntersfriend.eu\/de\/wp-json\/wp\/v2\/product_cat?post=281302"},{"taxonomy":"product_tag","embeddable":true,"href":"https:\/\/www.huntersfriend.eu\/de\/wp-json\/wp\/v2\/product_tag?post=281302"}],"curies":[{"name":"wp","href":"https:\/\/api.w.org\/{rel}","templated":true}]}}