{"id":281300,"date":"2023-09-22T11:35:24","date_gmt":"2025-06-23T09:56:20","guid":{"rendered":"https:\/\/www.huntersfriend.eu\/product\/scott-archery-summit-ausloesegeraet\/"},"modified":"2025-06-23T11:56:20","modified_gmt":"2025-06-23T09:56:20","slug":"scott-archery-summit-ausloesegeraet","status":"publish","type":"product","link":"https:\/\/www.huntersfriend.eu\/de\/produkt\/scott-archery-summit-ausloesegeraet\/","title":{"rendered":"Scott Archery Summit Ausl\u00f6seger\u00e4t"},"content":{"rendered":"<p>Der Summit bietet allen Bogensch\u00fctzen au\u00dfergew\u00f6hnlichen Wert und einfache Handhabung. Als offener Hakenschnurroller mit Daumenknopf erm\u00f6glicht der Summit den Bogensch\u00fctzen, ihren Schie\u00dfstil zu erweitern, ohne das Budget zu \u00fcberlasten. Der Summit zeichnet sich durch ein erstklassiges, pr\u00e4zises Triggergef\u00fchl und eine automatische Hakenr\u00fcckf\u00fchrung aus und verf\u00fcgt \u00fcber einen einstellbaren Triggerweg f\u00fcr ein individuelles Gef\u00fchl. Der Summit verf\u00fcgt \u00fcber einen komfortablen, ergonomischen Vierfinger-Griff mit einer im Lieferumfang enthaltenen Handgelenkschlaufe.   <\/p>\n<h2><span style=\"font-size: 75%\">Eigenschaften:<\/span><\/h2>\n<ul>\n<li>Offener Hakenschnurroller mit Daumenknopf-Ausl\u00f6ser<\/li>\n<li>Automatische Hakenr\u00fcckf\u00fchrung<\/li>\n<li>Handgelenkschlaufe inbegriffen<\/li>\n<\/ul>\n","protected":false},"excerpt":{"rendered":"<p>Der Summit bietet allen Bogensch\u00fctzen au\u00dfergew\u00f6hnlichen Wert und einfache Handhabung. Als offener Hakenschnurroller mit Daumenknopf erm\u00f6glicht der Summit den Bogensch\u00fctzen, ihren Schie\u00dfstil zu erweitern, ohne das Budget zu \u00fcberlasten. Der Summit zeichnet sich durch ein erstklassiges, pr\u00e4zises Triggergef\u00fchl und eine automatische Hakenr\u00fcckf\u00fchrung aus und verf\u00fcgt \u00fcber einen einstellbaren Triggerweg f\u00fcr ein individuelles Gef\u00fchl. Der Summit [&#8230;]\n","protected":false},"featured_media":254620,"comment_status":"open","ping_status":"closed","template":"","meta":[],"product_brand":[],"product_cat":[1094],"product_tag":[],"class_list":{"0":"post-281300","1":"product","2":"type-product","3":"status-publish","4":"has-post-thumbnail","6":"product_cat-hand-release","8":"first","9":"instock","10":"taxable","11":"shipping-taxable","12":"purchasable","13":"product-type-simple"},"composite_virtual":false,"composite_layout":"","composite_add_to_cart_form_location":"","composite_editable_in_cart":false,"composite_sold_individually_context":"","composite_shop_price_calc":"","composite_components":[],"composite_scenarios":[],"group_of_quantity":0,"min_quantity":0,"max_quantity":"","exclude_order_quantity_value_rules":"no","exclude_category_quantity_rules":"no","combine_variations":"no","exclude_global_add_ons":[],"addons":[],"_links":{"self":[{"href":"https:\/\/www.huntersfriend.eu\/de\/wp-json\/wp\/v2\/product\/281300","targetHints":{"allow":["GET"]}}],"collection":[{"href":"https:\/\/www.huntersfriend.eu\/de\/wp-json\/wp\/v2\/product"}],"about":[{"href":"https:\/\/www.huntersfriend.eu\/de\/wp-json\/wp\/v2\/types\/product"}],"replies":[{"embeddable":true,"href":"https:\/\/www.huntersfriend.eu\/de\/wp-json\/wp\/v2\/comments?post=281300"}],"wp:featuredmedia":[{"embeddable":true,"href":"https:\/\/www.huntersfriend.eu\/de\/wp-json\/wp\/v2\/media\/254620"}],"wp:attachment":[{"href":"https:\/\/www.huntersfriend.eu\/de\/wp-json\/wp\/v2\/media?parent=281300"}],"wp:term":[{"taxonomy":"product_brand","embeddable":true,"href":"https:\/\/www.huntersfriend.eu\/de\/wp-json\/wp\/v2\/product_brand?post=281300"},{"taxonomy":"product_cat","embeddable":true,"href":"https:\/\/www.huntersfriend.eu\/de\/wp-json\/wp\/v2\/product_cat?post=281300"},{"taxonomy":"product_tag","embeddable":true,"href":"https:\/\/www.huntersfriend.eu\/de\/wp-json\/wp\/v2\/product_tag?post=281300"}],"curies":[{"name":"wp","href":"https:\/\/api.w.org\/{rel}","templated":true}]}}