{"id":281296,"date":"2023-10-04T00:26:02","date_gmt":"2025-06-23T09:56:19","guid":{"rendered":"https:\/\/www.huntersfriend.eu\/product\/huntworth-ackley-jacke\/"},"modified":"2025-12-26T23:17:51","modified_gmt":"2025-12-26T21:17:51","slug":"huntworth-ackley-jacke","status":"publish","type":"product","link":"https:\/\/www.huntersfriend.eu\/de\/produkt\/huntworth-ackley-jacke\/","title":{"rendered":"Huntworth Ackley Jacke"},"content":{"rendered":"<p><strong>Die nicht isolierte Ackley Mikrofaserjacke im Schneetarn-Muster<\/strong> ist ideal, wenn Sie lediglich eine schnelle Tarnung f\u00fcr eine sp\u00e4tsaisonale Winterjagd ben\u00f6tigen. Die im winterwei\u00dfen Muster von Huntworth gefertigte Schneetarn-Jacke ist mit einer wasserdichten Polyurethan-Beschichtung auf der strapazierf\u00e4higen Mikrofaserh\u00fclle konstruiert. Sie verf\u00fcgt \u00fcber 100% verschwei\u00dfte N\u00e4hte zur Abdichtung gegen Lecks und ein glattes Polyesterfutter, das es erleichtert, sie \u00fcber eine andere Jacke zu ziehen.  <\/p>\n<p>Die Jacke verf\u00fcgt \u00fcber zwei gro\u00dfe seitliche Rei\u00dfverschlusstaschen zur Aufbewahrung Ihrer Ausr\u00fcstung, eine verstellbare Kapuze und einen Kordelzug am Saum, der eine individuelle Passform erm\u00f6glicht. Sie ist ger\u00e4umig geschnitten, um \u00fcber andere nicht wasserdichte Kleidungsst\u00fccke zu passen. Sie l\u00e4sst sich ordentlich zusammenfalten, um sie leicht in einem Rucksack zu verstauen.  <\/p>\n<p>Die nicht isolierte Jacke im Schneetarn-Muster bietet Ihnen eine schnelle wei\u00dfe Tarnung.<\/p>\n<h3><b>Eigenschaften:<\/b><\/h3>\n<ul>\n<li><strong>Obermaterial: <\/strong>Strapazierf\u00e4hige Mikrofaserh\u00fclle mit Polyurethan-Beschichtung. 100% Polyester. <\/li>\n<li><strong>Futter: <\/strong>Polyesterfutter<\/li>\n<li><strong>Wasserdicht: <\/strong>100% wasserdicht mit versiegelten N\u00e4hten<\/li>\n<li><strong>Kapuze: <\/strong>Verstellbare 3-teilige Kapuze mit elastischer Kordel im Kapuzensaum und verstellbarem Riemen in der Mitte des R\u00fcckens mit Klettverschluss<\/li>\n<li><strong>Sturmklappe: <\/strong>Einfache Sturmklappe mit Klettverschl\u00fcssen<\/li>\n<li><strong>Taschen: <\/strong>Zwei Seitentaschen mit Sturmklappe\/Druckknopfverschluss<\/li>\n<li><strong>Gewicht des Kleidungsst\u00fccks:<\/strong> 0,5 kg f\u00fcr Gr\u00f6\u00dfe XL.<\/li>\n<\/ul>\n","protected":false},"excerpt":{"rendered":"<p>Schneetarnmuster<\/p>\n","protected":false},"featured_media":255190,"comment_status":"open","ping_status":"closed","template":"","meta":[],"product_brand":[],"product_cat":[1384],"product_tag":[],"class_list":{"0":"post-281296","1":"product","2":"type-product","3":"status-publish","4":"has-post-thumbnail","6":"product_cat-jacken","8":"first","9":"instock","10":"taxable","11":"shipping-taxable","12":"purchasable","13":"product-type-variable"},"composite_virtual":false,"composite_layout":"","composite_add_to_cart_form_location":"","composite_editable_in_cart":false,"composite_sold_individually_context":"","composite_shop_price_calc":"","composite_components":[],"composite_scenarios":[],"group_of_quantity":0,"min_quantity":0,"max_quantity":"","exclude_order_quantity_value_rules":"no","exclude_category_quantity_rules":"no","combine_variations":"no","exclude_global_add_ons":[],"addons":[],"_links":{"self":[{"href":"https:\/\/www.huntersfriend.eu\/de\/wp-json\/wp\/v2\/product\/281296","targetHints":{"allow":["GET"]}}],"collection":[{"href":"https:\/\/www.huntersfriend.eu\/de\/wp-json\/wp\/v2\/product"}],"about":[{"href":"https:\/\/www.huntersfriend.eu\/de\/wp-json\/wp\/v2\/types\/product"}],"replies":[{"embeddable":true,"href":"https:\/\/www.huntersfriend.eu\/de\/wp-json\/wp\/v2\/comments?post=281296"}],"wp:featuredmedia":[{"embeddable":true,"href":"https:\/\/www.huntersfriend.eu\/de\/wp-json\/wp\/v2\/media\/255190"}],"wp:attachment":[{"href":"https:\/\/www.huntersfriend.eu\/de\/wp-json\/wp\/v2\/media?parent=281296"}],"wp:term":[{"taxonomy":"product_brand","embeddable":true,"href":"https:\/\/www.huntersfriend.eu\/de\/wp-json\/wp\/v2\/product_brand?post=281296"},{"taxonomy":"product_cat","embeddable":true,"href":"https:\/\/www.huntersfriend.eu\/de\/wp-json\/wp\/v2\/product_cat?post=281296"},{"taxonomy":"product_tag","embeddable":true,"href":"https:\/\/www.huntersfriend.eu\/de\/wp-json\/wp\/v2\/product_tag?post=281296"}],"curies":[{"name":"wp","href":"https:\/\/api.w.org\/{rel}","templated":true}]}}