{"id":281295,"date":"2023-09-22T11:00:30","date_gmt":"2023-09-22T09:00:30","guid":{"rendered":"https:\/\/www.huntersfriend.eu\/product\/endanflug-hd-vollkoerper-gaenselockvogel-aufrechtes-set\/"},"modified":"2025-08-01T05:06:08","modified_gmt":"2025-08-01T03:06:08","slug":"endanflug-hd-vollkoerper-gaenselockvogel-aufrechtes-set","status":"publish","type":"product","link":"https:\/\/www.huntersfriend.eu\/de\/produkt\/endanflug-hd-vollkoerper-gaenselockvogel-aufrechtes-set\/","title":{"rendered":"Endanflug HD Vollk\u00f6rper-G\u00e4nselockvogel aufrechtes Set"},"content":{"rendered":"<p>Der HD Honker hat sich im Laufe der Jahre zu einem Favoriten unter den Enthusiasten entwickelt und wurde nun sogar noch verbessert! Dieses Lockvogel-Modell ist jetzt mit dem Zero Gravity Motion System ausgestattet, welches es dem Decoy erm\u00f6glicht, sich bei leichtem Wind in allen Achsen zu bewegen. Das Gummiband kann von der Basis entfernt werden, um an windschwachen Tagen noch mehr Bewegung zu erm\u00f6glichen. Diese Lockv\u00f6gel sind mit robusten quadratischen Basen ausgestattet, die sich im Wind nicht umkippen, und eine doppelte Kopfverriegelung sorgt f\u00fcr eine wesentlich st\u00e4rkere Verbindung, um den Kopf sicher befestigt zu halten. Dieses Set enth\u00e4lt 2 Wachposten und 2 ruhende Exemplare.    <\/p>\n<h2><span style=\"font-size: 75%\">Merkmale: <\/span><\/h2>\n<ul>\n<li>Zero Gravity Motion System<\/li>\n<li>Doppelte Verriegelung des Kopfanschlusses<\/li>\n<li>Beflockte K\u00f6pfe<\/li>\n<li>Zweiteiliges Design<\/li>\n<li>Quadratische Basen<\/li>\n<li>4er-Set: 2 Wachposten und 2 ruhende Exemplare<\/li>\n<\/ul>\n<p><strong>Achtung: Online-Bestellungen sind auf einen Karton pro Bestellung begrenzt. F\u00fcr gr\u00f6\u00dfere Mengen kontaktieren Sie bitte direkt den Kundenservice, um Informationen \u00fcber Lieferkosten zu erhalten. <\/strong><\/p>\n","protected":false},"excerpt":{"rendered":"<p>Der HD Honker hat sich im Laufe der Jahre zu einem Favoriten unter den Enthusiasten entwickelt und wurde nun sogar noch verbessert! Dieses Lockvogel-Modell ist jetzt mit dem Zero Gravity Motion System ausgestattet, welches es dem Decoy erm\u00f6glicht, sich bei leichtem Wind in allen Achsen zu bewegen. Das Gummiband kann von der Basis entfernt werden, [&#8230;]\n","protected":false},"featured_media":254623,"comment_status":"open","ping_status":"closed","template":"","meta":[],"product_brand":[],"product_cat":[1145],"product_tag":[],"class_list":{"0":"post-281295","1":"product","2":"type-product","3":"status-publish","4":"has-post-thumbnail","6":"product_cat-sonstiges","7":"product_shipping_class-big-de","9":"first","10":"outofstock","11":"taxable","12":"shipping-taxable","13":"purchasable","14":"product-type-simple"},"composite_virtual":false,"composite_layout":"","composite_add_to_cart_form_location":"","composite_editable_in_cart":false,"composite_sold_individually_context":"","composite_shop_price_calc":"","composite_components":[],"composite_scenarios":[],"group_of_quantity":0,"min_quantity":0,"max_quantity":"","exclude_order_quantity_value_rules":"no","exclude_category_quantity_rules":"no","combine_variations":"no","exclude_global_add_ons":[],"addons":[],"_links":{"self":[{"href":"https:\/\/www.huntersfriend.eu\/de\/wp-json\/wp\/v2\/product\/281295","targetHints":{"allow":["GET"]}}],"collection":[{"href":"https:\/\/www.huntersfriend.eu\/de\/wp-json\/wp\/v2\/product"}],"about":[{"href":"https:\/\/www.huntersfriend.eu\/de\/wp-json\/wp\/v2\/types\/product"}],"replies":[{"embeddable":true,"href":"https:\/\/www.huntersfriend.eu\/de\/wp-json\/wp\/v2\/comments?post=281295"}],"wp:featuredmedia":[{"embeddable":true,"href":"https:\/\/www.huntersfriend.eu\/de\/wp-json\/wp\/v2\/media\/254623"}],"wp:attachment":[{"href":"https:\/\/www.huntersfriend.eu\/de\/wp-json\/wp\/v2\/media?parent=281295"}],"wp:term":[{"taxonomy":"product_brand","embeddable":true,"href":"https:\/\/www.huntersfriend.eu\/de\/wp-json\/wp\/v2\/product_brand?post=281295"},{"taxonomy":"product_cat","embeddable":true,"href":"https:\/\/www.huntersfriend.eu\/de\/wp-json\/wp\/v2\/product_cat?post=281295"},{"taxonomy":"product_tag","embeddable":true,"href":"https:\/\/www.huntersfriend.eu\/de\/wp-json\/wp\/v2\/product_tag?post=281295"}],"curies":[{"name":"wp","href":"https:\/\/api.w.org\/{rel}","templated":true}]}}